{"id":6923,"date":"2023-12-28T20:16:19","date_gmt":"2023-12-28T20:16:19","guid":{"rendered":"https:\/\/elouedshop.com\/?post_type=product&#038;p=6923"},"modified":"2025-01-06T15:38:44","modified_gmt":"2025-01-06T15:38:44","slug":"khadija-la-mere-des-croyants","status":"publish","type":"product","link":"https:\/\/elouedshop.com\/?product=khadija-la-mere-des-croyants","title":{"rendered":"Khadija &#8211; La M\u00e8re des Croyants"},"content":{"rendered":"<p>Khadija bint Khuwaylid (entre 555 et 560-619 \u00e0 La Mecque) est la premi\u00e8re \u00e9pouse du proph\u00e8te de l&rsquo;islam, Mohamed (paix et b\u00e9n\u00e9dictions sur lui). Elle est consid\u00e9r\u00e9e, dans la religion musulmane, comme \u00e9tant \u00ab la m\u00e8re des croyants \u00bb, tout comme,par la suite, les autres femmes du proph\u00e8te.<\/p>\n","protected":false},"excerpt":{"rendered":"<p>Khadija bint Khuwaylid (entre 555 et 560-619 \u00e0 La Mecque) est la premi\u00e8re \u00e9pouse du proph\u00e8te de l&rsquo;islam, Mohamed (paix et b\u00e9n\u00e9dictions sur lui). Elle est consid\u00e9r\u00e9e, dans la religion musulmane, comme \u00e9tant \u00ab la m\u00e8re des croyants \u00bb, tout comme,par la suite, les autres femmes du proph\u00e8te.<\/p>\n","protected":false},"featured_media":2267,"template":"","meta":[],"product_brand":[],"product_cat":[65,66,25,21],"product_tag":[],"class_list":{"0":"post-6923","1":"product","2":"type-product","3":"status-publish","4":"has-post-thumbnail","6":"product_cat-biographies","7":"product_cat-compagnons","8":"product_cat-femmes","9":"product_cat-livre","10":"description-off","12":"first","13":"instock","14":"shipping-taxable","15":"purchasable","16":"product-type-simple"},"jetpack_sharing_enabled":true,"_links":{"self":[{"href":"https:\/\/elouedshop.com\/index.php?rest_route=\/wp\/v2\/product\/6923","targetHints":{"allow":["GET"]}}],"collection":[{"href":"https:\/\/elouedshop.com\/index.php?rest_route=\/wp\/v2\/product"}],"about":[{"href":"https:\/\/elouedshop.com\/index.php?rest_route=\/wp\/v2\/types\/product"}],"wp:featuredmedia":[{"embeddable":true,"href":"https:\/\/elouedshop.com\/index.php?rest_route=\/wp\/v2\/media\/2267"}],"wp:attachment":[{"href":"https:\/\/elouedshop.com\/index.php?rest_route=%2Fwp%2Fv2%2Fmedia&parent=6923"}],"wp:term":[{"taxonomy":"product_brand","embeddable":true,"href":"https:\/\/elouedshop.com\/index.php?rest_route=%2Fwp%2Fv2%2Fproduct_brand&post=6923"},{"taxonomy":"product_cat","embeddable":true,"href":"https:\/\/elouedshop.com\/index.php?rest_route=%2Fwp%2Fv2%2Fproduct_cat&post=6923"},{"taxonomy":"product_tag","embeddable":true,"href":"https:\/\/elouedshop.com\/index.php?rest_route=%2Fwp%2Fv2%2Fproduct_tag&post=6923"}],"curies":[{"name":"wp","href":"https:\/\/api.w.org\/{rel}","templated":true}]}}