{"id":6922,"date":"2023-12-28T20:16:17","date_gmt":"2023-12-28T20:16:17","guid":{"rendered":"https:\/\/elouedshop.com\/?post_type=product&#038;p=6922"},"modified":"2023-12-28T20:16:38","modified_gmt":"2023-12-28T20:16:38","slug":"hafsa-la-mere-des-croyants","status":"publish","type":"product","link":"https:\/\/elouedshop.com\/?product=hafsa-la-mere-des-croyants","title":{"rendered":"Hafsa &#8211; La m\u00e8re des croyants"},"content":{"rendered":"<p>La mission de la femme musulmane d&rsquo;aujourd&rsquo;hui prend sa source dans cette grande responsabilit\u00e9 qui lui est inh\u00e9rente. Les diff\u00e9rents aspects de la vie sont imbriqu\u00e9s, ses sentiers sont difficiles \u00e0 pratiquer; il est obligatoire pour elle de comprendre son r\u00f4le immense dont l&rsquo;Islam la charge. Elle commettrait une grave erreur de penser que sa mission se cantonne \u00e0 ses devoirs limit\u00e9s au sein de son foyer, comme pr\u00e9parer le repas, la boisson et l&rsquo;habitat. Certes la mission que l&rsquo;Islam lui attribue est beaucoup plus illustre que cela.<\/p>\n","protected":false},"excerpt":{"rendered":"<p>La mission de la femme musulmane d&rsquo;aujourd&rsquo;hui prend sa source dans cette grande responsabilit\u00e9 qui lui est inh\u00e9rente. Les diff\u00e9rents aspects de la vie sont imbriqu\u00e9s, ses sentiers sont difficiles \u00e0 pratiquer; il est obligatoire pour elle de comprendre son r\u00f4le immense dont l&rsquo;Islam la charge. Elle commettrait une grave erreur de penser que sa&hellip;<\/p>\n","protected":false},"featured_media":2254,"template":"","meta":[],"product_brand":[],"product_cat":[65,66,25,21],"product_tag":[],"class_list":{"0":"post-6922","1":"product","2":"type-product","3":"status-publish","4":"has-post-thumbnail","6":"product_cat-biographies","7":"product_cat-compagnons","8":"product_cat-femmes","9":"product_cat-livre","10":"description-off","12":"first","13":"instock","14":"shipping-taxable","15":"purchasable","16":"product-type-simple"},"jetpack_sharing_enabled":true,"_links":{"self":[{"href":"https:\/\/elouedshop.com\/index.php?rest_route=\/wp\/v2\/product\/6922","targetHints":{"allow":["GET"]}}],"collection":[{"href":"https:\/\/elouedshop.com\/index.php?rest_route=\/wp\/v2\/product"}],"about":[{"href":"https:\/\/elouedshop.com\/index.php?rest_route=\/wp\/v2\/types\/product"}],"wp:featuredmedia":[{"embeddable":true,"href":"https:\/\/elouedshop.com\/index.php?rest_route=\/wp\/v2\/media\/2254"}],"wp:attachment":[{"href":"https:\/\/elouedshop.com\/index.php?rest_route=%2Fwp%2Fv2%2Fmedia&parent=6922"}],"wp:term":[{"taxonomy":"product_brand","embeddable":true,"href":"https:\/\/elouedshop.com\/index.php?rest_route=%2Fwp%2Fv2%2Fproduct_brand&post=6922"},{"taxonomy":"product_cat","embeddable":true,"href":"https:\/\/elouedshop.com\/index.php?rest_route=%2Fwp%2Fv2%2Fproduct_cat&post=6922"},{"taxonomy":"product_tag","embeddable":true,"href":"https:\/\/elouedshop.com\/index.php?rest_route=%2Fwp%2Fv2%2Fproduct_tag&post=6922"}],"curies":[{"name":"wp","href":"https:\/\/api.w.org\/{rel}","templated":true}]}}