{"id":6919,"date":"2023-12-28T20:12:43","date_gmt":"2023-12-28T20:12:43","guid":{"rendered":"https:\/\/elouedshop.com\/?post_type=product&#038;p=6919"},"modified":"2023-12-28T20:13:41","modified_gmt":"2023-12-28T20:13:41","slug":"sagesses-sur-le-couple-pour-des-relations-epanouies","status":"publish","type":"product","link":"https:\/\/elouedshop.com\/?product=sagesses-sur-le-couple-pour-des-relations-epanouies","title":{"rendered":"Sagesses sur le couple : pour des relations \u00e9panouies"},"content":{"rendered":"<p>J\u2019ai le plaisir de vous pr\u00e9senter ce modeste ouvrage afin de partager avec vous quelques sagesses et r\u00e9flexions sur les relations de couple et le cheminement spirituel. En tant que th\u00e9rapeute de couple et de famille, j\u2019ai l\u2019honneur d\u2019accompagner des personnes depuis un peu plus de 15 ans aujourd\u2019hui et ces milliers de rencontres m&rsquo;ont non seulement fait grandir, mais aussi permis d\u2019\u00e9voluer dans ma perception des choses, des difficult\u00e9s et des souffrances que vivent certaines personnes dans leur relation.Je pense sinc\u00e8rement qu\u2019il est possible de r\u00e9ussir ses relations et d\u2019\u00eatre \u00e9panoui dans sa vie, quelque soit les \u00e9preuves rencontr\u00e9es.<\/p>\n<p>Pour r\u00e9ussir \u00e0 atteindre ses objectifs, il est important de prendre conscience de certains \u00e9l\u00e9ments et d\u2019\u00eatre dans une dynamique de changement et d\u2019acceptation. Je partage avec vous dans ce livre,subdivis\u00e9 en 17 chapitres,quelques \u00e9l\u00e9ments de r\u00e9ponse, en esp\u00e9rant que cette lecture vous soit profitable.<\/p>\n<p>Qu&rsquo;Allah vous aime encore et encore plus et qu\u2019Il exauce vos souhaits.<\/p>\n","protected":false},"excerpt":{"rendered":"<p>J\u2019ai le plaisir de vous pr\u00e9senter ce modeste ouvrage afin de partager avec vous quelques sagesses et r\u00e9flexions sur les relations de couple et le cheminement spirituel. En tant que th\u00e9rapeute de couple et de famille, j\u2019ai l\u2019honneur d\u2019accompagner des personnes depuis un peu plus de 15 ans aujourd\u2019hui et ces milliers de rencontres m&rsquo;ont&hellip;<\/p>\n","protected":false},"featured_media":2023,"template":"","meta":[],"product_brand":[],"product_cat":[21,46],"product_tag":[],"class_list":{"0":"post-6919","1":"product","2":"type-product","3":"status-publish","4":"has-post-thumbnail","6":"product_cat-livre","7":"product_cat-mariage-couple","8":"description-off","10":"first","11":"instock","12":"shipping-taxable","13":"purchasable","14":"product-type-simple"},"jetpack_sharing_enabled":true,"_links":{"self":[{"href":"https:\/\/elouedshop.com\/index.php?rest_route=\/wp\/v2\/product\/6919","targetHints":{"allow":["GET"]}}],"collection":[{"href":"https:\/\/elouedshop.com\/index.php?rest_route=\/wp\/v2\/product"}],"about":[{"href":"https:\/\/elouedshop.com\/index.php?rest_route=\/wp\/v2\/types\/product"}],"wp:featuredmedia":[{"embeddable":true,"href":"https:\/\/elouedshop.com\/index.php?rest_route=\/wp\/v2\/media\/2023"}],"wp:attachment":[{"href":"https:\/\/elouedshop.com\/index.php?rest_route=%2Fwp%2Fv2%2Fmedia&parent=6919"}],"wp:term":[{"taxonomy":"product_brand","embeddable":true,"href":"https:\/\/elouedshop.com\/index.php?rest_route=%2Fwp%2Fv2%2Fproduct_brand&post=6919"},{"taxonomy":"product_cat","embeddable":true,"href":"https:\/\/elouedshop.com\/index.php?rest_route=%2Fwp%2Fv2%2Fproduct_cat&post=6919"},{"taxonomy":"product_tag","embeddable":true,"href":"https:\/\/elouedshop.com\/index.php?rest_route=%2Fwp%2Fv2%2Fproduct_tag&post=6919"}],"curies":[{"name":"wp","href":"https:\/\/api.w.org\/{rel}","templated":true}]}}