{"id":6911,"date":"2023-12-28T20:08:39","date_gmt":"2023-12-28T20:08:39","guid":{"rendered":"https:\/\/elouedshop.com\/?post_type=product&#038;p=6911"},"modified":"2024-01-10T20:06:11","modified_gmt":"2024-01-10T20:06:11","slug":"jaime-mes-parents","status":"publish","type":"product","link":"https:\/\/elouedshop.com\/?product=jaime-mes-parents","title":{"rendered":"J\u2019aime mes parents"},"content":{"rendered":"<p>Aujourd\u2019hui, tu vas retrouver tes personnages pr\u00e9f\u00e9r\u00e9s dans une nouvelle histoire \u00e9mouvante et pleine de sagesse, dont le sujet est l\u2019importance d\u2019aimer et de respecter ses parents. As-tu d\u00e9j\u00e0 ressenti de la col\u00e8re envers tes parents ? Eh bien Mohammed aussi ! Tu d\u00e9couvriras \u00e0 travers cette belle histoire la raison de sa col\u00e8re et son \u00e9tonnante rencontre qui lui a fait prendre conscience de l\u2019importance des parents. Une histoire qui peut arriver \u00e0 n\u2019importe qui ! Comme d\u2019habitude, le livre est plein d\u2019illustrations captivantes, accompagn\u00e9es de textes adapt\u00e9s \u00e0 l\u2019\u00e2ge de l\u2019enfant, sp\u00e9cialement con\u00e7us pour faciliter l\u2019autonomie et l\u2019apprentissage des petits. Un livre de 64 pages, avec couverture cartonn\u00e9e, qui explique l\u2019importance de l\u2019amour envers les parents. Les personnages sont sans visage afin de d\u00e9velopper l\u2019imagination et la cr\u00e9ativit\u00e9 des enfants \u00e0 l\u2019infini<\/p>\n","protected":false},"excerpt":{"rendered":"<p>Aujourd\u2019hui, tu vas retrouver tes personnages pr\u00e9f\u00e9r\u00e9s dans une nouvelle histoire \u00e9mouvante et pleine de sagesse, dont le sujet est l\u2019importance d\u2019aimer et de respecter ses parents. As-tu d\u00e9j\u00e0 ressenti de la col\u00e8re envers tes parents ? Eh bien Mohammed aussi ! Tu d\u00e9couvriras \u00e0 travers cette belle histoire la raison de sa col\u00e8re et&hellip;<\/p>\n","protected":false},"featured_media":1882,"template":"","meta":[],"product_brand":[],"product_cat":[181,24,21],"product_tag":[],"class_list":{"0":"post-6911","1":"product","2":"type-product","3":"status-publish","4":"has-post-thumbnail","6":"product_cat-education-religieuse","7":"product_cat-enfants","8":"product_cat-livre","9":"description-off","11":"first","12":"instock","13":"shipping-taxable","14":"purchasable","15":"product-type-simple"},"jetpack_sharing_enabled":true,"_links":{"self":[{"href":"https:\/\/elouedshop.com\/index.php?rest_route=\/wp\/v2\/product\/6911","targetHints":{"allow":["GET"]}}],"collection":[{"href":"https:\/\/elouedshop.com\/index.php?rest_route=\/wp\/v2\/product"}],"about":[{"href":"https:\/\/elouedshop.com\/index.php?rest_route=\/wp\/v2\/types\/product"}],"wp:featuredmedia":[{"embeddable":true,"href":"https:\/\/elouedshop.com\/index.php?rest_route=\/wp\/v2\/media\/1882"}],"wp:attachment":[{"href":"https:\/\/elouedshop.com\/index.php?rest_route=%2Fwp%2Fv2%2Fmedia&parent=6911"}],"wp:term":[{"taxonomy":"product_brand","embeddable":true,"href":"https:\/\/elouedshop.com\/index.php?rest_route=%2Fwp%2Fv2%2Fproduct_brand&post=6911"},{"taxonomy":"product_cat","embeddable":true,"href":"https:\/\/elouedshop.com\/index.php?rest_route=%2Fwp%2Fv2%2Fproduct_cat&post=6911"},{"taxonomy":"product_tag","embeddable":true,"href":"https:\/\/elouedshop.com\/index.php?rest_route=%2Fwp%2Fv2%2Fproduct_tag&post=6911"}],"curies":[{"name":"wp","href":"https:\/\/api.w.org\/{rel}","templated":true}]}}