{"id":6907,"date":"2023-12-28T19:45:09","date_gmt":"2023-12-28T19:45:09","guid":{"rendered":"https:\/\/elouedshop.com\/?post_type=product&#038;p=6907"},"modified":"2023-12-28T19:45:40","modified_gmt":"2023-12-28T19:45:40","slug":"histoires-des-compagnons-et-des-pieux-predecesseurs-dibn-al-jawzi","status":"publish","type":"product","link":"https:\/\/elouedshop.com\/?product=histoires-des-compagnons-et-des-pieux-predecesseurs-dibn-al-jawzi","title":{"rendered":"Histoires des compagnons et des pieux-pr\u00e9d\u00e9cesseurs d&rsquo;Ibn Al Jawzi"},"content":{"rendered":"<p>L&rsquo;histoire des compagnons et des pieux-pr\u00e9d\u00e9cesseurs<\/p>\n<p>Cet ouvrage est la traduction du r\u00e9sum\u00e9 de Sifatu-Safwa (Les Qualit\u00e9s des \u00c9lites), un chef-d\u2019\u0153uvre de l\u2019illustre savant Ibn Al-Jawz\u00ee. Il fait partie des plus c\u00e9l\u00e8bres ouvrages r\u00e9dig\u00e9s dans la th\u00e9matique de la biographie des compagnons et des pieux pr\u00e9d\u00e9cesseurs qui sont \u00e9galement les plus grands d\u00e9vots et asc\u00e8tes de cette communaut\u00e9.<\/p>\n<p>L\u2019auteur s\u2019est efforc\u00e9 de mettre au grand jour certaines de leurs vertus, paroles et sagesses ainsi que les aspects fabuleux de leur adoration.<\/p>\n<p>Tout au long de sa lecture, en parcourant les r\u00e9cits de la vie de nos pieux pr\u00e9d\u00e9cesseurs, le lecteur r\u00e9alisera combien ces derniers s\u2019\u00e9taient d\u00e9tach\u00e9s de la vie terrestre et \u00e0 quel point ils consacr\u00e8rent chaque instant de leur vie pour assurer leur salut dans l\u2019au-del\u00e0 en r\u00e9pandant le message du Proph\u00e8te Muhammad (PBDSL).<\/p>\n","protected":false},"excerpt":{"rendered":"<p>L&rsquo;histoire des compagnons et des pieux-pr\u00e9d\u00e9cesseurs Cet ouvrage est la traduction du r\u00e9sum\u00e9 de Sifatu-Safwa (Les Qualit\u00e9s des \u00c9lites), un chef-d\u2019\u0153uvre de l\u2019illustre savant Ibn Al-Jawz\u00ee. Il fait partie des plus c\u00e9l\u00e8bres ouvrages r\u00e9dig\u00e9s dans la th\u00e9matique de la biographie des compagnons et des pieux pr\u00e9d\u00e9cesseurs qui sont \u00e9galement les plus grands d\u00e9vots et asc\u00e8tes&hellip;<\/p>\n","protected":false},"featured_media":1746,"template":"","meta":[],"product_brand":[],"product_cat":[65,66,21],"product_tag":[],"class_list":{"0":"post-6907","1":"product","2":"type-product","3":"status-publish","4":"has-post-thumbnail","6":"product_cat-biographies","7":"product_cat-compagnons","8":"product_cat-livre","9":"description-off","11":"first","12":"instock","13":"shipping-taxable","14":"purchasable","15":"product-type-simple"},"jetpack_sharing_enabled":true,"_links":{"self":[{"href":"https:\/\/elouedshop.com\/index.php?rest_route=\/wp\/v2\/product\/6907","targetHints":{"allow":["GET"]}}],"collection":[{"href":"https:\/\/elouedshop.com\/index.php?rest_route=\/wp\/v2\/product"}],"about":[{"href":"https:\/\/elouedshop.com\/index.php?rest_route=\/wp\/v2\/types\/product"}],"wp:featuredmedia":[{"embeddable":true,"href":"https:\/\/elouedshop.com\/index.php?rest_route=\/wp\/v2\/media\/1746"}],"wp:attachment":[{"href":"https:\/\/elouedshop.com\/index.php?rest_route=%2Fwp%2Fv2%2Fmedia&parent=6907"}],"wp:term":[{"taxonomy":"product_brand","embeddable":true,"href":"https:\/\/elouedshop.com\/index.php?rest_route=%2Fwp%2Fv2%2Fproduct_brand&post=6907"},{"taxonomy":"product_cat","embeddable":true,"href":"https:\/\/elouedshop.com\/index.php?rest_route=%2Fwp%2Fv2%2Fproduct_cat&post=6907"},{"taxonomy":"product_tag","embeddable":true,"href":"https:\/\/elouedshop.com\/index.php?rest_route=%2Fwp%2Fv2%2Fproduct_tag&post=6907"}],"curies":[{"name":"wp","href":"https:\/\/api.w.org\/{rel}","templated":true}]}}