{"id":6844,"date":"2023-12-27T19:58:40","date_gmt":"2023-12-27T19:58:40","guid":{"rendered":"https:\/\/elouedshop.com\/?post_type=product&#038;p=6844"},"modified":"2023-12-27T19:58:40","modified_gmt":"2023-12-27T19:58:40","slug":"la-voie-du-petit-musulman-tome-3","status":"publish","type":"product","link":"https:\/\/elouedshop.com\/?product=la-voie-du-petit-musulman-tome-3","title":{"rendered":"La Voie du petit Musulman &#8211; Tome 3"},"content":{"rendered":"","protected":false},"excerpt":{"rendered":"<p><strong>Nouvelle \u00e9dition revue et augment\u00e9e (\u00c0 partir de 7 ans)<\/strong><\/p>\n<p>Explorez la nouvelle \u00e9dition de La Voie du Petit Musulman (Tome 3), revue, corrig\u00e9e et enrichie. Destin\u00e9e aux jeunes de 7 ans et plus, ce livre p\u00e9dagogique offre une approche compl\u00e8te de la connaissance de l&rsquo;islam. Avec des chapitres d\u00e9di\u00e9s aux piliers de la foi, aux piliers de l&rsquo;islam, \u00e0 la Sira, aux histoires des proph\u00e8tes, au bon comportement, aux invocations et au Coran, ce programme encourage les enfants \u00e0 comprendre et \u00e0 pratiquer leur religion de mani\u00e8re agr\u00e9able et qualitative<\/p>\n","protected":false},"featured_media":6845,"template":"","meta":[],"product_brand":[],"product_cat":[181,24,21],"product_tag":[],"class_list":{"0":"post-6844","1":"product","2":"type-product","3":"status-publish","4":"has-post-thumbnail","6":"product_cat-education-religieuse","7":"product_cat-enfants","8":"product_cat-livre","9":"description-off","11":"first","12":"instock","13":"shipping-taxable","14":"purchasable","15":"product-type-simple"},"jetpack_sharing_enabled":true,"_links":{"self":[{"href":"https:\/\/elouedshop.com\/index.php?rest_route=\/wp\/v2\/product\/6844","targetHints":{"allow":["GET"]}}],"collection":[{"href":"https:\/\/elouedshop.com\/index.php?rest_route=\/wp\/v2\/product"}],"about":[{"href":"https:\/\/elouedshop.com\/index.php?rest_route=\/wp\/v2\/types\/product"}],"wp:featuredmedia":[{"embeddable":true,"href":"https:\/\/elouedshop.com\/index.php?rest_route=\/wp\/v2\/media\/6845"}],"wp:attachment":[{"href":"https:\/\/elouedshop.com\/index.php?rest_route=%2Fwp%2Fv2%2Fmedia&parent=6844"}],"wp:term":[{"taxonomy":"product_brand","embeddable":true,"href":"https:\/\/elouedshop.com\/index.php?rest_route=%2Fwp%2Fv2%2Fproduct_brand&post=6844"},{"taxonomy":"product_cat","embeddable":true,"href":"https:\/\/elouedshop.com\/index.php?rest_route=%2Fwp%2Fv2%2Fproduct_cat&post=6844"},{"taxonomy":"product_tag","embeddable":true,"href":"https:\/\/elouedshop.com\/index.php?rest_route=%2Fwp%2Fv2%2Fproduct_tag&post=6844"}],"curies":[{"name":"wp","href":"https:\/\/api.w.org\/{rel}","templated":true}]}}