{"id":6842,"date":"2023-12-27T19:54:03","date_gmt":"2023-12-27T19:54:03","guid":{"rendered":"https:\/\/elouedshop.com\/?post_type=product&#038;p=6842"},"modified":"2023-12-27T19:54:04","modified_gmt":"2023-12-27T19:54:04","slug":"comprendre-les-noms-dallah","status":"publish","type":"product","link":"https:\/\/elouedshop.com\/?product=comprendre-les-noms-dallah","title":{"rendered":"Comprendre les noms d&rsquo;Allah"},"content":{"rendered":"","protected":false},"excerpt":{"rendered":"<p>La mission du croyant sur cette terre est d\u2019adorer son Cr\u00e9ateur. Cette adoration ne peut se concr\u00e9tiser que s\u2019il conna\u00eet son Seigneur. Or, Allah se fait conna\u00eetre \u00e0 nous par Sa r\u00e9v\u00e9lation qui nous informe, entre autre, des noms et des attributs du Ma\u00eetre de l\u2019Univers.<\/p>\n<div>Ces noms divins constituent la voie du cheminement spirituel des musulmans car ils leur permettent de mieux cerner la transcendance divine et ainsi, de vouer le culte le plus parfait. Comprendre les noms d\u2019Allah, c\u2019est mieux Le conna\u00eetre et ainsi, mieux l\u2019adorer. C\u2019est donc comprendre pour appliquer ensuite dans notre quotidien, dans nos adorations, et surtout dans notre cheminement spirituel qui n\u2019a d\u2019autre finalit\u00e9 que la connaissance de notre Cr\u00e9ateur.<\/p>\n<div><\/div>\n<div>Abd al-Razz\u00e2q al-Badr<\/div>\n<\/div>\n","protected":false},"featured_media":6843,"template":"","meta":[],"product_brand":[],"product_cat":[80,21,164],"product_tag":[],"class_list":{"0":"post-6842","1":"product","2":"type-product","3":"status-publish","4":"has-post-thumbnail","6":"product_cat-dogme","7":"product_cat-livre","8":"product_cat-noms-attributs-divins","9":"description-off","11":"first","12":"instock","13":"shipping-taxable","14":"purchasable","15":"product-type-simple"},"jetpack_sharing_enabled":true,"_links":{"self":[{"href":"https:\/\/elouedshop.com\/index.php?rest_route=\/wp\/v2\/product\/6842","targetHints":{"allow":["GET"]}}],"collection":[{"href":"https:\/\/elouedshop.com\/index.php?rest_route=\/wp\/v2\/product"}],"about":[{"href":"https:\/\/elouedshop.com\/index.php?rest_route=\/wp\/v2\/types\/product"}],"wp:featuredmedia":[{"embeddable":true,"href":"https:\/\/elouedshop.com\/index.php?rest_route=\/wp\/v2\/media\/6843"}],"wp:attachment":[{"href":"https:\/\/elouedshop.com\/index.php?rest_route=%2Fwp%2Fv2%2Fmedia&parent=6842"}],"wp:term":[{"taxonomy":"product_brand","embeddable":true,"href":"https:\/\/elouedshop.com\/index.php?rest_route=%2Fwp%2Fv2%2Fproduct_brand&post=6842"},{"taxonomy":"product_cat","embeddable":true,"href":"https:\/\/elouedshop.com\/index.php?rest_route=%2Fwp%2Fv2%2Fproduct_cat&post=6842"},{"taxonomy":"product_tag","embeddable":true,"href":"https:\/\/elouedshop.com\/index.php?rest_route=%2Fwp%2Fv2%2Fproduct_tag&post=6842"}],"curies":[{"name":"wp","href":"https:\/\/api.w.org\/{rel}","templated":true}]}}