{"id":6822,"date":"2023-12-26T23:05:10","date_gmt":"2023-12-26T23:05:10","guid":{"rendered":"https:\/\/elouedshop.com\/?post_type=product&#038;p=6822"},"modified":"2023-12-26T23:05:10","modified_gmt":"2023-12-26T23:05:10","slug":"la-ceremonie-du-mariage","status":"publish","type":"product","link":"https:\/\/elouedshop.com\/?product=la-ceremonie-du-mariage","title":{"rendered":"La c\u00e9r\u00e9monie du mariage"},"content":{"rendered":"","protected":false},"excerpt":{"rendered":"<p>Le mariage constitue une \u00e9tape cl\u00e9 de la vie des croyants. Il est donc imp\u00e9ratif que la b\u00e9n\u00e9diction divine couvre ce grand \u00e9v\u00e9nement et pour cela, les r\u00e8gles d\u00e9finies par les textes doivent \u00eatre respect\u00e9es durant les diff\u00e9rentes \u00e9tapes du mariage<\/p>\n","protected":false},"featured_media":6823,"template":"","meta":[],"product_brand":[],"product_cat":[25,21,46],"product_tag":[],"class_list":{"0":"post-6822","1":"product","2":"type-product","3":"status-publish","4":"has-post-thumbnail","6":"product_cat-femmes","7":"product_cat-livre","8":"product_cat-mariage-couple","9":"description-off","11":"first","12":"instock","13":"shipping-taxable","14":"purchasable","15":"product-type-simple"},"jetpack_sharing_enabled":true,"_links":{"self":[{"href":"https:\/\/elouedshop.com\/index.php?rest_route=\/wp\/v2\/product\/6822","targetHints":{"allow":["GET"]}}],"collection":[{"href":"https:\/\/elouedshop.com\/index.php?rest_route=\/wp\/v2\/product"}],"about":[{"href":"https:\/\/elouedshop.com\/index.php?rest_route=\/wp\/v2\/types\/product"}],"wp:featuredmedia":[{"embeddable":true,"href":"https:\/\/elouedshop.com\/index.php?rest_route=\/wp\/v2\/media\/6823"}],"wp:attachment":[{"href":"https:\/\/elouedshop.com\/index.php?rest_route=%2Fwp%2Fv2%2Fmedia&parent=6822"}],"wp:term":[{"taxonomy":"product_brand","embeddable":true,"href":"https:\/\/elouedshop.com\/index.php?rest_route=%2Fwp%2Fv2%2Fproduct_brand&post=6822"},{"taxonomy":"product_cat","embeddable":true,"href":"https:\/\/elouedshop.com\/index.php?rest_route=%2Fwp%2Fv2%2Fproduct_cat&post=6822"},{"taxonomy":"product_tag","embeddable":true,"href":"https:\/\/elouedshop.com\/index.php?rest_route=%2Fwp%2Fv2%2Fproduct_tag&post=6822"}],"curies":[{"name":"wp","href":"https:\/\/api.w.org\/{rel}","templated":true}]}}