{"id":6771,"date":"2023-12-26T20:42:11","date_gmt":"2023-12-26T20:42:11","guid":{"rendered":"https:\/\/elouedshop.com\/?post_type=product&#038;p=6771"},"modified":"2023-12-26T20:42:11","modified_gmt":"2023-12-26T20:42:11","slug":"lespoir-face-aux-epreuves","status":"publish","type":"product","link":"https:\/\/elouedshop.com\/?product=lespoir-face-aux-epreuves","title":{"rendered":"L\u2019espoir face aux \u00e9preuves"},"content":{"rendered":"","protected":false},"excerpt":{"rendered":"<p>Ce livre autobiographique est le r\u00e9cit poignant et \u00e9mouvant d\u2019une jeune femme musulmane qui a travers\u00e9 nombre d\u2019\u00e9preuves et v\u00e9cu des difficult\u00e9s hors du commun. \u00c9prouv\u00e9e dans sa sant\u00e9 physique et mentale, Amel a endur\u00e9 parmi les douleurs les plus dures que l\u2019on puisse vivre : de longues et p\u00e9nibles ann\u00e9es de maladies, de souffrances, d\u2019incompr\u00e9hensions, de malentendus, de visites chez des m\u00e9decins sp\u00e9cialistes, de diagnostics erron\u00e9s, d\u2019incomp\u00e9tences m\u00e9dicales, d\u2019hospitalisations, de remises en question, mais aussi des moments d\u2019espoir, de d\u00e9couvertes de soi et de foi, de soutien familial et d\u2019amour.<\/p>\n","protected":false},"featured_media":6772,"template":"","meta":[],"product_brand":[],"product_cat":[151,157,21],"product_tag":[],"class_list":{"0":"post-6771","1":"product","2":"type-product","3":"status-publish","4":"has-post-thumbnail","6":"product_cat-education-spiritualite","7":"product_cat-essais-reflexions","8":"product_cat-livre","9":"description-off","11":"first","12":"instock","13":"shipping-taxable","14":"purchasable","15":"product-type-simple"},"jetpack_sharing_enabled":true,"_links":{"self":[{"href":"https:\/\/elouedshop.com\/index.php?rest_route=\/wp\/v2\/product\/6771","targetHints":{"allow":["GET"]}}],"collection":[{"href":"https:\/\/elouedshop.com\/index.php?rest_route=\/wp\/v2\/product"}],"about":[{"href":"https:\/\/elouedshop.com\/index.php?rest_route=\/wp\/v2\/types\/product"}],"wp:featuredmedia":[{"embeddable":true,"href":"https:\/\/elouedshop.com\/index.php?rest_route=\/wp\/v2\/media\/6772"}],"wp:attachment":[{"href":"https:\/\/elouedshop.com\/index.php?rest_route=%2Fwp%2Fv2%2Fmedia&parent=6771"}],"wp:term":[{"taxonomy":"product_brand","embeddable":true,"href":"https:\/\/elouedshop.com\/index.php?rest_route=%2Fwp%2Fv2%2Fproduct_brand&post=6771"},{"taxonomy":"product_cat","embeddable":true,"href":"https:\/\/elouedshop.com\/index.php?rest_route=%2Fwp%2Fv2%2Fproduct_cat&post=6771"},{"taxonomy":"product_tag","embeddable":true,"href":"https:\/\/elouedshop.com\/index.php?rest_route=%2Fwp%2Fv2%2Fproduct_tag&post=6771"}],"curies":[{"name":"wp","href":"https:\/\/api.w.org\/{rel}","templated":true}]}}