{"id":6741,"date":"2023-12-26T14:33:05","date_gmt":"2023-12-26T14:33:05","guid":{"rendered":"https:\/\/elouedshop.com\/?post_type=product&#038;p=6741"},"modified":"2023-12-26T20:09:29","modified_gmt":"2023-12-26T20:09:29","slug":"la-medecine-du-prophete-muhammad-pbdsl","status":"publish","type":"product","link":"https:\/\/elouedshop.com\/?product=la-medecine-du-prophete-muhammad-pbdsl","title":{"rendered":"La m\u00e9decine du Proph\u00e8te Muhammad (PBDSL)"},"content":{"rendered":"<p>La sant\u00e9, dans une perspective islamique, a un aspect divin. La sant\u00e9 est un d\u00e9p\u00f4t que tout musulman doit utiliser pour son propre \u00e9panouissement, celui de sa religion et de sa communaut\u00e9. De ce fait, l&rsquo;action du Proph\u00e8te Muhammad (PBDSL) ne s&rsquo;est pas limit\u00e9e \u00e0 la r\u00e9v\u00e9lation coranique ; le Proph\u00e8te (PBDSL) a assur\u00e9ment travaill\u00e9 l&rsquo;espace social en m\u00eame temps que l&rsquo;espace religieux, afin de construire un projet de soci\u00e9t\u00e9 irr\u00e9versible dans l&rsquo;espace et dans le temps. La m\u00e9decine fut, au c\u0153ur de ce projet, un moyen efficace et une n\u00e9cessit\u00e9 absolue. En effet, le Proph\u00e8te de l&rsquo;islam, Muhammad (PBDSL), avait donn\u00e9 \u00e0 la m\u00e9decine ses v\u00e9ritables lettres de noblesse, car il \u00e9tait le Proph\u00e8te-m\u00e9decin avec toute la rigueur et la rationalit\u00e9 du terme.<\/p>\n<p>Le Proph\u00e8te (PBDSL) nous disait il y a quatorze si\u00e8cles : \u00ab Dieu n&rsquo;a pas envoy\u00e9 de maladie sans en fournir de rem\u00e8de, un rem\u00e8de \u00e0 la port\u00e9e de l&rsquo;homme, connu ou inconnu. \u00bb<\/p>\n<p>Quel bel encouragement et quelle grande rationalit\u00e9 de la part du Proph\u00e8te de l&rsquo;humanit\u00e9 (PBDSL) qui fut le ma\u00eetre fondateur du d\u00e9veloppement r\u00e9el v\u00e9cu par l&rsquo;Homme !<\/p>\n<p>La m\u00e9decine proph\u00e9tique, dans notre ouvrage, fait r\u00e9f\u00e9rence \u00e0 la m\u00e9decine et aux pratiques m\u00e9dicales \u00e9labor\u00e9es au temps du Proph\u00e8te Muhammad (PBDSL). Elle est fond\u00e9e sur des enseignements \u00e0 partir du saint Coran et de la Sunna. Elle couvre divers aspects de la sant\u00e9 et de la maladie dans la vie humaine, lesquels sont r\u00e9partis en trois divisions scientifiques :<\/p>\n<ul>\n<li>la premi\u00e8re comprend les principes fondamentaux de la m\u00e9decine en tant que science et application pratique ;<\/li>\n<li>la seconde traite des m\u00e9dicaments et des aliments ;<\/li>\n<li>la troisi\u00e8me indique le traitement des maladies.<\/li>\n<\/ul>\n<p>Cet ouvrage propose \u00e0 qui le souhaite d&rsquo;int\u00e9grer les bonnes pratiques d&rsquo;une culture islamique et un \u00ab art de vivre \u00bb, enseign\u00e9s par le Proph\u00e8te Muhammad (PBDSL) au sein d&rsquo;un projet de soci\u00e9t\u00e9, afin de r\u00e9tablir la communaut\u00e9 saine, juste et cr\u00e9atrice voulue par Dieu sur terre.<\/p>\n<p>Dans ce livre, les versets coraniques sont \u00e9galement cit\u00e9s en langue arabe.<\/p>\n","protected":false},"excerpt":{"rendered":"<p>La sant\u00e9, dans une perspective islamique, a un aspect divin. La sant\u00e9 est un d\u00e9p\u00f4t que tout musulman doit utiliser pour son propre \u00e9panouissement, celui de sa religion et de sa communaut\u00e9. De ce fait, l&rsquo;action du Proph\u00e8te Muhammad (PBDSL) ne s&rsquo;est pas limit\u00e9e \u00e0 la r\u00e9v\u00e9lation coranique ; le Proph\u00e8te (PBDSL) a assur\u00e9ment travaill\u00e9&hellip;<\/p>\n","protected":false},"featured_media":987,"template":"","meta":[],"product_brand":[],"product_cat":[68,21,61,49,70],"product_tag":[],"class_list":{"0":"post-6741","1":"product","2":"type-product","3":"status-publish","4":"has-post-thumbnail","6":"product_cat-histoires-prophetes","7":"product_cat-livre","8":"product_cat-sante-et-dietetique","9":"product_cat-sante-et-medecine","10":"product_cat-vie-du-prophete-saw","11":"description-off","13":"first","14":"instock","15":"shipping-taxable","16":"purchasable","17":"product-type-simple"},"jetpack_sharing_enabled":true,"_links":{"self":[{"href":"https:\/\/elouedshop.com\/index.php?rest_route=\/wp\/v2\/product\/6741","targetHints":{"allow":["GET"]}}],"collection":[{"href":"https:\/\/elouedshop.com\/index.php?rest_route=\/wp\/v2\/product"}],"about":[{"href":"https:\/\/elouedshop.com\/index.php?rest_route=\/wp\/v2\/types\/product"}],"wp:featuredmedia":[{"embeddable":true,"href":"https:\/\/elouedshop.com\/index.php?rest_route=\/wp\/v2\/media\/987"}],"wp:attachment":[{"href":"https:\/\/elouedshop.com\/index.php?rest_route=%2Fwp%2Fv2%2Fmedia&parent=6741"}],"wp:term":[{"taxonomy":"product_brand","embeddable":true,"href":"https:\/\/elouedshop.com\/index.php?rest_route=%2Fwp%2Fv2%2Fproduct_brand&post=6741"},{"taxonomy":"product_cat","embeddable":true,"href":"https:\/\/elouedshop.com\/index.php?rest_route=%2Fwp%2Fv2%2Fproduct_cat&post=6741"},{"taxonomy":"product_tag","embeddable":true,"href":"https:\/\/elouedshop.com\/index.php?rest_route=%2Fwp%2Fv2%2Fproduct_tag&post=6741"}],"curies":[{"name":"wp","href":"https:\/\/api.w.org\/{rel}","templated":true}]}}