{"id":6732,"date":"2023-12-26T14:22:14","date_gmt":"2023-12-26T14:22:14","guid":{"rendered":"https:\/\/elouedshop.com\/?post_type=product&#038;p=6732"},"modified":"2023-12-26T14:23:54","modified_gmt":"2023-12-26T14:23:54","slug":"nouveau-depart-avec-mon-epouse-2","status":"publish","type":"product","link":"https:\/\/elouedshop.com\/?product=nouveau-depart-avec-mon-epouse-2","title":{"rendered":"Nouveau d\u00e9part avec mon \u00e9pouse"},"content":{"rendered":"<p style=\"font-weight: 400;\">Ce livre a pour ambition d\u2019exposer mais aussi de corriger les erreurs les plus souvent commises lors des d\u00e9marches du pr\u00e9tendant, de la c\u00e9r\u00e9monie du mariage te de la vie conjugale quotidienne.<\/p>\n<p style=\"font-weight: 400;\">Pour que la vie de couple ne soit plus une routine ni un calvaire ou un passage oblig\u00e9 dans la vie du musulman, mais plut\u00f4t une voie vers le paradis et un moyen d\u2019y acc\u00e9der par la volont\u00e9 d\u2019Allah.<\/p>\n","protected":false},"excerpt":{"rendered":"<p>Ce livre a pour ambition d\u2019exposer mais aussi de corriger les erreurs les plus souvent commises lors des d\u00e9marches du pr\u00e9tendant, de la c\u00e9r\u00e9monie du mariage te de la vie conjugale quotidienne. Pour que la vie de couple ne soit plus une routine ni un calvaire ou un passage oblig\u00e9 dans la vie du musulman,&hellip;<\/p>\n","protected":false},"featured_media":6733,"template":"","meta":[],"product_brand":[],"product_cat":[21,46],"product_tag":[],"class_list":{"0":"post-6732","1":"product","2":"type-product","3":"status-publish","4":"has-post-thumbnail","6":"product_cat-livre","7":"product_cat-mariage-couple","8":"description-off","10":"first","11":"instock","12":"shipping-taxable","13":"purchasable","14":"product-type-simple"},"jetpack_sharing_enabled":true,"_links":{"self":[{"href":"https:\/\/elouedshop.com\/index.php?rest_route=\/wp\/v2\/product\/6732","targetHints":{"allow":["GET"]}}],"collection":[{"href":"https:\/\/elouedshop.com\/index.php?rest_route=\/wp\/v2\/product"}],"about":[{"href":"https:\/\/elouedshop.com\/index.php?rest_route=\/wp\/v2\/types\/product"}],"wp:featuredmedia":[{"embeddable":true,"href":"https:\/\/elouedshop.com\/index.php?rest_route=\/wp\/v2\/media\/6733"}],"wp:attachment":[{"href":"https:\/\/elouedshop.com\/index.php?rest_route=%2Fwp%2Fv2%2Fmedia&parent=6732"}],"wp:term":[{"taxonomy":"product_brand","embeddable":true,"href":"https:\/\/elouedshop.com\/index.php?rest_route=%2Fwp%2Fv2%2Fproduct_brand&post=6732"},{"taxonomy":"product_cat","embeddable":true,"href":"https:\/\/elouedshop.com\/index.php?rest_route=%2Fwp%2Fv2%2Fproduct_cat&post=6732"},{"taxonomy":"product_tag","embeddable":true,"href":"https:\/\/elouedshop.com\/index.php?rest_route=%2Fwp%2Fv2%2Fproduct_tag&post=6732"}],"curies":[{"name":"wp","href":"https:\/\/api.w.org\/{rel}","templated":true}]}}