{"id":6730,"date":"2023-12-26T14:19:45","date_gmt":"2023-12-26T14:19:45","guid":{"rendered":"https:\/\/elouedshop.com\/?post_type=product&#038;p=6730"},"modified":"2023-12-26T14:49:22","modified_gmt":"2023-12-26T14:49:22","slug":"nouveau-depart-avec-mon-mari","status":"publish","type":"product","link":"https:\/\/elouedshop.com\/?product=nouveau-depart-avec-mon-mari","title":{"rendered":"Nouveau d\u00e9part avec mon mari"},"content":{"rendered":"<p>Ce livre a comme vocation de faire prendre conscience aux Musulmanes de leur responsabilit\u00e9 en tant qu\u2019\u00e9pouse et de leur r\u00f4le primordial dans la stabilit\u00e9 et le bien-\u00eatre du foyer musulman.<\/p>\n<p>Il a \u00e9galement pour ambition non seulement d\u2019exposer mais aussi et surtout de corriger les erreurs les plus souvent commises par les \u00e9pouses envers leurs maris. Nous conseillons aux \u00e9pouses et aux s\u0153urs qui voudraient se marier bient\u00f4t, qui souhaitent que leur vie conjugale soit la plus agr\u00e9able possible et d\u00e9sirent faire de leur foyer un havre de paix et d\u2019amour, de profiter des pr\u00e9cieux conseils que contient cet ouvrage, pour que le mariage bienheureux ne soit plus un r\u00eave ou un but inaccessible mais une r\u00e9alit\u00e9 concr\u00e8te et un bonheur quotidien\u2026<\/p>\n<p>Pour que la vie conjugale ne soit plus une routine ni un calvaire ou un \u201cpassage oblig\u00e9\u201d dans la vie de la Musulmane, mais plut\u00f4t une voie vers le Paradis et un moyen d\u2019y acc\u00e9der par la volont\u00e9 d\u2019Allah (SAW).<\/p>\n","protected":false},"excerpt":{"rendered":"<p>Ce livre a comme vocation de faire prendre conscience aux Musulmanes de leur responsabilit\u00e9 en tant qu\u2019\u00e9pouse et de leur r\u00f4le primordial dans la stabilit\u00e9 et le bien-\u00eatre du foyer musulman. Il a \u00e9galement pour ambition non seulement d\u2019exposer mais aussi et surtout de corriger les erreurs les plus souvent commises par les \u00e9pouses envers&hellip;<\/p>\n","protected":false},"featured_media":6731,"template":"","meta":[],"product_brand":[],"product_cat":[25,21,46],"product_tag":[],"class_list":{"0":"post-6730","1":"product","2":"type-product","3":"status-publish","4":"has-post-thumbnail","6":"product_cat-femmes","7":"product_cat-livre","8":"product_cat-mariage-couple","9":"description-off","11":"first","12":"instock","13":"shipping-taxable","14":"purchasable","15":"product-type-simple"},"jetpack_sharing_enabled":true,"_links":{"self":[{"href":"https:\/\/elouedshop.com\/index.php?rest_route=\/wp\/v2\/product\/6730","targetHints":{"allow":["GET"]}}],"collection":[{"href":"https:\/\/elouedshop.com\/index.php?rest_route=\/wp\/v2\/product"}],"about":[{"href":"https:\/\/elouedshop.com\/index.php?rest_route=\/wp\/v2\/types\/product"}],"wp:featuredmedia":[{"embeddable":true,"href":"https:\/\/elouedshop.com\/index.php?rest_route=\/wp\/v2\/media\/6731"}],"wp:attachment":[{"href":"https:\/\/elouedshop.com\/index.php?rest_route=%2Fwp%2Fv2%2Fmedia&parent=6730"}],"wp:term":[{"taxonomy":"product_brand","embeddable":true,"href":"https:\/\/elouedshop.com\/index.php?rest_route=%2Fwp%2Fv2%2Fproduct_brand&post=6730"},{"taxonomy":"product_cat","embeddable":true,"href":"https:\/\/elouedshop.com\/index.php?rest_route=%2Fwp%2Fv2%2Fproduct_cat&post=6730"},{"taxonomy":"product_tag","embeddable":true,"href":"https:\/\/elouedshop.com\/index.php?rest_route=%2Fwp%2Fv2%2Fproduct_tag&post=6730"}],"curies":[{"name":"wp","href":"https:\/\/api.w.org\/{rel}","templated":true}]}}