{"id":6723,"date":"2023-12-26T14:12:38","date_gmt":"2023-12-26T14:12:38","guid":{"rendered":"https:\/\/elouedshop.com\/?post_type=product&#038;p=6723"},"modified":"2023-12-26T14:13:17","modified_gmt":"2023-12-26T14:13:17","slug":"comment-reussir-son-mariage-30-conseils-du-prophete","status":"publish","type":"product","link":"https:\/\/elouedshop.com\/?product=comment-reussir-son-mariage-30-conseils-du-prophete","title":{"rendered":"Comment r\u00e9ussir son mariage, 30 conseils du Proph\u00e8te"},"content":{"rendered":"<p>Auparavant, tout le monde se pr\u00e9occupait de l&rsquo;\u00e9ducation des enfants: la famille, les voisins, les enseignants etc. Cependant, aujourd&rsquo;hui, dans la plupart de nos soci\u00e9t\u00e9s mat\u00e9rialistes et individualistes, seuls les parents sont impliqu\u00e9s dans l&rsquo;\u00e9ducation. On comprend donc que le mariage, fondement du foyer, prenne une importance encore plus capitale.<\/p>\n<p>Le mariage constitue une \u00e9tape cl\u00e9 dans la vie et le cheminement des croyants. Mais dans le m\u00eame temps, cette union est une adoration par laquelle on se rapproche d&rsquo;Allah. L&rsquo;importance du mariage implique donc que les musulmans ne peuvent se permettre de l&rsquo;entreprendre sans pr\u00e9paration, savoir et conseils.<\/p>\n<p>C&rsquo;est ce que l&rsquo;auteur entreprend de faire: octroyer une formation indispensable aux jeunes et futurs mari\u00e9s \u00e0 travers des conseils fondamentaux que tous les croyants se doivent de conna\u00eetre et de mettre en pratique pour poser les bases les plus saines possibles de leur union et de leur vie de couple. Ces pr\u00e9cieux conseils sont argumentes de versets coraniques, de hadiths proph\u00e9tiques et d&rsquo;explications savantes dans l&rsquo;optique de donner la meilleur formation possible.<\/p>\n","protected":false},"excerpt":{"rendered":"<p>Auparavant, tout le monde se pr\u00e9occupait de l&rsquo;\u00e9ducation des enfants: la famille, les voisins, les enseignants etc. Cependant, aujourd&rsquo;hui, dans la plupart de nos soci\u00e9t\u00e9s mat\u00e9rialistes et individualistes, seuls les parents sont impliqu\u00e9s dans l&rsquo;\u00e9ducation. On comprend donc que le mariage, fondement du foyer, prenne une importance encore plus capitale. Le mariage constitue une \u00e9tape&hellip;<\/p>\n","protected":false},"featured_media":6724,"template":"","meta":[],"product_brand":[],"product_cat":[25,21,46],"product_tag":[],"class_list":{"0":"post-6723","1":"product","2":"type-product","3":"status-publish","4":"has-post-thumbnail","6":"product_cat-femmes","7":"product_cat-livre","8":"product_cat-mariage-couple","9":"description-off","11":"first","12":"instock","13":"shipping-taxable","14":"purchasable","15":"product-type-simple"},"jetpack_sharing_enabled":true,"_links":{"self":[{"href":"https:\/\/elouedshop.com\/index.php?rest_route=\/wp\/v2\/product\/6723","targetHints":{"allow":["GET"]}}],"collection":[{"href":"https:\/\/elouedshop.com\/index.php?rest_route=\/wp\/v2\/product"}],"about":[{"href":"https:\/\/elouedshop.com\/index.php?rest_route=\/wp\/v2\/types\/product"}],"wp:featuredmedia":[{"embeddable":true,"href":"https:\/\/elouedshop.com\/index.php?rest_route=\/wp\/v2\/media\/6724"}],"wp:attachment":[{"href":"https:\/\/elouedshop.com\/index.php?rest_route=%2Fwp%2Fv2%2Fmedia&parent=6723"}],"wp:term":[{"taxonomy":"product_brand","embeddable":true,"href":"https:\/\/elouedshop.com\/index.php?rest_route=%2Fwp%2Fv2%2Fproduct_brand&post=6723"},{"taxonomy":"product_cat","embeddable":true,"href":"https:\/\/elouedshop.com\/index.php?rest_route=%2Fwp%2Fv2%2Fproduct_cat&post=6723"},{"taxonomy":"product_tag","embeddable":true,"href":"https:\/\/elouedshop.com\/index.php?rest_route=%2Fwp%2Fv2%2Fproduct_tag&post=6723"}],"curies":[{"name":"wp","href":"https:\/\/api.w.org\/{rel}","templated":true}]}}