{"id":6720,"date":"2023-12-26T14:11:13","date_gmt":"2023-12-26T14:11:13","guid":{"rendered":"https:\/\/elouedshop.com\/?post_type=product&#038;p=6720"},"modified":"2023-12-26T14:12:06","modified_gmt":"2023-12-26T14:12:06","slug":"ne-sois-pas-triste-allah-est-ton-seigneur","status":"publish","type":"product","link":"https:\/\/elouedshop.com\/?product=ne-sois-pas-triste-allah-est-ton-seigneur","title":{"rendered":"Ne sois pas triste, Allah est ton Seigneur"},"content":{"rendered":"<p>Allah a cr\u00e9\u00e9 l\u2019homme et la femme et les a dispos\u00e9s \u00e0 de multiples natures : entre col\u00e8re et douceur, empressement et patience, rire et pleurs, tristesse et joie. La tristesse est une nature humaine, qui est permise en certaines circonstances et r\u00e9prouv\u00e9e en d\u2019autres.<\/p>\n<p>Qui analyse aujourd\u2019hui la condition de nombreuses personnes trouvera que, parmi elles, certaines portent une tristesse qui les m\u00e8ne au d\u00e9sespoir et \u00e0 la frustration, et entra\u00eene un stress qui les abat physiquement et les afflige moralement. C\u2019est la raison pour laquelle j\u2019ai d\u00e9cid\u00e9, en cherchant l\u2019aide aupr\u00e8s d\u2019Allah, d\u2019\u00e9crire sur ce sujet, selon un point de vue religieux et p\u00e9dagogique, tout en d\u00e9montrant les causes de la tristesse et ce qui y conduit, les mani\u00e8res de la traiter, afin de r\u00e9conforter les attrist\u00e9s et de soulager les afflig\u00e9s.<\/p>\n<p>Alors si tes \u00e9preuves t\u2019accablent, ce livre t\u2019est destin\u00e9. Son message principal est un conseil b\u00e9n\u00e9fique assorti d\u2019un rappel de la plus haute importance : \u00ab Ne sois pas triste, Allah est ton Seigneur \u00bb.<\/p>\n","protected":false},"excerpt":{"rendered":"<p>Allah a cr\u00e9\u00e9 l\u2019homme et la femme et les a dispos\u00e9s \u00e0 de multiples natures : entre col\u00e8re et douceur, empressement et patience, rire et pleurs, tristesse et joie. La tristesse est une nature humaine, qui est permise en certaines circonstances et r\u00e9prouv\u00e9e en d\u2019autres. Qui analyse aujourd\u2019hui la condition de nombreuses personnes trouvera que,&hellip;<\/p>\n","protected":false},"featured_media":6721,"template":"","meta":[],"product_brand":[],"product_cat":[25,21,79],"product_tag":[],"class_list":{"0":"post-6720","1":"product","2":"type-product","3":"status-publish","4":"has-post-thumbnail","6":"product_cat-femmes","7":"product_cat-livre","8":"product_cat-spiritualite","9":"description-off","11":"first","12":"instock","13":"shipping-taxable","14":"purchasable","15":"product-type-simple"},"jetpack_sharing_enabled":true,"_links":{"self":[{"href":"https:\/\/elouedshop.com\/index.php?rest_route=\/wp\/v2\/product\/6720","targetHints":{"allow":["GET"]}}],"collection":[{"href":"https:\/\/elouedshop.com\/index.php?rest_route=\/wp\/v2\/product"}],"about":[{"href":"https:\/\/elouedshop.com\/index.php?rest_route=\/wp\/v2\/types\/product"}],"wp:featuredmedia":[{"embeddable":true,"href":"https:\/\/elouedshop.com\/index.php?rest_route=\/wp\/v2\/media\/6721"}],"wp:attachment":[{"href":"https:\/\/elouedshop.com\/index.php?rest_route=%2Fwp%2Fv2%2Fmedia&parent=6720"}],"wp:term":[{"taxonomy":"product_brand","embeddable":true,"href":"https:\/\/elouedshop.com\/index.php?rest_route=%2Fwp%2Fv2%2Fproduct_brand&post=6720"},{"taxonomy":"product_cat","embeddable":true,"href":"https:\/\/elouedshop.com\/index.php?rest_route=%2Fwp%2Fv2%2Fproduct_cat&post=6720"},{"taxonomy":"product_tag","embeddable":true,"href":"https:\/\/elouedshop.com\/index.php?rest_route=%2Fwp%2Fv2%2Fproduct_tag&post=6720"}],"curies":[{"name":"wp","href":"https:\/\/api.w.org\/{rel}","templated":true}]}}