{"id":6681,"date":"2023-12-26T13:05:49","date_gmt":"2023-12-26T13:05:49","guid":{"rendered":"https:\/\/elouedshop.com\/?post_type=product&#038;p=6681"},"modified":"2023-12-26T13:05:49","modified_gmt":"2023-12-26T13:05:49","slug":"ma-derniere-priere","status":"publish","type":"product","link":"https:\/\/elouedshop.com\/?product=ma-derniere-priere","title":{"rendered":"Ma derni\u00e8re pri\u00e8re"},"content":{"rendered":"","protected":false},"excerpt":{"rendered":"<p>Sache qu&rsquo;il ne fait aucun doute que la pri\u00e8re est une f\u00e9licit\u00e9 pour ceux qui aiment Allah, une jouissance de l&rsquo;\u00e2me pour les monoth\u00e9istes, un jardin pour les d\u00e9vots et un plaisir de l&rsquo;esprit pour les humbles.<\/p>\n<p>C&rsquo;est \u00e0 l&rsquo;aune de la pri\u00e8re que les gens sinc\u00e8res examinent leur foi, elle sert d&rsquo;\u00e9talon aux itin\u00e9rants [sur le sentier d&rsquo;Allah].<\/p>\n<p>Ainsi, la pri\u00e8re est une mis\u00e9ricorde d&rsquo;Allah offerte \u00e0 Ses serviteurs croyants.<\/p>\n","protected":false},"featured_media":6682,"template":"","meta":[],"product_brand":[],"product_cat":[21,48],"product_tag":[],"class_list":{"0":"post-6681","1":"product","2":"type-product","3":"status-publish","4":"has-post-thumbnail","6":"product_cat-livre","7":"product_cat-pratique-religieuse","8":"description-off","10":"first","11":"instock","12":"shipping-taxable","13":"purchasable","14":"product-type-simple"},"jetpack_sharing_enabled":true,"_links":{"self":[{"href":"https:\/\/elouedshop.com\/index.php?rest_route=\/wp\/v2\/product\/6681","targetHints":{"allow":["GET"]}}],"collection":[{"href":"https:\/\/elouedshop.com\/index.php?rest_route=\/wp\/v2\/product"}],"about":[{"href":"https:\/\/elouedshop.com\/index.php?rest_route=\/wp\/v2\/types\/product"}],"wp:featuredmedia":[{"embeddable":true,"href":"https:\/\/elouedshop.com\/index.php?rest_route=\/wp\/v2\/media\/6682"}],"wp:attachment":[{"href":"https:\/\/elouedshop.com\/index.php?rest_route=%2Fwp%2Fv2%2Fmedia&parent=6681"}],"wp:term":[{"taxonomy":"product_brand","embeddable":true,"href":"https:\/\/elouedshop.com\/index.php?rest_route=%2Fwp%2Fv2%2Fproduct_brand&post=6681"},{"taxonomy":"product_cat","embeddable":true,"href":"https:\/\/elouedshop.com\/index.php?rest_route=%2Fwp%2Fv2%2Fproduct_cat&post=6681"},{"taxonomy":"product_tag","embeddable":true,"href":"https:\/\/elouedshop.com\/index.php?rest_route=%2Fwp%2Fv2%2Fproduct_tag&post=6681"}],"curies":[{"name":"wp","href":"https:\/\/api.w.org\/{rel}","templated":true}]}}