{"id":6613,"date":"2023-12-22T22:32:26","date_gmt":"2023-12-22T22:32:26","guid":{"rendered":"https:\/\/elouedshop.com\/?post_type=product&#038;p=6613"},"modified":"2023-12-22T23:30:03","modified_gmt":"2023-12-22T23:30:03","slug":"6613","status":"publish","type":"product","link":"https:\/\/elouedshop.com\/?product=6613","title":{"rendered":"Abi, raconte moi un hadith"},"content":{"rendered":"","protected":false},"excerpt":{"rendered":"<p>Faites d\u00e9couvrir \u00e0 vos enfants, \u00e0 travers le quotidien d&rsquo;une petite fille et de ses deux petits fr\u00e8res, des hadiths essentiels \u00e0 leur cheminement spirituel. Une mani\u00e8re simple et ludique d&rsquo;apprendre et de comprendre notre belle religion.<\/p>\n","protected":false},"featured_media":6614,"template":"","meta":[],"product_brand":[],"product_cat":[167,24,143,21],"product_tag":[],"class_list":{"0":"post-6613","1":"product","2":"type-product","3":"status-publish","4":"has-post-thumbnail","6":"product_cat-contes-educatifs","7":"product_cat-enfants","8":"product_cat-hadiths","9":"product_cat-livre","10":"description-off","12":"first","13":"instock","14":"shipping-taxable","15":"purchasable","16":"product-type-simple"},"jetpack_sharing_enabled":true,"_links":{"self":[{"href":"https:\/\/elouedshop.com\/index.php?rest_route=\/wp\/v2\/product\/6613","targetHints":{"allow":["GET"]}}],"collection":[{"href":"https:\/\/elouedshop.com\/index.php?rest_route=\/wp\/v2\/product"}],"about":[{"href":"https:\/\/elouedshop.com\/index.php?rest_route=\/wp\/v2\/types\/product"}],"wp:featuredmedia":[{"embeddable":true,"href":"https:\/\/elouedshop.com\/index.php?rest_route=\/wp\/v2\/media\/6614"}],"wp:attachment":[{"href":"https:\/\/elouedshop.com\/index.php?rest_route=%2Fwp%2Fv2%2Fmedia&parent=6613"}],"wp:term":[{"taxonomy":"product_brand","embeddable":true,"href":"https:\/\/elouedshop.com\/index.php?rest_route=%2Fwp%2Fv2%2Fproduct_brand&post=6613"},{"taxonomy":"product_cat","embeddable":true,"href":"https:\/\/elouedshop.com\/index.php?rest_route=%2Fwp%2Fv2%2Fproduct_cat&post=6613"},{"taxonomy":"product_tag","embeddable":true,"href":"https:\/\/elouedshop.com\/index.php?rest_route=%2Fwp%2Fv2%2Fproduct_tag&post=6613"}],"curies":[{"name":"wp","href":"https:\/\/api.w.org\/{rel}","templated":true}]}}