{"id":6578,"date":"2023-12-22T20:07:36","date_gmt":"2023-12-22T20:07:36","guid":{"rendered":"https:\/\/elouedshop.com\/?post_type=product&#038;p=6578"},"modified":"2024-01-13T22:13:46","modified_gmt":"2024-01-13T22:13:46","slug":"jaime-mon-abi","status":"publish","type":"product","link":"https:\/\/elouedshop.com\/?product=jaime-mon-abi","title":{"rendered":"J&rsquo;aime mon abi"},"content":{"rendered":"","protected":false},"excerpt":{"rendered":"<h2>Le livre J&rsquo;aime mon abi<\/h2>\n<p>Une histoire pour les petits et qui ravira les grands aussi\u202f! J&rsquo;aime mon abi permettra d\u2019aborder diff\u00e9rents th\u00e8mes sur l&rsquo;islam et mondains. \u00c0 travers cette histoire, Adam et Aicha partagent de magnifiques moments avec leur abi (papa en fran\u00e7ais) ils jouent, lisent une histoire, vont \u00e0 la mosqu\u00e9e et pleins d&rsquo;autres choses.<\/p>\n<p>Les illustrations sont color\u00e9es et attrayantes, et les phrases sont assorties de rimes, ce qui est id\u00e9al pour l&rsquo;\u00e9veil \u00e0 la phonologie. Ce livre est certain de vous assurer de jolis moments de complicit\u00e9 avec vos enfants.<\/p>\n<p>Easydin \u00e9dition \u00e0 conserver dans ce livre l&rsquo;histoire \u00e0 double voix, dans le but de faire participer et stimuler l&rsquo;enfant, dans le texte, il y a des petites illustrations qui remplacent certains mots, le parent lit le texte et l&rsquo;enfant lit le mot illustr\u00e9.<\/p>\n<p>En r\u00e9sum\u00e9, J&rsquo;aime mon abi est un livre pour les enfants musulmans. Il leur permet de d\u00e9couvrir l&rsquo;amour de leur p\u00e8re, ses valeurs et la religion de l&rsquo;islam. Il leur enseigne \u00e9galement des notions importantes sur le monde qui les entoure.<\/p>\n<p>Les points forts du livre :<\/p>\n<ul>\n<li>Un r\u00e9cit riche et instructif qui aborde diff\u00e9rents th\u00e8mes importants pour les enfants musulmans.<\/li>\n<li>Des illustrations magnifiques qui raviront les petits et les grands.<\/li>\n<li>Des phrases rim\u00e9es qui favorisent l&rsquo;apprentissage de la phonologie.<\/li>\n<li>Une histoire \u00e0 double voix qui permet \u00e0 l&rsquo;enfant de participer activement \u00e0 la lecture.<\/li>\n<\/ul>\n<p>Commandez d\u00e8s aujourd&rsquo;hui et profitez de cette belle histoire !<\/p>\n","protected":false},"featured_media":6580,"template":"","meta":[],"product_brand":[],"product_cat":[39,181,24,21],"product_tag":[],"class_list":{"0":"post-6578","1":"product","2":"type-product","3":"status-publish","4":"has-post-thumbnail","6":"product_cat-bebe-3ans","7":"product_cat-education-religieuse","8":"product_cat-enfants","9":"product_cat-livre","10":"description-off","12":"first","13":"instock","14":"shipping-taxable","15":"purchasable","16":"product-type-simple"},"jetpack_sharing_enabled":true,"_links":{"self":[{"href":"https:\/\/elouedshop.com\/index.php?rest_route=\/wp\/v2\/product\/6578","targetHints":{"allow":["GET"]}}],"collection":[{"href":"https:\/\/elouedshop.com\/index.php?rest_route=\/wp\/v2\/product"}],"about":[{"href":"https:\/\/elouedshop.com\/index.php?rest_route=\/wp\/v2\/types\/product"}],"wp:featuredmedia":[{"embeddable":true,"href":"https:\/\/elouedshop.com\/index.php?rest_route=\/wp\/v2\/media\/6580"}],"wp:attachment":[{"href":"https:\/\/elouedshop.com\/index.php?rest_route=%2Fwp%2Fv2%2Fmedia&parent=6578"}],"wp:term":[{"taxonomy":"product_brand","embeddable":true,"href":"https:\/\/elouedshop.com\/index.php?rest_route=%2Fwp%2Fv2%2Fproduct_brand&post=6578"},{"taxonomy":"product_cat","embeddable":true,"href":"https:\/\/elouedshop.com\/index.php?rest_route=%2Fwp%2Fv2%2Fproduct_cat&post=6578"},{"taxonomy":"product_tag","embeddable":true,"href":"https:\/\/elouedshop.com\/index.php?rest_route=%2Fwp%2Fv2%2Fproduct_tag&post=6578"}],"curies":[{"name":"wp","href":"https:\/\/api.w.org\/{rel}","templated":true}]}}