{"id":6574,"date":"2023-12-22T19:30:42","date_gmt":"2023-12-22T19:30:42","guid":{"rendered":"https:\/\/elouedshop.com\/?post_type=product&#038;p=6574"},"modified":"2023-12-22T19:30:43","modified_gmt":"2023-12-22T19:30:43","slug":"que-sais-tu-du-coran","status":"publish","type":"product","link":"https:\/\/elouedshop.com\/?product=que-sais-tu-du-coran","title":{"rendered":"Que sais-tu du Coran"},"content":{"rendered":"","protected":false},"excerpt":{"rendered":"<p>Quelle d\u00e9finition peut-on donner du Coran ? Est-ce que le Coran poss\u00e8de d\u2019autres noms ? Quelle a \u00e9t\u00e9 la premi\u00e8re r\u00e9v\u00e9lation re\u00e7ue par le Proph\u00e8te (paix et salut sur lui) ? De quoi parle le Coran ? Le Coran a \u00e9t\u00e9 r\u00e9v\u00e9l\u00e9 en une seule fois ou petit \u00e0 petit ? Est-ce que le Coran est prot\u00e9g\u00e9 ? A-t-on du m\u00e9rite \u00e0 lire et \u00e0 apprendre le Coran ? Est-ce qu\u2019on est r\u00e9compens\u00e9 quand on \u00e9coute du Coran ? Y a-t-il un \u00e2ge indiqu\u00e9 pour commencer \u00e0 apprendre le Coran ? Comment apprendre le Coran ? Doit-on lire le Coran tous les jours ?<\/p>\n<p>C\u2019est \u00e0 ces questions et \u00e0 d\u2019autres \u00e9galement que ce livre essaiera de t\u2019apporter des r\u00e9ponses qui te permettront de mieux conna\u00eetre le Livre de Dieu : le Coran qui explique le sens de toutes choses et qui doit te servir de guide dans ta vie.<\/p>\n","protected":false},"featured_media":6575,"template":"","meta":[],"product_brand":[],"product_cat":[181,24,21],"product_tag":[],"class_list":{"0":"post-6574","1":"product","2":"type-product","3":"status-publish","4":"has-post-thumbnail","6":"product_cat-education-religieuse","7":"product_cat-enfants","8":"product_cat-livre","9":"description-off","11":"first","12":"instock","13":"shipping-taxable","14":"purchasable","15":"product-type-simple"},"jetpack_sharing_enabled":true,"_links":{"self":[{"href":"https:\/\/elouedshop.com\/index.php?rest_route=\/wp\/v2\/product\/6574","targetHints":{"allow":["GET"]}}],"collection":[{"href":"https:\/\/elouedshop.com\/index.php?rest_route=\/wp\/v2\/product"}],"about":[{"href":"https:\/\/elouedshop.com\/index.php?rest_route=\/wp\/v2\/types\/product"}],"wp:featuredmedia":[{"embeddable":true,"href":"https:\/\/elouedshop.com\/index.php?rest_route=\/wp\/v2\/media\/6575"}],"wp:attachment":[{"href":"https:\/\/elouedshop.com\/index.php?rest_route=%2Fwp%2Fv2%2Fmedia&parent=6574"}],"wp:term":[{"taxonomy":"product_brand","embeddable":true,"href":"https:\/\/elouedshop.com\/index.php?rest_route=%2Fwp%2Fv2%2Fproduct_brand&post=6574"},{"taxonomy":"product_cat","embeddable":true,"href":"https:\/\/elouedshop.com\/index.php?rest_route=%2Fwp%2Fv2%2Fproduct_cat&post=6574"},{"taxonomy":"product_tag","embeddable":true,"href":"https:\/\/elouedshop.com\/index.php?rest_route=%2Fwp%2Fv2%2Fproduct_tag&post=6574"}],"curies":[{"name":"wp","href":"https:\/\/api.w.org\/{rel}","templated":true}]}}