{"id":6498,"date":"2023-12-21T19:17:05","date_gmt":"2023-12-21T19:17:05","guid":{"rendered":"https:\/\/elouedshop.com\/?post_type=product&#038;p=6498"},"modified":"2023-12-21T19:18:17","modified_gmt":"2023-12-21T19:18:17","slug":"mes-premieres-histoires-volume-1","status":"publish","type":"product","link":"https:\/\/elouedshop.com\/?product=mes-premieres-histoires-volume-1","title":{"rendered":"Mes premi\u00e8res histoires &#8211; Volume 1"},"content":{"rendered":"","protected":false},"excerpt":{"rendered":"<p>A travers ce merveilleux livre, d\u00e9couvrez 3 magnifiques histoires aux illustrations captivantes, accompagn\u00e9es de textes adapt\u00e9s \u00e0 l&rsquo;\u00e2ge de l&rsquo;enfant.<\/p>\n<p>\u00ab Comment atteindre le Paradis \u00bb,<\/p>\n<p>\u00ab Mon Proph\u00e8te, mon exemple \u00bb<\/p>\n<p>\u00ab Allah m&rsquo;a donn\u00e9 tout ce que je poss\u00e8de \u00bb.<\/p>\n<p>Ces petites histoires faciliteront l&rsquo;apprentissage et la compr\u00e9hension des tous petits. Un livre de soixante pages avec une couverture cartonn\u00e9e pleine de richesse !<\/p>\n<p>Les personnages sont sans visage afin de d\u00e9velopper l&rsquo;imagination et la cr\u00e9ativit\u00e9 des enfants \u00e0 l&rsquo;infini.<\/p>\n","protected":false},"featured_media":5320,"template":"","meta":[],"product_brand":[],"product_cat":[181,24,21],"product_tag":[],"class_list":{"0":"post-6498","1":"product","2":"type-product","3":"status-publish","4":"has-post-thumbnail","6":"product_cat-education-religieuse","7":"product_cat-enfants","8":"product_cat-livre","9":"description-off","11":"first","12":"instock","13":"shipping-taxable","14":"purchasable","15":"product-type-simple"},"jetpack_sharing_enabled":true,"_links":{"self":[{"href":"https:\/\/elouedshop.com\/index.php?rest_route=\/wp\/v2\/product\/6498","targetHints":{"allow":["GET"]}}],"collection":[{"href":"https:\/\/elouedshop.com\/index.php?rest_route=\/wp\/v2\/product"}],"about":[{"href":"https:\/\/elouedshop.com\/index.php?rest_route=\/wp\/v2\/types\/product"}],"wp:featuredmedia":[{"embeddable":true,"href":"https:\/\/elouedshop.com\/index.php?rest_route=\/wp\/v2\/media\/5320"}],"wp:attachment":[{"href":"https:\/\/elouedshop.com\/index.php?rest_route=%2Fwp%2Fv2%2Fmedia&parent=6498"}],"wp:term":[{"taxonomy":"product_brand","embeddable":true,"href":"https:\/\/elouedshop.com\/index.php?rest_route=%2Fwp%2Fv2%2Fproduct_brand&post=6498"},{"taxonomy":"product_cat","embeddable":true,"href":"https:\/\/elouedshop.com\/index.php?rest_route=%2Fwp%2Fv2%2Fproduct_cat&post=6498"},{"taxonomy":"product_tag","embeddable":true,"href":"https:\/\/elouedshop.com\/index.php?rest_route=%2Fwp%2Fv2%2Fproduct_tag&post=6498"}],"curies":[{"name":"wp","href":"https:\/\/api.w.org\/{rel}","templated":true}]}}