{"id":6377,"date":"2023-12-18T00:10:52","date_gmt":"2023-12-18T00:10:52","guid":{"rendered":"https:\/\/elouedshop.com\/?post_type=product&#038;p=6377"},"modified":"2024-02-02T22:01:42","modified_gmt":"2024-02-02T22:01:42","slug":"petits-mots-de-lislam-volume-2","status":"publish","type":"product","link":"https:\/\/elouedshop.com\/?product=petits-mots-de-lislam-volume-2","title":{"rendered":"Petits mots de l\u2019islam &#8211; volume 2"},"content":{"rendered":"","protected":false},"excerpt":{"rendered":"<p>Quand il apprend ses premi\u00e8res invocations, votre enfant ne les comprend que de mani\u00e8re intuitive. N\u00e9anmoins, leur signification et leur profondeur restent encore \u00e0 acqu\u00e9rir.<\/p>\n<p>La s\u00e9rie des Petits mots de l\u2019islam contribue \u00e0 faire comprendre certaines invocations quotidiennes qui font partie int\u00e9grante de l\u2019univers commun musulman.<\/p>\n<p>Gr\u00e2ce \u00e0 Amin et Amina, les h\u00e9ros de cette s\u00e9rie, votre enfant apprendra la signification de chaque invocation, son importance religieuse et spirituelle, ainsi que les circonstances dans lesquelles l\u2019utiliser.<\/p>\n<p>A la fin de chaque ouvrage, des jeux permettront d\u2019aider votre enfant \u00e0 ancrer les connaissances acquises au fil des pages.<\/p>\n","protected":false},"featured_media":6379,"template":"","meta":[],"product_brand":[],"product_cat":[39,24,45,21],"product_tag":[],"class_list":{"0":"post-6377","1":"product","2":"type-product","3":"status-publish","4":"has-post-thumbnail","6":"product_cat-bebe-3ans","7":"product_cat-enfants","8":"product_cat-invocations-et-rappel","9":"product_cat-livre","10":"description-off","12":"first","13":"instock","14":"shipping-taxable","15":"purchasable","16":"product-type-simple"},"jetpack_sharing_enabled":true,"_links":{"self":[{"href":"https:\/\/elouedshop.com\/index.php?rest_route=\/wp\/v2\/product\/6377","targetHints":{"allow":["GET"]}}],"collection":[{"href":"https:\/\/elouedshop.com\/index.php?rest_route=\/wp\/v2\/product"}],"about":[{"href":"https:\/\/elouedshop.com\/index.php?rest_route=\/wp\/v2\/types\/product"}],"wp:featuredmedia":[{"embeddable":true,"href":"https:\/\/elouedshop.com\/index.php?rest_route=\/wp\/v2\/media\/6379"}],"wp:attachment":[{"href":"https:\/\/elouedshop.com\/index.php?rest_route=%2Fwp%2Fv2%2Fmedia&parent=6377"}],"wp:term":[{"taxonomy":"product_brand","embeddable":true,"href":"https:\/\/elouedshop.com\/index.php?rest_route=%2Fwp%2Fv2%2Fproduct_brand&post=6377"},{"taxonomy":"product_cat","embeddable":true,"href":"https:\/\/elouedshop.com\/index.php?rest_route=%2Fwp%2Fv2%2Fproduct_cat&post=6377"},{"taxonomy":"product_tag","embeddable":true,"href":"https:\/\/elouedshop.com\/index.php?rest_route=%2Fwp%2Fv2%2Fproduct_tag&post=6377"}],"curies":[{"name":"wp","href":"https:\/\/api.w.org\/{rel}","templated":true}]}}