{"id":6332,"date":"2023-12-17T22:55:10","date_gmt":"2023-12-17T22:55:10","guid":{"rendered":"https:\/\/elouedshop.com\/?post_type=product&#038;p=6332"},"modified":"2024-02-02T22:02:17","modified_gmt":"2024-02-02T22:02:17","slug":"la-voie-du-petit-musulman-tome-1","status":"publish","type":"product","link":"https:\/\/elouedshop.com\/?product=la-voie-du-petit-musulman-tome-1","title":{"rendered":"La Voie du petit Musulman &#8211; Tome 1"},"content":{"rendered":"","protected":false},"excerpt":{"rendered":"<p>Destin\u00e9s au petit musulman, ces livres pr\u00e9sentent, d&rsquo;une mani\u00e8re p\u00e9dagogique, simple, compl\u00e8te et \u00e9volutive, la connaissance de base de l&rsquo;islam que doit acqu\u00e9rir l&rsquo;enfant de mani\u00e8re progressive.<\/p>\n","protected":false},"featured_media":6333,"template":"","meta":[],"product_brand":[],"product_cat":[181,24,21],"product_tag":[],"class_list":{"0":"post-6332","1":"product","2":"type-product","3":"status-publish","4":"has-post-thumbnail","6":"product_cat-education-religieuse","7":"product_cat-enfants","8":"product_cat-livre","9":"description-off","11":"first","12":"instock","13":"shipping-taxable","14":"purchasable","15":"product-type-simple"},"jetpack_sharing_enabled":true,"_links":{"self":[{"href":"https:\/\/elouedshop.com\/index.php?rest_route=\/wp\/v2\/product\/6332","targetHints":{"allow":["GET"]}}],"collection":[{"href":"https:\/\/elouedshop.com\/index.php?rest_route=\/wp\/v2\/product"}],"about":[{"href":"https:\/\/elouedshop.com\/index.php?rest_route=\/wp\/v2\/types\/product"}],"wp:featuredmedia":[{"embeddable":true,"href":"https:\/\/elouedshop.com\/index.php?rest_route=\/wp\/v2\/media\/6333"}],"wp:attachment":[{"href":"https:\/\/elouedshop.com\/index.php?rest_route=%2Fwp%2Fv2%2Fmedia&parent=6332"}],"wp:term":[{"taxonomy":"product_brand","embeddable":true,"href":"https:\/\/elouedshop.com\/index.php?rest_route=%2Fwp%2Fv2%2Fproduct_brand&post=6332"},{"taxonomy":"product_cat","embeddable":true,"href":"https:\/\/elouedshop.com\/index.php?rest_route=%2Fwp%2Fv2%2Fproduct_cat&post=6332"},{"taxonomy":"product_tag","embeddable":true,"href":"https:\/\/elouedshop.com\/index.php?rest_route=%2Fwp%2Fv2%2Fproduct_tag&post=6332"}],"curies":[{"name":"wp","href":"https:\/\/api.w.org\/{rel}","templated":true}]}}