{"id":6327,"date":"2023-12-17T22:51:45","date_gmt":"2023-12-17T22:51:45","guid":{"rendered":"https:\/\/elouedshop.com\/?post_type=product&#038;p=6327"},"modified":"2023-12-17T22:51:46","modified_gmt":"2023-12-17T22:51:46","slug":"la-voie-du-petit-musulman-tome-2","status":"publish","type":"product","link":"https:\/\/elouedshop.com\/?product=la-voie-du-petit-musulman-tome-2","title":{"rendered":"La Voie du petit Musulman &#8211; Tome 2"},"content":{"rendered":"","protected":false},"excerpt":{"rendered":"<p><strong>Nouvelle \u00e9dition revue et augment\u00e9e (\u00c0 partir de 5 ans)<\/strong><\/p>\n<p>Voici la nouvelle \u00e9dition de la collection originale de\u00a0<strong>LA VOIE DU PETIT MUSULMAN<\/strong>\u00a0REVUE ET\u00a0<span class=\"s-rg\">CORRIG\u00c9E<\/span>.<br \/>\n<span id=\"p8\">Destin\u00e9s au petit musulman, ces livres pr\u00e9sentent, d\u2019une mani\u00e8re p\u00e9dagogique, simple, compl\u00e8te et \u00e9volutive, la connaissance de base de l\u2019islam que doit acqu\u00e9rir l\u2019enfant de mani\u00e8re progressive.<\/span><\/p>\n<p>Ce programme d\u2019enseignement est con\u00e7u pour les enfants afin de leur transmettre les bases de leur pratique et du bon comportement. Celui-ci est conforme aux plus importantes r\u00e9f\u00e9rences religieuses.<\/p>\n","protected":false},"featured_media":6328,"template":"","meta":[],"product_brand":[],"product_cat":[181,24,21],"product_tag":[],"class_list":{"0":"post-6327","1":"product","2":"type-product","3":"status-publish","4":"has-post-thumbnail","6":"product_cat-education-religieuse","7":"product_cat-enfants","8":"product_cat-livre","9":"description-off","11":"first","12":"instock","13":"shipping-taxable","14":"purchasable","15":"product-type-simple"},"jetpack_sharing_enabled":true,"_links":{"self":[{"href":"https:\/\/elouedshop.com\/index.php?rest_route=\/wp\/v2\/product\/6327","targetHints":{"allow":["GET"]}}],"collection":[{"href":"https:\/\/elouedshop.com\/index.php?rest_route=\/wp\/v2\/product"}],"about":[{"href":"https:\/\/elouedshop.com\/index.php?rest_route=\/wp\/v2\/types\/product"}],"wp:featuredmedia":[{"embeddable":true,"href":"https:\/\/elouedshop.com\/index.php?rest_route=\/wp\/v2\/media\/6328"}],"wp:attachment":[{"href":"https:\/\/elouedshop.com\/index.php?rest_route=%2Fwp%2Fv2%2Fmedia&parent=6327"}],"wp:term":[{"taxonomy":"product_brand","embeddable":true,"href":"https:\/\/elouedshop.com\/index.php?rest_route=%2Fwp%2Fv2%2Fproduct_brand&post=6327"},{"taxonomy":"product_cat","embeddable":true,"href":"https:\/\/elouedshop.com\/index.php?rest_route=%2Fwp%2Fv2%2Fproduct_cat&post=6327"},{"taxonomy":"product_tag","embeddable":true,"href":"https:\/\/elouedshop.com\/index.php?rest_route=%2Fwp%2Fv2%2Fproduct_tag&post=6327"}],"curies":[{"name":"wp","href":"https:\/\/api.w.org\/{rel}","templated":true}]}}