{"id":6325,"date":"2023-12-17T22:44:10","date_gmt":"2023-12-17T22:44:10","guid":{"rendered":"https:\/\/elouedshop.com\/?post_type=product&#038;p=6325"},"modified":"2024-02-29T21:54:35","modified_gmt":"2024-02-29T21:54:35","slug":"le-tajwid-explique-aux-enfants-tome-1","status":"publish","type":"product","link":"https:\/\/elouedshop.com\/?product=le-tajwid-explique-aux-enfants-tome-1","title":{"rendered":"Le Tajwid expliqu\u00e9 aux enfants &#8211; tome 1"},"content":{"rendered":"","protected":false},"excerpt":{"rendered":"<p>Apprendre les r\u00e8gles du Tajwid n&rsquo;a jamais \u00e9t\u00e9 aussi facile et agr\u00e9able ! Dans ce tr\u00e8s bel ouvrage, \u00e0 la fois p\u00e9dagogique et ludique, les enfants vont accompagner Amine et Nour dans leurs p\u00e9riples. Ils vont d\u00e9couvrir les r\u00e8gles essentielles pour une bonne prononciation du Coran. Au retour de leur voyage, vous serez agr\u00e9ablement surpris en les \u00e9coutant r\u00e9citer le Livre d&rsquo;Allah&#8230;Par cheikh FARID OUYALIZE Auteur de La Jazarya expliqu\u00e9e, Le Tajwid simplifi\u00e9,\u2026<\/p>\n","protected":false},"featured_media":6326,"template":"","meta":[],"product_brand":[],"product_cat":[24,21],"product_tag":[],"class_list":{"0":"post-6325","1":"product","2":"type-product","3":"status-publish","4":"has-post-thumbnail","6":"product_cat-enfants","7":"product_cat-livre","8":"description-off","10":"first","11":"instock","12":"shipping-taxable","13":"purchasable","14":"product-type-simple"},"jetpack_sharing_enabled":true,"_links":{"self":[{"href":"https:\/\/elouedshop.com\/index.php?rest_route=\/wp\/v2\/product\/6325","targetHints":{"allow":["GET"]}}],"collection":[{"href":"https:\/\/elouedshop.com\/index.php?rest_route=\/wp\/v2\/product"}],"about":[{"href":"https:\/\/elouedshop.com\/index.php?rest_route=\/wp\/v2\/types\/product"}],"wp:featuredmedia":[{"embeddable":true,"href":"https:\/\/elouedshop.com\/index.php?rest_route=\/wp\/v2\/media\/6326"}],"wp:attachment":[{"href":"https:\/\/elouedshop.com\/index.php?rest_route=%2Fwp%2Fv2%2Fmedia&parent=6325"}],"wp:term":[{"taxonomy":"product_brand","embeddable":true,"href":"https:\/\/elouedshop.com\/index.php?rest_route=%2Fwp%2Fv2%2Fproduct_brand&post=6325"},{"taxonomy":"product_cat","embeddable":true,"href":"https:\/\/elouedshop.com\/index.php?rest_route=%2Fwp%2Fv2%2Fproduct_cat&post=6325"},{"taxonomy":"product_tag","embeddable":true,"href":"https:\/\/elouedshop.com\/index.php?rest_route=%2Fwp%2Fv2%2Fproduct_tag&post=6325"}],"curies":[{"name":"wp","href":"https:\/\/api.w.org\/{rel}","templated":true}]}}