{"id":5572,"date":"2023-11-26T13:37:41","date_gmt":"2023-11-26T13:37:41","guid":{"rendered":"https:\/\/elouedshop.com\/?post_type=product&#038;p=5572"},"modified":"2023-11-26T13:37:54","modified_gmt":"2023-11-26T13:37:54","slug":"le-divorce-ses-causes-et-ses-remedes","status":"publish","type":"product","link":"https:\/\/elouedshop.com\/?product=le-divorce-ses-causes-et-ses-remedes","title":{"rendered":"Le divorce : Ses causes et ses rem\u00e8des"},"content":{"rendered":"<p>Le divorce fait partie des sujets importants et sensibles aux yeux de chaque couple et de leur famille.<\/p>\n<p>C\u2019est une question importante que chaque \u00e9poux se doit de comprendre afin d\u2019\u00e9viter les erreurs dans ce domaine.<\/p>\n<p>Il doit \u00e9galement savoir que recourir au divorce sans n\u00e9cessit\u00e9 av\u00e9r\u00e9e engendre beaucoup de malheurs pour les deux \u00e9poux et leurs enfants.<\/p>\n<p>Versets coranique en arabe et en fran\u00e7ais.<\/p>\n","protected":false},"excerpt":{"rendered":"<p>Le divorce fait partie des sujets importants et sensibles aux yeux de chaque couple et de leur famille. C\u2019est une question importante que chaque \u00e9poux se doit de comprendre afin d\u2019\u00e9viter les erreurs dans ce domaine. Il doit \u00e9galement savoir que recourir au divorce sans n\u00e9cessit\u00e9 av\u00e9r\u00e9e engendre beaucoup de malheurs pour les deux \u00e9poux&hellip;<\/p>\n","protected":false},"featured_media":2018,"template":"","meta":[],"product_brand":[],"product_cat":[21,46],"product_tag":[],"class_list":{"0":"post-5572","1":"product","2":"type-product","3":"status-publish","4":"has-post-thumbnail","6":"product_cat-livre","7":"product_cat-mariage-couple","8":"description-off","10":"first","11":"instock","12":"shipping-taxable","13":"purchasable","14":"product-type-simple"},"jetpack_sharing_enabled":true,"_links":{"self":[{"href":"https:\/\/elouedshop.com\/index.php?rest_route=\/wp\/v2\/product\/5572","targetHints":{"allow":["GET"]}}],"collection":[{"href":"https:\/\/elouedshop.com\/index.php?rest_route=\/wp\/v2\/product"}],"about":[{"href":"https:\/\/elouedshop.com\/index.php?rest_route=\/wp\/v2\/types\/product"}],"wp:featuredmedia":[{"embeddable":true,"href":"https:\/\/elouedshop.com\/index.php?rest_route=\/wp\/v2\/media\/2018"}],"wp:attachment":[{"href":"https:\/\/elouedshop.com\/index.php?rest_route=%2Fwp%2Fv2%2Fmedia&parent=5572"}],"wp:term":[{"taxonomy":"product_brand","embeddable":true,"href":"https:\/\/elouedshop.com\/index.php?rest_route=%2Fwp%2Fv2%2Fproduct_brand&post=5572"},{"taxonomy":"product_cat","embeddable":true,"href":"https:\/\/elouedshop.com\/index.php?rest_route=%2Fwp%2Fv2%2Fproduct_cat&post=5572"},{"taxonomy":"product_tag","embeddable":true,"href":"https:\/\/elouedshop.com\/index.php?rest_route=%2Fwp%2Fv2%2Fproduct_tag&post=5572"}],"curies":[{"name":"wp","href":"https:\/\/api.w.org\/{rel}","templated":true}]}}