{"id":5548,"date":"2023-11-26T13:05:34","date_gmt":"2023-11-26T13:05:34","guid":{"rendered":"https:\/\/elouedshop.com\/?post_type=product&#038;p=5548"},"modified":"2024-01-13T21:44:10","modified_gmt":"2024-01-13T21:44:10","slug":"reussir-sa-priere-2","status":"publish","type":"product","link":"https:\/\/elouedshop.com\/?product=reussir-sa-priere-2","title":{"rendered":"R\u00e9ussir sa pri\u00e8re"},"content":{"rendered":"<p><strong>Comment profiter de sa pri\u00e8re ?<\/strong><\/p>\n<p><strong>Comment se concentrer dans sa pri\u00e8re ?<\/strong><\/p>\n<p><strong>Comment atteindre la crainte et l&rsquo;humilit\u00e9 (Khushu&rsquo;) ?<\/strong><\/p>\n<p>La pri\u00e8re est une adoration particuli\u00e8re en ce sens o\u00f9 quelques soient les situations donn\u00e9es, le musulman ne peut y d\u00e9roger. La singularit\u00e9 et la r\u00e9gularit\u00e9 de la pri\u00e8re t\u00e9moignent de l&rsquo;influence de ce rite sur notre foi. Pourtant, pour un nombre important de croyants, ce rappel grandiose n&rsquo;est plus qu&rsquo;une formalit\u00e9 \u00e0 accomplir voire m\u00eame un fardeau dont il faut juste se d\u00e9barasser.<\/p>\n<p>Face \u00e0 ce constat affligeant, il nous est apparu vital de r\u00e9fl\u00e9chir sur l&rsquo;\u00e2me de la pri\u00e8re, son esprit. Dieu dit dans Sourate Al Baqara, verset 45 : \u00ab\u00a0Chercher du r\u00e9confort dans la patience et la Salat ! Sans doute la Salat est une lourde t\u00e2che, mais pas pour les humbles\u00a0\u00bb. Qui sont ces humbles, ces Khash&rsquo;in qui se d\u00e9lectent tant dans la pri\u00e8re ? Comment comprendre ces propos d&rsquo;un d\u00e9vot c\u00e9l\u00e8bre : \u00ab\u00a0Je jure par Dieu ! Les adeptes de la nuit \u00e9prouvent plus de satisfaction dans leurs pri\u00e8res que les adeptes des loisirs durant leurs divertissements\u00a0\u00bb. Comment ne pas \u00eatre boulevers\u00e9 par cette parole du Proph\u00e8te Mohammed (SBDL) : \u00ab\u00a0Il m&rsquo;a \u00e9t\u00e9 fait d&rsquo;aimer de votre monde le parfum et les femmes. Mais mon bien-\u00eatre, je le trouve dans la pri\u00e8re.\u00a0\u00bb<\/p>\n<p>A l&rsquo;heure o\u00f9 la recherche du bonheur est une pr\u00e9occupation pour tous, ce livre se propose de donner des cl\u00e9s pour r\u00e9ussir sa pri\u00e8re en proposant des conseils visant \u00e0 go\u00fbter \u00e0 la saveur de ce rituel. Retrouver le sens profond de la pri\u00e8re, telle est l&rsquo;ambition de cet ouvrage.<\/p>\n","protected":false},"excerpt":{"rendered":"<p>Comment profiter de sa pri\u00e8re ? Comment se concentrer dans sa pri\u00e8re ? Comment atteindre la crainte et l&rsquo;humilit\u00e9 (Khushu&rsquo;) ? La pri\u00e8re est une adoration particuli\u00e8re en ce sens o\u00f9 quelques soient les situations donn\u00e9es, le musulman ne peut y d\u00e9roger. La singularit\u00e9 et la r\u00e9gularit\u00e9 de la pri\u00e8re t\u00e9moignent de l&rsquo;influence de ce&hellip;<\/p>\n","protected":false},"featured_media":1075,"template":"","meta":[],"product_brand":[],"product_cat":[21,48,185,225],"product_tag":[],"class_list":{"0":"post-5548","1":"product","2":"type-product","3":"status-publish","4":"has-post-thumbnail","6":"product_cat-livre","7":"product_cat-pratique-religieuse","8":"product_cat-priere-purification","9":"product_cat-ramadan","10":"description-off","12":"first","13":"instock","14":"shipping-taxable","15":"purchasable","16":"product-type-simple"},"jetpack_sharing_enabled":true,"_links":{"self":[{"href":"https:\/\/elouedshop.com\/index.php?rest_route=\/wp\/v2\/product\/5548","targetHints":{"allow":["GET"]}}],"collection":[{"href":"https:\/\/elouedshop.com\/index.php?rest_route=\/wp\/v2\/product"}],"about":[{"href":"https:\/\/elouedshop.com\/index.php?rest_route=\/wp\/v2\/types\/product"}],"wp:featuredmedia":[{"embeddable":true,"href":"https:\/\/elouedshop.com\/index.php?rest_route=\/wp\/v2\/media\/1075"}],"wp:attachment":[{"href":"https:\/\/elouedshop.com\/index.php?rest_route=%2Fwp%2Fv2%2Fmedia&parent=5548"}],"wp:term":[{"taxonomy":"product_brand","embeddable":true,"href":"https:\/\/elouedshop.com\/index.php?rest_route=%2Fwp%2Fv2%2Fproduct_brand&post=5548"},{"taxonomy":"product_cat","embeddable":true,"href":"https:\/\/elouedshop.com\/index.php?rest_route=%2Fwp%2Fv2%2Fproduct_cat&post=5548"},{"taxonomy":"product_tag","embeddable":true,"href":"https:\/\/elouedshop.com\/index.php?rest_route=%2Fwp%2Fv2%2Fproduct_tag&post=5548"}],"curies":[{"name":"wp","href":"https:\/\/api.w.org\/{rel}","templated":true}]}}