{"id":5540,"date":"2023-11-26T12:58:14","date_gmt":"2023-11-26T12:58:14","guid":{"rendered":"https:\/\/elouedshop.com\/?post_type=product&#038;p=5540"},"modified":"2023-11-26T12:58:24","modified_gmt":"2023-11-26T12:58:24","slug":"la-hijama-une-therapie-ancestrale-miraculeuse-2","status":"publish","type":"product","link":"https:\/\/elouedshop.com\/?product=la-hijama-une-therapie-ancestrale-miraculeuse-2","title":{"rendered":"La Hij\u00e2ma, une th\u00e9rapie ancestrale miraculeuse"},"content":{"rendered":"<p>Alternative th\u00e9rapeutique remarquable et exemplaire \u2013 mais peu connue \u00e0 notre \u00e9poque avec la fulgurante avanc\u00e9e de la m\u00e9decine moderne depuis la deuxi\u00e8me moiti\u00e9 du XIXe si\u00e8cle \u2013 la hij\u00e2ma revient sous les feux de la rampe et suscite maintenant l&rsquo;int\u00e9r\u00eat du public et celui des sp\u00e9cialistes de la m\u00e9decine depuis un quart de si\u00e8cle environ.<\/p>\n<p>En effet, on constate, depuis quelques dizaines d&rsquo;ann\u00e9es, un vaste engouement pour cette th\u00e9rapie s\u00e9culaire \u00e0 travers le monde, que ce soit aupr\u00e8s des professionnels de la sant\u00e9 ou aupr\u00e8s des gens communs mais, plus particuli\u00e8rement, au sein de la communaut\u00e9 musulmane un peu partout \u00e0 travers la Plan\u00e8te.<\/p>\n<p>Avec l&rsquo;apparition de nouvelles maladies et de cas pathologiques inconnus auparavant, et dus aux produits chimiques induits par le d\u00e9veloppement industriel, la pollution g\u00e9n\u00e9r\u00e9e et m\u00eame par les effets nocifs de certains m\u00e9dicaments de la m\u00e9decine moderne, les sp\u00e9cialistes de la m\u00e9decine ont d\u00fb faire recours \u00e0 la m\u00e9decine parall\u00e8le qui avait fait preuve de son efficacit\u00e9 durant des si\u00e8cles.<\/p>\n<p>La hij\u00e2ma est une m\u00e9thode th\u00e9rapeutique qui int\u00e8gre plusieurs disciplines comme l&rsquo;acupuncture, la r\u00e9flexologie, etc. Sa pratique s&rsquo;est r\u00e9pandue dans le monde entier et de tr\u00e8s nombreux \u00c9tats ont ouvert des cliniques pour la pratiquer. Ainsi, elle s&rsquo;est d\u00e9velopp\u00e9e, entre autres, par les \u00e9coles chinoise, allemande, am\u00e9ricaine et syrienne.<\/p>\n<p><b>Table des mati\u00e8res<\/b><\/p>\n<ul>\n<li>Introduction &#8230; 5<\/li>\n<li>D\u00e9finition &#8230; 6<\/li>\n<li>Approche historique &#8230; 8<\/li>\n<li>Une m\u00e9thode th\u00e9rapeutique proph\u00e9tique &#8230; 15<\/li>\n<li>Les bienfaits de la Hij\u00e2ma &#8230; 18<\/li>\n<li>Analyses du sang extrait de la Hij\u00e2ma &#8230; 25<\/li>\n<li>Les objectifs du traitement par la Hij\u00e2ma &#8230; 29<\/li>\n<li>La permission juridique relative au traitement par la Hij\u00e2ma &#8230; 30<\/li>\n<li>La femme et la Hij\u00e2ma &#8230; 32<\/li>\n<li>Le jugement relatif \u00e0 la r\u00e9mun\u00e9ration du praticien de la Hij\u00e2ma &#8230; 36<\/li>\n<li>La m\u00e9decine moderne et la Hij\u00e2ma &#8230; 39<\/li>\n<li>Les meilleures p\u00e9riodes pour la pratique de la Hij\u00e2ma &#8230; 40<\/li>\n<li>Les techniques d\u2019application de la Hij\u00e2ma &#8230; 48<\/li>\n<li>Les points d\u2019application moderne de la Hij\u00e2ma &#8230; 50<\/li>\n<li>L\u2019\u00e2ge id\u00e9al pour la pratique de la Hij\u00e2ma &#8230; 55<\/li>\n<li>Les qualit\u00e9s morales et professionnelles indispensables pour le praticien de la Hij\u00e2ma &#8230; 57<\/li>\n<li>Les actes \u00e0 \u00e9viter avant de pratiquer la Hij\u00e2ma &#8230; 61<\/li>\n<li>Les effets de la Hij\u00e2ma sur certaines maladies &#8230; 64<\/li>\n<li>Actions de la Hij\u00e2ma sur quelques organes du corps humain &#8230; 67<\/li>\n<li>Les th\u00e9ories de l\u2019influence de la Hij\u00e2ma sur la sant\u00e9 humaine &#8230; 74<\/li>\n<\/ul>\n","protected":false},"excerpt":{"rendered":"<p>Alternative th\u00e9rapeutique remarquable et exemplaire \u2013 mais peu connue \u00e0 notre \u00e9poque avec la fulgurante avanc\u00e9e de la m\u00e9decine moderne depuis la deuxi\u00e8me moiti\u00e9 du XIXe si\u00e8cle \u2013 la hij\u00e2ma revient sous les feux de la rampe et suscite maintenant l&rsquo;int\u00e9r\u00eat du public et celui des sp\u00e9cialistes de la m\u00e9decine depuis un quart de si\u00e8cle&hellip;<\/p>\n","protected":false},"featured_media":1068,"template":"","meta":[],"product_brand":[],"product_cat":[21,61,49],"product_tag":[],"class_list":{"0":"post-5540","1":"product","2":"type-product","3":"status-publish","4":"has-post-thumbnail","6":"product_cat-livre","7":"product_cat-sante-et-dietetique","8":"product_cat-sante-et-medecine","9":"description-off","11":"first","12":"instock","13":"shipping-taxable","14":"purchasable","15":"product-type-simple"},"jetpack_sharing_enabled":true,"_links":{"self":[{"href":"https:\/\/elouedshop.com\/index.php?rest_route=\/wp\/v2\/product\/5540","targetHints":{"allow":["GET"]}}],"collection":[{"href":"https:\/\/elouedshop.com\/index.php?rest_route=\/wp\/v2\/product"}],"about":[{"href":"https:\/\/elouedshop.com\/index.php?rest_route=\/wp\/v2\/types\/product"}],"wp:featuredmedia":[{"embeddable":true,"href":"https:\/\/elouedshop.com\/index.php?rest_route=\/wp\/v2\/media\/1068"}],"wp:attachment":[{"href":"https:\/\/elouedshop.com\/index.php?rest_route=%2Fwp%2Fv2%2Fmedia&parent=5540"}],"wp:term":[{"taxonomy":"product_brand","embeddable":true,"href":"https:\/\/elouedshop.com\/index.php?rest_route=%2Fwp%2Fv2%2Fproduct_brand&post=5540"},{"taxonomy":"product_cat","embeddable":true,"href":"https:\/\/elouedshop.com\/index.php?rest_route=%2Fwp%2Fv2%2Fproduct_cat&post=5540"},{"taxonomy":"product_tag","embeddable":true,"href":"https:\/\/elouedshop.com\/index.php?rest_route=%2Fwp%2Fv2%2Fproduct_tag&post=5540"}],"curies":[{"name":"wp","href":"https:\/\/api.w.org\/{rel}","templated":true}]}}