{"id":5528,"date":"2023-11-26T12:49:08","date_gmt":"2023-11-26T12:49:08","guid":{"rendered":"https:\/\/elouedshop.com\/?post_type=product&#038;p=5528"},"modified":"2023-11-26T12:49:23","modified_gmt":"2023-11-26T12:49:23","slug":"islamalgame-lignorance-de-lislam-entretient-les-prejuges-2","status":"publish","type":"product","link":"https:\/\/elouedshop.com\/?product=islamalgame-lignorance-de-lislam-entretient-les-prejuges-2","title":{"rendered":"Islamalgame : L&rsquo;ignorance de l&rsquo;Islam entretient les pr\u00e9jug\u00e9s"},"content":{"rendered":"<p>L&rsquo;Islam est aujourd&rsquo;hui l&rsquo;une des religions les plus r\u00e9pandues dans le monde, mais aussi l&rsquo;une des moins comprises. On lui colle des accusations dont il est innocent et qui n&rsquo;ont d&rsquo;autres buts que de le rendre r\u00e9pugnant. L&rsquo;\u00e9l\u00e9ment cl\u00e9, pour comprendre l&rsquo;Islam, consiste \u00e0 faire abstraction des pr\u00e9jug\u00e9s politico-m\u00e9diatiques et d&rsquo;examiner chaque point de pol\u00e9mique, selon les sources musulmanes authentiques.<\/p>\n<p>Il faut aller \u00e0 la rencontre de l&rsquo;autre, en \u00e9tant \u00e0 l&rsquo;\u00e9coute et ouvert d&rsquo;esprit et ainsi se laisser bousculer dans ses certitudes et enrichir sa culture.<\/p>\n<p>Nous savons que la peur de l&rsquo;autre ne construit rien, que les amalgames et les pr\u00e9jug\u00e9s sont destructeurs des relations humaines. En tissant des liens \u00e0 travers un dialogue constructif et apais\u00e9, on peut parvenir au respect mutuel et lutter ensemble contre le choc des ignorances. Le but capital de ceux qui entretiennent les pr\u00e9jug\u00e9s envers l&rsquo;islam est de voiler aux yeux des occidentaux la r\u00e9alit\u00e9 du vrai message de l&rsquo;Islam.<\/p>\n<p>Le livre s&rsquo;adresse aux non musulmans en leur apportant des r\u00e9ponses objectives aux pr\u00e9jug\u00e9s sur l&rsquo;islam et une aide aux musulmans afin de r\u00e9pondre aux amalgames en toute connaissance de cause.<\/p>\n<p>Le dialogue et la connaissance de l\u2019autre est la voie qui am\u00e8ne \u00e0 la compr\u00e9hension ; la compr\u00e9hension am\u00e8ne \u00e0 la tol\u00e9rance et la tol\u00e9rance propage la paix entre les \u00eatres humains.<\/p>\n","protected":false},"excerpt":{"rendered":"<p>L&rsquo;Islam est aujourd&rsquo;hui l&rsquo;une des religions les plus r\u00e9pandues dans le monde, mais aussi l&rsquo;une des moins comprises. On lui colle des accusations dont il est innocent et qui n&rsquo;ont d&rsquo;autres buts que de le rendre r\u00e9pugnant. L&rsquo;\u00e9l\u00e9ment cl\u00e9, pour comprendre l&rsquo;Islam, consiste \u00e0 faire abstraction des pr\u00e9jug\u00e9s politico-m\u00e9diatiques et d&rsquo;examiner chaque point de pol\u00e9mique,&hellip;<\/p>\n","protected":false},"featured_media":1861,"template":"","meta":[],"product_brand":[],"product_cat":[141,150,21],"product_tag":[],"class_list":{"0":"post-5528","1":"product","2":"type-product","3":"status-publish","4":"has-post-thumbnail","6":"product_cat-islam-occident","7":"product_cat-islam-contemporain","8":"product_cat-livre","9":"description-off","11":"first","12":"instock","13":"shipping-taxable","14":"purchasable","15":"product-type-simple"},"jetpack_sharing_enabled":true,"_links":{"self":[{"href":"https:\/\/elouedshop.com\/index.php?rest_route=\/wp\/v2\/product\/5528","targetHints":{"allow":["GET"]}}],"collection":[{"href":"https:\/\/elouedshop.com\/index.php?rest_route=\/wp\/v2\/product"}],"about":[{"href":"https:\/\/elouedshop.com\/index.php?rest_route=\/wp\/v2\/types\/product"}],"wp:featuredmedia":[{"embeddable":true,"href":"https:\/\/elouedshop.com\/index.php?rest_route=\/wp\/v2\/media\/1861"}],"wp:attachment":[{"href":"https:\/\/elouedshop.com\/index.php?rest_route=%2Fwp%2Fv2%2Fmedia&parent=5528"}],"wp:term":[{"taxonomy":"product_brand","embeddable":true,"href":"https:\/\/elouedshop.com\/index.php?rest_route=%2Fwp%2Fv2%2Fproduct_brand&post=5528"},{"taxonomy":"product_cat","embeddable":true,"href":"https:\/\/elouedshop.com\/index.php?rest_route=%2Fwp%2Fv2%2Fproduct_cat&post=5528"},{"taxonomy":"product_tag","embeddable":true,"href":"https:\/\/elouedshop.com\/index.php?rest_route=%2Fwp%2Fv2%2Fproduct_tag&post=5528"}],"curies":[{"name":"wp","href":"https:\/\/api.w.org\/{rel}","templated":true}]}}