{"id":5514,"date":"2023-11-25T16:09:18","date_gmt":"2023-11-25T16:09:18","guid":{"rendered":"https:\/\/elouedshop.com\/?post_type=product&#038;p=5514"},"modified":"2023-11-25T16:09:32","modified_gmt":"2023-11-25T16:09:32","slug":"la-sunna-la-cle-du-paradis-2","status":"publish","type":"product","link":"https:\/\/elouedshop.com\/?product=la-sunna-la-cle-du-paradis-2","title":{"rendered":"La Sunna, La cl\u00e9 du Paradis"},"content":{"rendered":"<p>\u00ab La Sunna fait partie de la R\u00e9v\u00e9lation que Dieu a faite \u00e0 Son proph\u00e8te (SAW). Elle constitue avec le Livre Saint, le Coran, le fondement de la religion musulmane et la source de sa l\u00e9gislation. Le Coran et la Sunna sont aussi li\u00e9s l&rsquo;un \u00e0 l&rsquo;autre que ne le sont : le t\u00e9moignage qu&rsquo;il n&rsquo;y a d&rsquo;autre divinit\u00e9 que Dieu et le t\u00e9moignage que Muhammad est Son envoy\u00e9 ! Celui donc qui renie la Sunna, renie par l\u00e0 m\u00eame le Coran. Et depuis les temps les plus \u00e9loign\u00e9s, et jusqu&rsquo;\u00e0 nos jours, la Sunna fait l&rsquo;objet d&rsquo;attaques r\u00e9p\u00e9t\u00e9es d&rsquo;ennemis, qu&rsquo;ils fassent partie de la communaut\u00e9, ou qu&rsquo;ils lui soient \u00e9trangers. Parmi ceux qui ont le mieux d\u00e9fendu la Sunna et r\u00e9fut\u00e9 l&rsquo;argumentation de ses opposants, l&rsquo;illustre Djal\u00e2l al-D\u00een as-Suy\u00fbt\u00ee dans son livre intitul\u00e9 Mift\u00e2hul-Janna fi-l-i&#8217;tis\u00e2m bi-l-sunna. \u00bb<\/p>\n<p>De la pr\u00e9face de &lsquo;Abd al Muhsin &lsquo;Abb\u00e2d, pr\u00e9sident adjoint de l&rsquo;universit\u00e9 islamique de M\u00e9dine, dans son \u00e9dition du livre en question.<\/p>\n<p>(Les versets coraniques et les hadiths sont \u00e9galement cit\u00e9s en langue arabe.)<\/p>\n","protected":false},"excerpt":{"rendered":"<p>\u00ab La Sunna fait partie de la R\u00e9v\u00e9lation que Dieu a faite \u00e0 Son proph\u00e8te (SAW). Elle constitue avec le Livre Saint, le Coran, le fondement de la religion musulmane et la source de sa l\u00e9gislation. Le Coran et la Sunna sont aussi li\u00e9s l&rsquo;un \u00e0 l&rsquo;autre que ne le sont : le t\u00e9moignage qu&rsquo;il&hellip;<\/p>\n","protected":false},"featured_media":1868,"template":"","meta":[],"product_brand":[],"product_cat":[198,21],"product_tag":[],"class_list":{"0":"post-5514","1":"product","2":"type-product","3":"status-publish","4":"has-post-thumbnail","6":"product_cat-la-sunnah-souna","7":"product_cat-livre","8":"description-off","10":"first","11":"instock","12":"shipping-taxable","13":"purchasable","14":"product-type-simple"},"jetpack_sharing_enabled":true,"_links":{"self":[{"href":"https:\/\/elouedshop.com\/index.php?rest_route=\/wp\/v2\/product\/5514","targetHints":{"allow":["GET"]}}],"collection":[{"href":"https:\/\/elouedshop.com\/index.php?rest_route=\/wp\/v2\/product"}],"about":[{"href":"https:\/\/elouedshop.com\/index.php?rest_route=\/wp\/v2\/types\/product"}],"wp:featuredmedia":[{"embeddable":true,"href":"https:\/\/elouedshop.com\/index.php?rest_route=\/wp\/v2\/media\/1868"}],"wp:attachment":[{"href":"https:\/\/elouedshop.com\/index.php?rest_route=%2Fwp%2Fv2%2Fmedia&parent=5514"}],"wp:term":[{"taxonomy":"product_brand","embeddable":true,"href":"https:\/\/elouedshop.com\/index.php?rest_route=%2Fwp%2Fv2%2Fproduct_brand&post=5514"},{"taxonomy":"product_cat","embeddable":true,"href":"https:\/\/elouedshop.com\/index.php?rest_route=%2Fwp%2Fv2%2Fproduct_cat&post=5514"},{"taxonomy":"product_tag","embeddable":true,"href":"https:\/\/elouedshop.com\/index.php?rest_route=%2Fwp%2Fv2%2Fproduct_tag&post=5514"}],"curies":[{"name":"wp","href":"https:\/\/api.w.org\/{rel}","templated":true}]}}