{"id":5470,"date":"2023-11-24T14:47:35","date_gmt":"2023-11-24T14:47:35","guid":{"rendered":"https:\/\/elouedshop.com\/?post_type=product&#038;p=5470"},"modified":"2023-11-24T14:47:36","modified_gmt":"2023-11-24T14:47:36","slug":"le-grand-livre-du-bon-comportement-du-petit-musulman","status":"publish","type":"product","link":"https:\/\/elouedshop.com\/?product=le-grand-livre-du-bon-comportement-du-petit-musulman","title":{"rendered":"Le grand livre du bon comportement du petit Musulman"},"content":{"rendered":"","protected":false},"excerpt":{"rendered":"<p>La collection \u00ab J\u2019apprends mon hadith \u00bb explique aux enfants la morale islamique et comment ob\u00e9ir aux enseignements du proph\u00e8te Mohamed (saw) dans la vie quotidienne.<\/p>\n<p>Les personnages principaux, un fr\u00e8re et une s\u0153ur, nomm\u00e9s Meriem et Youssef, ont une bo\u00eete \u00e0 Hadith chez eux.<\/p>\n<p>Chaque histoire concerne un Hadith particulier. On y apprend plusieurs enseignements concernant les bons comportements que le musulman doit adopter.<\/p>\n<p>Les membres de la famille essaient d\u2019appliquer ce Hadith dans leur vie tout au long de l\u2019histoire. Les enfants s\u2019identifieront aux h\u00e9ros de l\u2019histoire, ce qui facilitera leur apprentissage et leur pratique de tous les Hadiths et de la morale islamique.<\/p>\n<p>Chaque histoire se termine par une activit\u00e9 manuelle pratique en relation avec les enseignements appris.<\/p>\n","protected":false},"featured_media":5471,"template":"","meta":[],"product_brand":[],"product_cat":[181,24,170,52,21],"product_tag":[],"class_list":{"0":"post-5470","1":"product","2":"type-product","3":"status-publish","4":"has-post-thumbnail","6":"product_cat-education-religieuse","7":"product_cat-enfants","8":"product_cat-hadiths-histoires","9":"product_cat-hadiths-sciences","10":"product_cat-livre","11":"description-off","13":"first","14":"instock","15":"shipping-taxable","16":"purchasable","17":"product-type-simple"},"jetpack_sharing_enabled":true,"_links":{"self":[{"href":"https:\/\/elouedshop.com\/index.php?rest_route=\/wp\/v2\/product\/5470","targetHints":{"allow":["GET"]}}],"collection":[{"href":"https:\/\/elouedshop.com\/index.php?rest_route=\/wp\/v2\/product"}],"about":[{"href":"https:\/\/elouedshop.com\/index.php?rest_route=\/wp\/v2\/types\/product"}],"wp:featuredmedia":[{"embeddable":true,"href":"https:\/\/elouedshop.com\/index.php?rest_route=\/wp\/v2\/media\/5471"}],"wp:attachment":[{"href":"https:\/\/elouedshop.com\/index.php?rest_route=%2Fwp%2Fv2%2Fmedia&parent=5470"}],"wp:term":[{"taxonomy":"product_brand","embeddable":true,"href":"https:\/\/elouedshop.com\/index.php?rest_route=%2Fwp%2Fv2%2Fproduct_brand&post=5470"},{"taxonomy":"product_cat","embeddable":true,"href":"https:\/\/elouedshop.com\/index.php?rest_route=%2Fwp%2Fv2%2Fproduct_cat&post=5470"},{"taxonomy":"product_tag","embeddable":true,"href":"https:\/\/elouedshop.com\/index.php?rest_route=%2Fwp%2Fv2%2Fproduct_tag&post=5470"}],"curies":[{"name":"wp","href":"https:\/\/api.w.org\/{rel}","templated":true}]}}