{"id":5350,"date":"2023-11-21T21:55:00","date_gmt":"2023-11-21T21:55:00","guid":{"rendered":"https:\/\/elouedshop.com\/?post_type=product&#038;p=5350"},"modified":"2023-11-22T21:13:31","modified_gmt":"2023-11-22T21:13:31","slug":"guide-de-la-femme-musulmane-adoration-et-pratiques-religieuses","status":"publish","type":"product","link":"https:\/\/elouedshop.com\/?product=guide-de-la-femme-musulmane-adoration-et-pratiques-religieuses","title":{"rendered":"Guide de la femme musulmane : adoration et pratiques religieuses"},"content":{"rendered":"","protected":false},"excerpt":{"rendered":"<p>Ce livre est destin\u00e9 \u00e0 la femme musulmane pour la guider dans le chemin qui m\u00e8ne \u00e0 la connaissance des r\u00e8gles de base indispensables \u00e0 l&rsquo;accomplissement de la pri\u00e8re, du je\u00fbne, de la zakat et du p\u00e8lerinage.<\/p>\n","protected":false},"featured_media":5351,"template":"","meta":[],"product_brand":[],"product_cat":[25,21],"product_tag":[],"class_list":{"0":"post-5350","1":"product","2":"type-product","3":"status-publish","4":"has-post-thumbnail","6":"product_cat-femmes","7":"product_cat-livre","8":"description-off","10":"first","11":"instock","12":"shipping-taxable","13":"purchasable","14":"product-type-simple"},"jetpack_sharing_enabled":true,"_links":{"self":[{"href":"https:\/\/elouedshop.com\/index.php?rest_route=\/wp\/v2\/product\/5350","targetHints":{"allow":["GET"]}}],"collection":[{"href":"https:\/\/elouedshop.com\/index.php?rest_route=\/wp\/v2\/product"}],"about":[{"href":"https:\/\/elouedshop.com\/index.php?rest_route=\/wp\/v2\/types\/product"}],"wp:featuredmedia":[{"embeddable":true,"href":"https:\/\/elouedshop.com\/index.php?rest_route=\/wp\/v2\/media\/5351"}],"wp:attachment":[{"href":"https:\/\/elouedshop.com\/index.php?rest_route=%2Fwp%2Fv2%2Fmedia&parent=5350"}],"wp:term":[{"taxonomy":"product_brand","embeddable":true,"href":"https:\/\/elouedshop.com\/index.php?rest_route=%2Fwp%2Fv2%2Fproduct_brand&post=5350"},{"taxonomy":"product_cat","embeddable":true,"href":"https:\/\/elouedshop.com\/index.php?rest_route=%2Fwp%2Fv2%2Fproduct_cat&post=5350"},{"taxonomy":"product_tag","embeddable":true,"href":"https:\/\/elouedshop.com\/index.php?rest_route=%2Fwp%2Fv2%2Fproduct_tag&post=5350"}],"curies":[{"name":"wp","href":"https:\/\/api.w.org\/{rel}","templated":true}]}}