{"id":5272,"date":"2023-11-19T16:30:58","date_gmt":"2023-11-19T16:30:58","guid":{"rendered":"https:\/\/elouedshop.com\/?post_type=product&#038;p=5272"},"modified":"2023-11-19T16:30:59","modified_gmt":"2023-11-19T16:30:59","slug":"le-livre-de-la-foi-kitab-al-iman","status":"publish","type":"product","link":"https:\/\/elouedshop.com\/?product=le-livre-de-la-foi-kitab-al-iman","title":{"rendered":"Le Livre de la Foi (Kit\u00e2b Al-Im\u00e2n)"},"content":{"rendered":"","protected":false},"excerpt":{"rendered":"<p>Les d\u00e9bats autour de la foi ont donn\u00e9 naissance \u00e0 une abondante litt\u00e9rature,depuis plus de quatorze si\u00e8cles. Ce temps long a contribu\u00e9 \u00e0 la diffusion d&rsquo;ambigu\u00eft\u00e9s et d&rsquo;amalgames,la confusion s&rsquo;est alors install\u00e9e dans certains esprits.<\/p>\n<p>Bien que les savants de Ahl As Sounnah Wa Al Jama&rsquo;ah aient clairement expos\u00e9 et expliqu\u00e9 tout ce que l&rsquo;on devait conna\u00eetre au sujet de la foi, des d\u00e9saccords restent, aujourd&rsquo;hui encore, profonds au sein de la communaut\u00e9 musulmane. Leurs origines sont lointaines, les cons\u00e9quences qu&rsquo;elles entra\u00eenent sont souvent d\u00e9sastreuses.<\/p>\n<p>Tr\u00e8s t\u00f4t, apr\u00e8s la mort du Proph\u00e8te Allah, deux groupes d\u00e9viants vont appara\u00eetre : les Khawarij et les Mourji&rsquo;ah. La doctrine des premiers provoquera de nombreux troubles.L&rsquo;ex-communication (Takfir) abusive des musulmans qu&rsquo;ils pratiquent, pousse \u00e0 la violence et \u00e0 la r\u00e9volte contre l&rsquo;autorit\u00e9 g\u00e9n\u00e9rant le meurtre d&rsquo;innocents.<\/p>\n<p>Les Mourji&rsquo;ah, en apparence plus passifs, diffusent une doctrine non moins dangereuse, un poison anesth\u00e9siant qui, sans la pr\u00e9sence d&rsquo;un antidote efficace apport\u00e9 par nos savants, conduirait \u00e0 une mort certaine de notre communaut\u00e9. Une s\u00e9v\u00e9rit\u00e9 exag\u00e9r\u00e9e pour les uns, un laxisme excessif pour les autres,ont pour point commun,une mauvaise compr\u00e9hension de ce qu&rsquo;est la foi.<\/p>\n<p>Annotations de Cheikh Ar Rajihi et jugements sur les hadiths de Cheikh Al Alban<\/p>\n","protected":false},"featured_media":5273,"template":"","meta":[],"product_brand":[],"product_cat":[80,153,21],"product_tag":[],"class_list":{"0":"post-5272","1":"product","2":"type-product","3":"status-publish","4":"has-post-thumbnail","6":"product_cat-dogme","7":"product_cat-foi-coeur","8":"product_cat-livre","9":"description-off","11":"first","12":"instock","13":"shipping-taxable","14":"purchasable","15":"product-type-simple"},"jetpack_sharing_enabled":true,"_links":{"self":[{"href":"https:\/\/elouedshop.com\/index.php?rest_route=\/wp\/v2\/product\/5272","targetHints":{"allow":["GET"]}}],"collection":[{"href":"https:\/\/elouedshop.com\/index.php?rest_route=\/wp\/v2\/product"}],"about":[{"href":"https:\/\/elouedshop.com\/index.php?rest_route=\/wp\/v2\/types\/product"}],"wp:featuredmedia":[{"embeddable":true,"href":"https:\/\/elouedshop.com\/index.php?rest_route=\/wp\/v2\/media\/5273"}],"wp:attachment":[{"href":"https:\/\/elouedshop.com\/index.php?rest_route=%2Fwp%2Fv2%2Fmedia&parent=5272"}],"wp:term":[{"taxonomy":"product_brand","embeddable":true,"href":"https:\/\/elouedshop.com\/index.php?rest_route=%2Fwp%2Fv2%2Fproduct_brand&post=5272"},{"taxonomy":"product_cat","embeddable":true,"href":"https:\/\/elouedshop.com\/index.php?rest_route=%2Fwp%2Fv2%2Fproduct_cat&post=5272"},{"taxonomy":"product_tag","embeddable":true,"href":"https:\/\/elouedshop.com\/index.php?rest_route=%2Fwp%2Fv2%2Fproduct_tag&post=5272"}],"curies":[{"name":"wp","href":"https:\/\/api.w.org\/{rel}","templated":true}]}}