{"id":5210,"date":"2023-11-16T21:11:49","date_gmt":"2023-11-16T21:11:49","guid":{"rendered":"https:\/\/elouedshop.com\/?post_type=product&#038;p=5210"},"modified":"2023-11-16T21:11:49","modified_gmt":"2023-11-16T21:11:49","slug":"recits-de-femmes-vertueuses","status":"publish","type":"product","link":"https:\/\/elouedshop.com\/?product=recits-de-femmes-vertueuses","title":{"rendered":"R\u00e9cits de femmes vertueuses"},"content":{"rendered":"","protected":false},"excerpt":{"rendered":"<p>Sache que lorsque l&rsquo;on mentionne celui qui a un m\u00e9rite sur une chose donn\u00e9es, c&rsquo;est dans le but d&rsquo;inciter celui qui est d\u00e9termin\u00e9 \u00e0 agir en ce sens et par la m\u00eame occasion bl\u00e2mer celui qui est paresseux, mais aussi enseigner \u00e0 celui qui cherche la droiture.<\/p>\n","protected":false},"featured_media":5211,"template":"","meta":[],"product_brand":[],"product_cat":[25,21],"product_tag":[],"class_list":{"0":"post-5210","1":"product","2":"type-product","3":"status-publish","4":"has-post-thumbnail","6":"product_cat-femmes","7":"product_cat-livre","8":"description-off","10":"first","11":"instock","12":"shipping-taxable","13":"purchasable","14":"product-type-simple"},"jetpack_sharing_enabled":true,"_links":{"self":[{"href":"https:\/\/elouedshop.com\/index.php?rest_route=\/wp\/v2\/product\/5210","targetHints":{"allow":["GET"]}}],"collection":[{"href":"https:\/\/elouedshop.com\/index.php?rest_route=\/wp\/v2\/product"}],"about":[{"href":"https:\/\/elouedshop.com\/index.php?rest_route=\/wp\/v2\/types\/product"}],"wp:featuredmedia":[{"embeddable":true,"href":"https:\/\/elouedshop.com\/index.php?rest_route=\/wp\/v2\/media\/5211"}],"wp:attachment":[{"href":"https:\/\/elouedshop.com\/index.php?rest_route=%2Fwp%2Fv2%2Fmedia&parent=5210"}],"wp:term":[{"taxonomy":"product_brand","embeddable":true,"href":"https:\/\/elouedshop.com\/index.php?rest_route=%2Fwp%2Fv2%2Fproduct_brand&post=5210"},{"taxonomy":"product_cat","embeddable":true,"href":"https:\/\/elouedshop.com\/index.php?rest_route=%2Fwp%2Fv2%2Fproduct_cat&post=5210"},{"taxonomy":"product_tag","embeddable":true,"href":"https:\/\/elouedshop.com\/index.php?rest_route=%2Fwp%2Fv2%2Fproduct_tag&post=5210"}],"curies":[{"name":"wp","href":"https:\/\/api.w.org\/{rel}","templated":true}]}}