{"id":5203,"date":"2023-11-16T20:57:43","date_gmt":"2023-11-16T20:57:43","guid":{"rendered":"https:\/\/elouedshop.com\/?post_type=product&#038;p=5203"},"modified":"2023-11-16T20:57:43","modified_gmt":"2023-11-16T20:57:43","slug":"les-vertus-de-lislam-approches-methodologiques","status":"publish","type":"product","link":"https:\/\/elouedshop.com\/?product=les-vertus-de-lislam-approches-methodologiques","title":{"rendered":"Les vertus de l&rsquo;islam approches m\u00e9thodologiques"},"content":{"rendered":"","protected":false},"excerpt":{"rendered":"<p>Celui qui convoite une chose hors de sa port\u00e9e sera forc\u00e9ment rattrap\u00e9 par la fatigue. Il faut imp\u00e9rativement bien identifier cette chose recherch\u00e9e et ses avantages pour pouvoir supporter la difficult\u00e9 et ainsi abolir le long chemin \u00e0 parcourir. C\u2019est ce qui m\u2019a conduit \u00e0 observer attentivement certaines vertus de l\u2019Islam et de ses r\u00e8gles. C\u2019est pourquoi, je mettrai en \u00e9vidence chaque secret de la beaut\u00e9 ind\u00e9l\u00e9bile de chaque commandement l\u00e9gif\u00e9r\u00e9 de sorte que celui qui accuse l\u2019Islam soit satisfait s\u2019il est honn\u00eate intellectuellement et qu\u2019il n\u2019affiche aucune obstination exag\u00e9r\u00e9e dans ses actes et ses paroles.<\/p>\n","protected":false},"featured_media":5204,"template":"","meta":[],"product_brand":[],"product_cat":[47,44,21],"product_tag":[],"class_list":{"0":"post-5203","1":"product","2":"type-product","3":"status-publish","4":"has-post-thumbnail","6":"product_cat-comprendre-lislam","7":"product_cat-ethique-education","8":"product_cat-livre","9":"description-off","11":"first","12":"instock","13":"shipping-taxable","14":"purchasable","15":"product-type-simple"},"jetpack_sharing_enabled":true,"_links":{"self":[{"href":"https:\/\/elouedshop.com\/index.php?rest_route=\/wp\/v2\/product\/5203","targetHints":{"allow":["GET"]}}],"collection":[{"href":"https:\/\/elouedshop.com\/index.php?rest_route=\/wp\/v2\/product"}],"about":[{"href":"https:\/\/elouedshop.com\/index.php?rest_route=\/wp\/v2\/types\/product"}],"wp:featuredmedia":[{"embeddable":true,"href":"https:\/\/elouedshop.com\/index.php?rest_route=\/wp\/v2\/media\/5204"}],"wp:attachment":[{"href":"https:\/\/elouedshop.com\/index.php?rest_route=%2Fwp%2Fv2%2Fmedia&parent=5203"}],"wp:term":[{"taxonomy":"product_brand","embeddable":true,"href":"https:\/\/elouedshop.com\/index.php?rest_route=%2Fwp%2Fv2%2Fproduct_brand&post=5203"},{"taxonomy":"product_cat","embeddable":true,"href":"https:\/\/elouedshop.com\/index.php?rest_route=%2Fwp%2Fv2%2Fproduct_cat&post=5203"},{"taxonomy":"product_tag","embeddable":true,"href":"https:\/\/elouedshop.com\/index.php?rest_route=%2Fwp%2Fv2%2Fproduct_tag&post=5203"}],"curies":[{"name":"wp","href":"https:\/\/api.w.org\/{rel}","templated":true}]}}