{"id":5201,"date":"2023-11-16T20:54:21","date_gmt":"2023-11-16T20:54:21","guid":{"rendered":"https:\/\/elouedshop.com\/?post_type=product&#038;p=5201"},"modified":"2024-12-18T20:52:46","modified_gmt":"2024-12-18T20:52:46","slug":"apaise-ton-coeur-et-fleuris-ton-ame","status":"publish","type":"product","link":"https:\/\/elouedshop.com\/?product=apaise-ton-coeur-et-fleuris-ton-ame","title":{"rendered":"Apaise ton coeur et fleuris ton \u00e2me"},"content":{"rendered":"","protected":false},"excerpt":{"rendered":"<p>\u00c0 travers ce livre, l\u2019objectif est d\u2019apporter une lueur d\u2019espoir, de r\u00e9confort et d\u2019apaisement. Tu y trouveras de la bienveillance, de la douceur, de la tendresse, mais surtout beaucoup d\u2019amour.<\/p>\n<p>Ce livre est d\u00e9di\u00e9 aux personnes souffrantes psychologiquement, aux \u00e2mes bris\u00e9es et tourment\u00e9es. C\u2019est mon t\u00e9moignage et celui de plusieurs femmes, chacune \u00e9tant sur un cheminement diff\u00e9rent afin que les personnes qui le liront soient plus aptes \u00e0 s\u2019identifier. Tu comprendras qu\u2019aucune personne n\u2019est seule, et qu\u2019il viendra un jour o\u00f9 toute la peine \u00e9prouv\u00e9e se dissipera.<\/p>\n<p>Ce livre est le t\u00e9moignage d\u2019un ancien coeur profond\u00e9ment malade et souffrant qui a su parvenir \u00e0 l\u2019apaisement et l\u2019\u00e9panouissement, il vous offre de l\u2019espoir, de la bienveillance, de la douceur et beaucoup d\u2019amour. A travers l\u2019encre de la plume, j\u2019esp\u00e8re que tu parviendras \u00e0 ton tour \u00e0 apprendre \u00e0 conna\u00eetre, \u00e0 te comprendre, \u00e0 te soutenir, \u00e0 t\u2019accepter et surtout, \u00e0 t\u2019aimer, car au final c\u2019est ce qui compte le plus. Terrasse ta peur et viens te d\u00e9couvrir.<\/p>\n<p>\u00ab Quand on cultive le bonheur, on fait fleurir l\u2019\u00e2me de celui qui nous \u00e9coute et aussi la n\u00f4tre. \u00bb Nathy-labell<\/p>\n","protected":false},"featured_media":5202,"template":"","meta":[],"product_brand":[],"product_cat":[25,21],"product_tag":[],"class_list":{"0":"post-5201","1":"product","2":"type-product","3":"status-publish","4":"has-post-thumbnail","6":"product_cat-femmes","7":"product_cat-livre","8":"description-off","10":"first","11":"instock","12":"shipping-taxable","13":"purchasable","14":"product-type-simple"},"jetpack_sharing_enabled":true,"_links":{"self":[{"href":"https:\/\/elouedshop.com\/index.php?rest_route=\/wp\/v2\/product\/5201","targetHints":{"allow":["GET"]}}],"collection":[{"href":"https:\/\/elouedshop.com\/index.php?rest_route=\/wp\/v2\/product"}],"about":[{"href":"https:\/\/elouedshop.com\/index.php?rest_route=\/wp\/v2\/types\/product"}],"wp:featuredmedia":[{"embeddable":true,"href":"https:\/\/elouedshop.com\/index.php?rest_route=\/wp\/v2\/media\/5202"}],"wp:attachment":[{"href":"https:\/\/elouedshop.com\/index.php?rest_route=%2Fwp%2Fv2%2Fmedia&parent=5201"}],"wp:term":[{"taxonomy":"product_brand","embeddable":true,"href":"https:\/\/elouedshop.com\/index.php?rest_route=%2Fwp%2Fv2%2Fproduct_brand&post=5201"},{"taxonomy":"product_cat","embeddable":true,"href":"https:\/\/elouedshop.com\/index.php?rest_route=%2Fwp%2Fv2%2Fproduct_cat&post=5201"},{"taxonomy":"product_tag","embeddable":true,"href":"https:\/\/elouedshop.com\/index.php?rest_route=%2Fwp%2Fv2%2Fproduct_tag&post=5201"}],"curies":[{"name":"wp","href":"https:\/\/api.w.org\/{rel}","templated":true}]}}