{"id":4913,"date":"2023-11-10T12:13:59","date_gmt":"2023-11-10T12:13:59","guid":{"rendered":"https:\/\/elouedshop.com\/?post_type=product&#038;p=4913"},"modified":"2023-11-10T12:13:59","modified_gmt":"2023-11-10T12:13:59","slug":"la-citadelle-du-musulman-hisnul-muslim-couleur-bordeaux","status":"publish","type":"product","link":"https:\/\/elouedshop.com\/?product=la-citadelle-du-musulman-hisnul-muslim-couleur-bordeaux","title":{"rendered":"La Citadelle du Musulman (Hisnul-Muslim) &#8211; Couleur bordeaux"},"content":{"rendered":"","protected":false},"excerpt":{"rendered":"<p><strong>Hisnu-l-Muslim &#8211; Invocations selon le Coran et la Sunna<br \/>\n(fran\u00e7ais &#8211; arabe &#8211; phon\u00e9tique)<\/strong><\/p>\n<p>Ce petit livre est une compilation d&rsquo;invocations (al-Du&rsquo;\u00e2) issues du Coran et de la Sunna Proph\u00e9tique. Edition bilingue avec la translitt\u00e9ration phon\u00e9tique des invocations pour faciliter leur apprentissage.<\/p>\n<p>En islam, on prie et on invoque Dieu r\u00e9guli\u00e8rement selon le lieu, les circonstances et les situations. Dans ce livre un floril\u00e8ge de pierres et d&rsquo;invocations.<\/p>\n<p><strong>Pr\u00e9face de l\u2019auteur<\/strong><\/p>\n<p>Louanges \u00e0 Allah, nous Le louons, nous demandons Son aide, nous implorons Son pardon, nous Lui demandons de nous prot\u00e9ger des vices de nos \u00e2mes ainsi que de nos mauvaises actions. Quiconque Allah guide ne pourra s\u2019\u00e9garer, et quiconque Il \u00e9gare ne pourra \u00eatre guid\u00e9.<\/p>\n<p>J\u2019atteste qu\u2019il n\u2019y a de dieu sinon Allah, Seul, et sans associ\u00e9, et que Muhammad est Son Serviteur et Son Envoy\u00e9, que le salut d\u2019Allah soit sur lui, ainsi que sur sa famille, ses compagnons et sur tous ceux qui le suivent jusqu\u2019au Jour de la R\u00e9surrection.<\/p>\n<p>Cet opuscule est un r\u00e9sum\u00e9 de mon ouvrage \u00ab Le rappel, les invocations et la m\u00e9dication par les formules pieuses dans le Coran et la Sunna \u00bb. J\u2019y ai r\u00e9sum\u00e9 la partie \u00ab le rappel \u00bb afin d\u2019en faire un livret de poche.<\/p>\n<p>Je me suis astreint \u00e0 ne citer, pour un quelconque point, que le texte faisant foi, sans citer les cha\u00eenes de garants. Je me suis astreint \u00e9galement \u00e0 ne citer qu\u2019un ou deux ouvrages parmi les nombreux autres cit\u00e9s dans la version compl\u00e8te. Quiconque en voudrait conna\u00eetre le compagnon ayant rapport\u00e9 cela ou les autres sources faisant mention de ce texte devrait revenir \u00e0 l\u2019original.<\/p>\n<p>Je prie Allah &#8211; que Son nom soit glorifi\u00e9 &#8211; par Ses noms sublimes et Ses attributs de majest\u00e9, que ce travail n\u2019ait \u00e9t\u00e9 fait que pour Lui plaire, de m\u2019en r\u00e9tribuer dans cette vie et apr\u00e8s la mort, d\u2019en faire b\u00e9n\u00e9ficier celui qui le lit, celui qui le publie, et celui qui collabore \u00e0 son \u00e9dition. Il est Celui qui exauce les pri\u00e8res. Que le salut soit sur notre Proph\u00e8te Muhammad (SAW) ainsi que sur sa famille, ses compagnons et tous ceux qui le suivent jusqu\u2019au Jour de la R\u00e9surrection.<\/p>\n","protected":false},"featured_media":4914,"template":"","meta":[],"product_brand":[],"product_cat":[176,45,75,21],"product_tag":[],"class_list":{"0":"post-4913","1":"product","2":"type-product","3":"status-publish","4":"has-post-thumbnail","6":"product_cat-invocations","7":"product_cat-invocations-et-rappel","8":"product_cat-invocations-et-rappels","9":"product_cat-livre","10":"description-off","12":"first","13":"instock","14":"shipping-taxable","15":"purchasable","16":"product-type-simple"},"jetpack_sharing_enabled":true,"_links":{"self":[{"href":"https:\/\/elouedshop.com\/index.php?rest_route=\/wp\/v2\/product\/4913","targetHints":{"allow":["GET"]}}],"collection":[{"href":"https:\/\/elouedshop.com\/index.php?rest_route=\/wp\/v2\/product"}],"about":[{"href":"https:\/\/elouedshop.com\/index.php?rest_route=\/wp\/v2\/types\/product"}],"wp:featuredmedia":[{"embeddable":true,"href":"https:\/\/elouedshop.com\/index.php?rest_route=\/wp\/v2\/media\/4914"}],"wp:attachment":[{"href":"https:\/\/elouedshop.com\/index.php?rest_route=%2Fwp%2Fv2%2Fmedia&parent=4913"}],"wp:term":[{"taxonomy":"product_brand","embeddable":true,"href":"https:\/\/elouedshop.com\/index.php?rest_route=%2Fwp%2Fv2%2Fproduct_brand&post=4913"},{"taxonomy":"product_cat","embeddable":true,"href":"https:\/\/elouedshop.com\/index.php?rest_route=%2Fwp%2Fv2%2Fproduct_cat&post=4913"},{"taxonomy":"product_tag","embeddable":true,"href":"https:\/\/elouedshop.com\/index.php?rest_route=%2Fwp%2Fv2%2Fproduct_tag&post=4913"}],"curies":[{"name":"wp","href":"https:\/\/api.w.org\/{rel}","templated":true}]}}