{"id":4639,"date":"2023-11-08T09:54:34","date_gmt":"2023-11-08T09:54:34","guid":{"rendered":"https:\/\/elouedshop.com\/?post_type=product&#038;p=4639"},"modified":"2024-01-10T14:45:06","modified_gmt":"2024-01-10T14:45:06","slug":"tapis-enfant-bebe-couleur-gris-argente-avec-motifs","status":"publish","type":"product","link":"https:\/\/elouedshop.com\/?product=tapis-enfant-bebe-couleur-gris-argente-avec-motifs","title":{"rendered":"Tapis enfant (b\u00e9b\u00e9) couleur gris (argent\u00e9) avec motifs"},"content":{"rendered":"","protected":false},"excerpt":{"rendered":"<p>Tapis enfant tr\u00e8s doux au toucher de type velours avec motifs discrets indiquant la direction de la qibla.<\/p>\n","protected":false},"featured_media":4640,"template":"","meta":[],"product_brand":[],"product_cat":[73],"product_tag":[],"class_list":{"0":"post-4639","1":"product","2":"type-product","3":"status-publish","4":"has-post-thumbnail","6":"product_cat-tapis-de-priere","7":"description-off","9":"first","10":"instock","11":"shipping-taxable","12":"purchasable","13":"product-type-simple"},"jetpack_sharing_enabled":true,"_links":{"self":[{"href":"https:\/\/elouedshop.com\/index.php?rest_route=\/wp\/v2\/product\/4639","targetHints":{"allow":["GET"]}}],"collection":[{"href":"https:\/\/elouedshop.com\/index.php?rest_route=\/wp\/v2\/product"}],"about":[{"href":"https:\/\/elouedshop.com\/index.php?rest_route=\/wp\/v2\/types\/product"}],"wp:featuredmedia":[{"embeddable":true,"href":"https:\/\/elouedshop.com\/index.php?rest_route=\/wp\/v2\/media\/4640"}],"wp:attachment":[{"href":"https:\/\/elouedshop.com\/index.php?rest_route=%2Fwp%2Fv2%2Fmedia&parent=4639"}],"wp:term":[{"taxonomy":"product_brand","embeddable":true,"href":"https:\/\/elouedshop.com\/index.php?rest_route=%2Fwp%2Fv2%2Fproduct_brand&post=4639"},{"taxonomy":"product_cat","embeddable":true,"href":"https:\/\/elouedshop.com\/index.php?rest_route=%2Fwp%2Fv2%2Fproduct_cat&post=4639"},{"taxonomy":"product_tag","embeddable":true,"href":"https:\/\/elouedshop.com\/index.php?rest_route=%2Fwp%2Fv2%2Fproduct_tag&post=4639"}],"curies":[{"name":"wp","href":"https:\/\/api.w.org\/{rel}","templated":true}]}}