{"id":4535,"date":"2023-11-07T22:41:38","date_gmt":"2023-11-07T22:41:38","guid":{"rendered":"https:\/\/elouedshop.com\/?post_type=product&#038;p=4535"},"modified":"2023-11-07T22:41:39","modified_gmt":"2023-11-07T22:41:39","slug":"cahier-decriture-arabe-kouras-al-khat-1er-niveau","status":"publish","type":"product","link":"https:\/\/elouedshop.com\/?product=cahier-decriture-arabe-kouras-al-khat-1er-niveau","title":{"rendered":"Cahier d&rsquo;\u00e9criture arabe (Kouras Al-Khat &#8211; 1er niveau)"},"content":{"rendered":"","protected":false},"excerpt":{"rendered":"<p>Un grand classique. Ce cahier d&rsquo;\u00e9criture (1er niveau \u0627\u0644\u0637\u0648\u0631 \u0627\u0644\u0623\u0648\u0644) est tr\u00e8s bien con\u00e7u et pratique pour apprendre \u00e0 \u00e9crire l&rsquo;arabe. Convient particuli\u00e8rement aux \u00e9coles de langue arabe.<\/p>\n","protected":false},"featured_media":4536,"template":"","meta":[],"product_brand":[],"product_cat":[174,183,21],"product_tag":[],"class_list":{"0":"post-4535","1":"product","2":"type-product","3":"status-publish","4":"has-post-thumbnail","6":"product_cat-ecoles-maternelles","7":"product_cat-langues-arabe-anglais","8":"product_cat-livre","9":"description-off","11":"first","12":"instock","13":"shipping-taxable","14":"purchasable","15":"product-type-simple"},"jetpack_sharing_enabled":true,"_links":{"self":[{"href":"https:\/\/elouedshop.com\/index.php?rest_route=\/wp\/v2\/product\/4535","targetHints":{"allow":["GET"]}}],"collection":[{"href":"https:\/\/elouedshop.com\/index.php?rest_route=\/wp\/v2\/product"}],"about":[{"href":"https:\/\/elouedshop.com\/index.php?rest_route=\/wp\/v2\/types\/product"}],"wp:featuredmedia":[{"embeddable":true,"href":"https:\/\/elouedshop.com\/index.php?rest_route=\/wp\/v2\/media\/4536"}],"wp:attachment":[{"href":"https:\/\/elouedshop.com\/index.php?rest_route=%2Fwp%2Fv2%2Fmedia&parent=4535"}],"wp:term":[{"taxonomy":"product_brand","embeddable":true,"href":"https:\/\/elouedshop.com\/index.php?rest_route=%2Fwp%2Fv2%2Fproduct_brand&post=4535"},{"taxonomy":"product_cat","embeddable":true,"href":"https:\/\/elouedshop.com\/index.php?rest_route=%2Fwp%2Fv2%2Fproduct_cat&post=4535"},{"taxonomy":"product_tag","embeddable":true,"href":"https:\/\/elouedshop.com\/index.php?rest_route=%2Fwp%2Fv2%2Fproduct_tag&post=4535"}],"curies":[{"name":"wp","href":"https:\/\/api.w.org\/{rel}","templated":true}]}}