{"id":4501,"date":"2023-11-07T20:03:58","date_gmt":"2023-11-07T20:03:58","guid":{"rendered":"https:\/\/elouedshop.com\/?post_type=product&#038;p=4501"},"modified":"2023-11-07T20:03:59","modified_gmt":"2023-11-07T20:03:59","slug":"les-miracles-de-notre-corps-nouvelle-edition","status":"publish","type":"product","link":"https:\/\/elouedshop.com\/?product=les-miracles-de-notre-corps-nouvelle-edition","title":{"rendered":"Les miracles de notre corps &#8211; Nouvelle \u00e9dition"},"content":{"rendered":"","protected":false},"excerpt":{"rendered":"<p>Livre tout en couleur, illustr\u00e9 avec des dizaines d&rsquo;images tr\u00e8s instructifs.<\/p>\n<p>Comme Dieu l&rsquo;a si admirablement planifi\u00e9, chaque cellule parmi les milliards d&rsquo;autres qui constituent notre corps accomplit des t\u00e2ches sp\u00e9cifiques avec une rare perfection et ce, afin que l&rsquo;on puisse vivre sans aucune difficult\u00e9.<\/p>\n<p>Comme toute chose sur terre, Dieu a cr\u00e9e l&rsquo;\u00eatre humain de fa\u00e7on parfaite et l&rsquo;a muni de tout ce dont il a besoin pour accomplir au mieux la mission dont il a \u00e9t\u00e9 investi. Pour cette raison, on se doit de remercier notre Cr\u00e9ateur pour les pr\u00e9sents inestimables qu&rsquo;Il nous a faits que personne d&rsquo;autre que Lui ne pourrait nous offrir.<\/p>\n<p>Ce livre vous am\u00e8nera \u00e0 r\u00e9fl\u00e9chir sur votre corps. Il vous fera d\u00e9couvrir de fa\u00e7on simple sa complexit\u00e9 et les miracles de sa constitution. Apr\u00e8s l&rsquo;avoir lu, vous aimerez Dieu avec plus d&rsquo;intensit\u00e9 et vous Le remercierez davantage pour Ses bienfaits. Vous serez sans doute surpris de la n\u00e9gligence des gens autour de vous qui ne m\u00e9ditent pas sur les merveilles de notre corps. N&rsquo;h\u00e9sitez pas \u00e0 alors \u00e0 leur communiquer ce que vous avez appris afin de leur mettre en \u00e9vidence l&rsquo;existence de Dieu le Tout Puissant.<\/p>\n","protected":false},"featured_media":4503,"template":"","meta":[],"product_brand":[],"product_cat":[24,207,21,178],"product_tag":[],"class_list":{"0":"post-4501","1":"product","2":"type-product","3":"status-publish","4":"has-post-thumbnail","6":"product_cat-enfants","7":"product_cat-islam-sciences","8":"product_cat-livre","9":"product_cat-sciences-decouverte","10":"description-off","12":"first","13":"instock","14":"shipping-taxable","15":"purchasable","16":"product-type-simple"},"jetpack_sharing_enabled":true,"_links":{"self":[{"href":"https:\/\/elouedshop.com\/index.php?rest_route=\/wp\/v2\/product\/4501","targetHints":{"allow":["GET"]}}],"collection":[{"href":"https:\/\/elouedshop.com\/index.php?rest_route=\/wp\/v2\/product"}],"about":[{"href":"https:\/\/elouedshop.com\/index.php?rest_route=\/wp\/v2\/types\/product"}],"wp:featuredmedia":[{"embeddable":true,"href":"https:\/\/elouedshop.com\/index.php?rest_route=\/wp\/v2\/media\/4503"}],"wp:attachment":[{"href":"https:\/\/elouedshop.com\/index.php?rest_route=%2Fwp%2Fv2%2Fmedia&parent=4501"}],"wp:term":[{"taxonomy":"product_brand","embeddable":true,"href":"https:\/\/elouedshop.com\/index.php?rest_route=%2Fwp%2Fv2%2Fproduct_brand&post=4501"},{"taxonomy":"product_cat","embeddable":true,"href":"https:\/\/elouedshop.com\/index.php?rest_route=%2Fwp%2Fv2%2Fproduct_cat&post=4501"},{"taxonomy":"product_tag","embeddable":true,"href":"https:\/\/elouedshop.com\/index.php?rest_route=%2Fwp%2Fv2%2Fproduct_tag&post=4501"}],"curies":[{"name":"wp","href":"https:\/\/api.w.org\/{rel}","templated":true}]}}