{"id":4229,"date":"2023-10-12T23:03:10","date_gmt":"2023-10-12T23:03:10","guid":{"rendered":"https:\/\/elouedshop.com\/?post_type=product&#038;p=4229"},"modified":"2024-10-09T21:35:17","modified_gmt":"2024-10-09T21:35:17","slug":"japprends-la-vertu-et-les-bonnes-manieres-avec-salah-la-perseverance","status":"publish","type":"product","link":"https:\/\/elouedshop.com\/?product=japprends-la-vertu-et-les-bonnes-manieres-avec-salah-la-perseverance","title":{"rendered":"J&rsquo;apprends la vertu et les bonnes mani\u00e8res avec S\u00e2lah : La pers\u00e9v\u00e9rance"},"content":{"rendered":"","protected":false},"excerpt":{"rendered":"<p>La pers\u00e9v\u00e9rance expliqu\u00e9e aux enfants gr\u00e2ce \u00e0 des r\u00e9cits \u00e9ducatifs sur les belles qualit\u00e9s&#8230;<\/p>\n<p>&#8220;S\u00e2lah&#8221; en langue arabe signifie une personne qui est de nature bonne et qui fait du bien autour de lui (une personne bienfaisante, un exemple \u00e0 suivre, un saint&#8230;)<\/p>\n<p>L\u2019amiti\u00e9, la modestie, la gentillesse, la pers\u00e9v\u00e9rance, la justice, le respect, l\u2019honn\u00eatet\u00e9, la g\u00e9n\u00e9rosit\u00e9, la responsabilit\u00e9 et la solidarit\u00e9. Comment enseigner ces qualit\u00e9s aux enfants ?<\/p>\n<p>\u201cJ\u2019apprends la vertu et les bonnes mani\u00e8res avec S\u00e2lah\u201d montre, avec des phrases simples et des illustrations amusantes, l\u2019importance de ces vertus dans l\u2019\u00e9ducation des enfants.<\/p>\n<p>Chacun des dix r\u00e9cits de cette collection comporte d\u2019importants enseignements \u00e9manant essentiellement de la sagesse musulmane, visant \u00e0 rendre effectif l\u2019apprentissage de ces qualit\u00e9s chez l\u2019enfant.<\/p>\n<p>Les 10 livres de cette premi\u00e8re collection sont adapt\u00e9s aux enfants \u00e0 partir de 3 ans.<\/p>\n","protected":false},"featured_media":4230,"template":"","meta":[],"product_brand":[],"product_cat":[167,181,24,21],"product_tag":[],"class_list":{"0":"post-4229","1":"product","2":"type-product","3":"status-publish","4":"has-post-thumbnail","6":"product_cat-contes-educatifs","7":"product_cat-education-religieuse","8":"product_cat-enfants","9":"product_cat-livre","10":"description-off","12":"first","13":"instock","14":"shipping-taxable","15":"purchasable","16":"product-type-simple"},"jetpack_sharing_enabled":true,"_links":{"self":[{"href":"https:\/\/elouedshop.com\/index.php?rest_route=\/wp\/v2\/product\/4229","targetHints":{"allow":["GET"]}}],"collection":[{"href":"https:\/\/elouedshop.com\/index.php?rest_route=\/wp\/v2\/product"}],"about":[{"href":"https:\/\/elouedshop.com\/index.php?rest_route=\/wp\/v2\/types\/product"}],"wp:featuredmedia":[{"embeddable":true,"href":"https:\/\/elouedshop.com\/index.php?rest_route=\/wp\/v2\/media\/4230"}],"wp:attachment":[{"href":"https:\/\/elouedshop.com\/index.php?rest_route=%2Fwp%2Fv2%2Fmedia&parent=4229"}],"wp:term":[{"taxonomy":"product_brand","embeddable":true,"href":"https:\/\/elouedshop.com\/index.php?rest_route=%2Fwp%2Fv2%2Fproduct_brand&post=4229"},{"taxonomy":"product_cat","embeddable":true,"href":"https:\/\/elouedshop.com\/index.php?rest_route=%2Fwp%2Fv2%2Fproduct_cat&post=4229"},{"taxonomy":"product_tag","embeddable":true,"href":"https:\/\/elouedshop.com\/index.php?rest_route=%2Fwp%2Fv2%2Fproduct_tag&post=4229"}],"curies":[{"name":"wp","href":"https:\/\/api.w.org\/{rel}","templated":true}]}}