{"id":4116,"date":"2023-10-09T23:06:49","date_gmt":"2023-10-09T23:06:49","guid":{"rendered":"https:\/\/elouedshop.com\/?post_type=product&#038;p=4116"},"modified":"2024-01-21T16:16:32","modified_gmt":"2024-01-21T16:16:32","slug":"les-regles-religieuses-concernant-les-femmes-couverture-blanche-doree-souple","status":"publish","type":"product","link":"https:\/\/elouedshop.com\/?product=les-regles-religieuses-concernant-les-femmes-couverture-blanche-doree-souple","title":{"rendered":"Les R\u00e8gles Religieuses concernant les Femmes (Couverture blanche dor\u00e9e souple)"},"content":{"rendered":"","protected":false},"excerpt":{"rendered":"<p><strong>Suivi de la pr\u00e9sentation des meilleures des femmes en termes de noblesse, de m\u00e9rite et de science<\/strong><\/p>\n<p>Version compl\u00e8te livre Ahk\u00e2m An-Niss\u00e2&#8217; par l&#8217;imam Al-H\u00e2fizh Ibn Al-Jawz\u00ee Abu-l-Faraj \u2018Abdu-r-Rahm\u00e2n Ibn \u2018Al\u00ee Ibn Muhammad.<\/p>\n<p>Livre en langue fran\u00e7aise et de nombreux hadiths sont \u00e9galement cit\u00e9s en langue arabe vocalis\u00e9e.<\/p>\n<p>La fin du livre est consacr\u00e9e aux meilleures des femmes en terme de noblesse, de m\u00e9rite et de science.<\/p>\n","protected":false},"featured_media":4117,"template":"","meta":[],"product_brand":[],"product_cat":[25,147,21],"product_tag":[],"class_list":{"0":"post-4116","1":"product","2":"type-product","3":"status-publish","4":"has-post-thumbnail","6":"product_cat-femmes","7":"product_cat-jurisprudence","8":"product_cat-livre","9":"description-off","11":"first","12":"instock","13":"shipping-taxable","14":"purchasable","15":"product-type-simple"},"jetpack_sharing_enabled":true,"_links":{"self":[{"href":"https:\/\/elouedshop.com\/index.php?rest_route=\/wp\/v2\/product\/4116","targetHints":{"allow":["GET"]}}],"collection":[{"href":"https:\/\/elouedshop.com\/index.php?rest_route=\/wp\/v2\/product"}],"about":[{"href":"https:\/\/elouedshop.com\/index.php?rest_route=\/wp\/v2\/types\/product"}],"wp:featuredmedia":[{"embeddable":true,"href":"https:\/\/elouedshop.com\/index.php?rest_route=\/wp\/v2\/media\/4117"}],"wp:attachment":[{"href":"https:\/\/elouedshop.com\/index.php?rest_route=%2Fwp%2Fv2%2Fmedia&parent=4116"}],"wp:term":[{"taxonomy":"product_brand","embeddable":true,"href":"https:\/\/elouedshop.com\/index.php?rest_route=%2Fwp%2Fv2%2Fproduct_brand&post=4116"},{"taxonomy":"product_cat","embeddable":true,"href":"https:\/\/elouedshop.com\/index.php?rest_route=%2Fwp%2Fv2%2Fproduct_cat&post=4116"},{"taxonomy":"product_tag","embeddable":true,"href":"https:\/\/elouedshop.com\/index.php?rest_route=%2Fwp%2Fv2%2Fproduct_tag&post=4116"}],"curies":[{"name":"wp","href":"https:\/\/api.w.org\/{rel}","templated":true}]}}