{"id":4035,"date":"2023-10-09T18:01:18","date_gmt":"2023-10-09T18:01:18","guid":{"rendered":"https:\/\/elouedshop.com\/?post_type=product&#038;p=4035"},"modified":"2023-10-09T18:01:19","modified_gmt":"2023-10-09T18:01:19","slug":"japprends-ma-religion-avec-la-famille-arnoube-livre-pour-les-enfants-musulmans","status":"publish","type":"product","link":"https:\/\/elouedshop.com\/?product=japprends-ma-religion-avec-la-famille-arnoube-livre-pour-les-enfants-musulmans","title":{"rendered":"J&rsquo;apprends ma religion avec la famille Arnoube (Livre pour les enfants musulmans)"},"content":{"rendered":"","protected":false},"excerpt":{"rendered":"<p>Nouvelle \u00e9dition 2022 avec plus de pages !<\/p>\n<p>J\u2019apprends ma religion avec la famille Arnoube (Les petits lapins musulmans). Dans ce livre l&rsquo;enfant va d\u00e9couvrir et apprendre les notions suivantes :<\/p>\n<ul>\n<li>La foi en Allah<\/li>\n<li>L\u2019invocation d\u2019Allah<\/li>\n<li>Le Tawh\u00eed et le chirk<\/li>\n<li>Le remerciement d\u2019Allah<\/li>\n<li>La m\u00e9ditation sur la cr\u00e9ation<\/li>\n<li>Les nombreux bienfaits d\u2019Allah<\/li>\n<\/ul>\n<p>Ce sont des notions tr\u00e8s importantes que les enfants musulmans doivent conna\u00eetre&#8230; Gr\u00e2ce aux dialogues entre les petits lapins de la famille Arnoube, et les nombreuses questions\/r\u00e9ponses, votre enfant assimilera plus facilement ces notions indispensables&#8230;<\/p>\n<p>Ce petit livre contient de magnifiques paysages qui vont faire voyager votre enfant et lui faire d\u00e9couvrir de fa\u00e7on ludique et agr\u00e9able le dogme musulman (&lsquo;Aq\u00eeda) ainsi que des valeurs musulmanes et universelles&#8230;<\/p>\n","protected":false},"featured_media":4036,"template":"","meta":[],"product_brand":[],"product_cat":[167,180,174,181,24,21],"product_tag":[],"class_list":{"0":"post-4035","1":"product","2":"type-product","3":"status-publish","4":"has-post-thumbnail","6":"product_cat-contes-educatifs","7":"product_cat-dogme-2","8":"product_cat-ecoles-maternelles","9":"product_cat-education-religieuse","10":"product_cat-enfants","11":"product_cat-livre","12":"description-off","14":"first","15":"instock","16":"shipping-taxable","17":"purchasable","18":"product-type-simple"},"jetpack_sharing_enabled":true,"_links":{"self":[{"href":"https:\/\/elouedshop.com\/index.php?rest_route=\/wp\/v2\/product\/4035","targetHints":{"allow":["GET"]}}],"collection":[{"href":"https:\/\/elouedshop.com\/index.php?rest_route=\/wp\/v2\/product"}],"about":[{"href":"https:\/\/elouedshop.com\/index.php?rest_route=\/wp\/v2\/types\/product"}],"wp:featuredmedia":[{"embeddable":true,"href":"https:\/\/elouedshop.com\/index.php?rest_route=\/wp\/v2\/media\/4036"}],"wp:attachment":[{"href":"https:\/\/elouedshop.com\/index.php?rest_route=%2Fwp%2Fv2%2Fmedia&parent=4035"}],"wp:term":[{"taxonomy":"product_brand","embeddable":true,"href":"https:\/\/elouedshop.com\/index.php?rest_route=%2Fwp%2Fv2%2Fproduct_brand&post=4035"},{"taxonomy":"product_cat","embeddable":true,"href":"https:\/\/elouedshop.com\/index.php?rest_route=%2Fwp%2Fv2%2Fproduct_cat&post=4035"},{"taxonomy":"product_tag","embeddable":true,"href":"https:\/\/elouedshop.com\/index.php?rest_route=%2Fwp%2Fv2%2Fproduct_tag&post=4035"}],"curies":[{"name":"wp","href":"https:\/\/api.w.org\/{rel}","templated":true}]}}