{"id":4007,"date":"2023-10-09T17:44:17","date_gmt":"2023-10-09T17:44:17","guid":{"rendered":"https:\/\/elouedshop.com\/?post_type=product&#038;p=4007"},"modified":"2023-10-09T17:44:18","modified_gmt":"2023-10-09T17:44:18","slug":"japprends-mon-hadith-dire-la-verite","status":"publish","type":"product","link":"https:\/\/elouedshop.com\/?product=japprends-mon-hadith-dire-la-verite","title":{"rendered":"J&rsquo;apprends mon hadith : Dire la v\u00e9rit\u00e9"},"content":{"rendered":"","protected":false},"excerpt":{"rendered":"<p>\u00ab J\u2019apprends mon hadith \u00bb explique aux enfants comment ob\u00e9ir aux enseignements du proph\u00e8te Mohamed (saw) dans la vie quotidienne. Les personnages principaux, un fr\u00e8re et une s\u0153ur, nomm\u00e9s Meriem et Youssef, ont une bo\u00eete \u00e0 Hadith chez eux. Chaque livre de cette s\u00e9rie concerne un Hadith particulier. Les membres de la famille essaient d\u2019appliquer ce Hadith dans leur vie tout au long de l\u2019histoire. Les enfants s\u2019identifieront aux h\u00e9ros de l\u2019histoire, ce qui facilitera leur apprentissage et leur pratique de tous les Hadiths.<\/p>\n","protected":false},"featured_media":4008,"template":"","meta":[],"product_brand":[],"product_cat":[181,24,170,21],"product_tag":[],"class_list":{"0":"post-4007","1":"product","2":"type-product","3":"status-publish","4":"has-post-thumbnail","6":"product_cat-education-religieuse","7":"product_cat-enfants","8":"product_cat-hadiths-histoires","9":"product_cat-livre","10":"description-off","12":"first","13":"instock","14":"shipping-taxable","15":"purchasable","16":"product-type-simple"},"jetpack_sharing_enabled":true,"_links":{"self":[{"href":"https:\/\/elouedshop.com\/index.php?rest_route=\/wp\/v2\/product\/4007","targetHints":{"allow":["GET"]}}],"collection":[{"href":"https:\/\/elouedshop.com\/index.php?rest_route=\/wp\/v2\/product"}],"about":[{"href":"https:\/\/elouedshop.com\/index.php?rest_route=\/wp\/v2\/types\/product"}],"wp:featuredmedia":[{"embeddable":true,"href":"https:\/\/elouedshop.com\/index.php?rest_route=\/wp\/v2\/media\/4008"}],"wp:attachment":[{"href":"https:\/\/elouedshop.com\/index.php?rest_route=%2Fwp%2Fv2%2Fmedia&parent=4007"}],"wp:term":[{"taxonomy":"product_brand","embeddable":true,"href":"https:\/\/elouedshop.com\/index.php?rest_route=%2Fwp%2Fv2%2Fproduct_brand&post=4007"},{"taxonomy":"product_cat","embeddable":true,"href":"https:\/\/elouedshop.com\/index.php?rest_route=%2Fwp%2Fv2%2Fproduct_cat&post=4007"},{"taxonomy":"product_tag","embeddable":true,"href":"https:\/\/elouedshop.com\/index.php?rest_route=%2Fwp%2Fv2%2Fproduct_tag&post=4007"}],"curies":[{"name":"wp","href":"https:\/\/api.w.org\/{rel}","templated":true}]}}