{"id":3907,"date":"2023-10-06T17:46:27","date_gmt":"2023-10-06T17:46:27","guid":{"rendered":"https:\/\/elouedshop.com\/?post_type=product&#038;p=3907"},"modified":"2023-10-06T17:46:27","modified_gmt":"2023-10-06T17:46:27","slug":"exhortation-a-oeuvrer-avant-quil-ne-soit-trop-tard","status":"publish","type":"product","link":"https:\/\/elouedshop.com\/?product=exhortation-a-oeuvrer-avant-quil-ne-soit-trop-tard","title":{"rendered":"Exhortation \u00e0 oeuvrer avant qu&rsquo;il ne soit trop tard"},"content":{"rendered":"","protected":false},"excerpt":{"rendered":"<p>Sache, qu&rsquo;Allah te fasse mis\u00e9ricorde, que cette vie est un champ de labour pour l&rsquo;au-del\u00e0. Ce bas-monde n&rsquo;est qu&rsquo;un lieu de n\u00e9goce o\u00f9 se trouve toutes sortes de marchandises que nous sommes sens\u00e9s acqu\u00e9rir en guise de provisions (qui seront notre b\u00e9n\u00e9fice dans l&rsquo;au-del\u00e0).<\/p>\n<p>C&rsquo;est par l&rsquo;acquisition de ces provisions que les premiers musulmans se sont distingu\u00e9s, que les pieux ont connus le succ\u00e8s, que les v\u00e9ridiques ont r\u00e9ussi. Ceux qui ont oeuvr\u00e9, ils ont r\u00e9colt\u00e9 les fruits de leurs efforts alors que ceux qui ont prof\u00e9r\u00e9 des mensonges se trouvent perdants.<\/p>\n","protected":false},"featured_media":3908,"template":"","meta":[],"product_brand":[],"product_cat":[142,21],"product_tag":[],"class_list":{"0":"post-3907","1":"product","2":"type-product","3":"status-publish","4":"has-post-thumbnail","6":"product_cat-exhortation","7":"product_cat-livre","8":"description-off","10":"first","11":"instock","12":"shipping-taxable","13":"purchasable","14":"product-type-simple"},"jetpack_sharing_enabled":true,"_links":{"self":[{"href":"https:\/\/elouedshop.com\/index.php?rest_route=\/wp\/v2\/product\/3907","targetHints":{"allow":["GET"]}}],"collection":[{"href":"https:\/\/elouedshop.com\/index.php?rest_route=\/wp\/v2\/product"}],"about":[{"href":"https:\/\/elouedshop.com\/index.php?rest_route=\/wp\/v2\/types\/product"}],"wp:featuredmedia":[{"embeddable":true,"href":"https:\/\/elouedshop.com\/index.php?rest_route=\/wp\/v2\/media\/3908"}],"wp:attachment":[{"href":"https:\/\/elouedshop.com\/index.php?rest_route=%2Fwp%2Fv2%2Fmedia&parent=3907"}],"wp:term":[{"taxonomy":"product_brand","embeddable":true,"href":"https:\/\/elouedshop.com\/index.php?rest_route=%2Fwp%2Fv2%2Fproduct_brand&post=3907"},{"taxonomy":"product_cat","embeddable":true,"href":"https:\/\/elouedshop.com\/index.php?rest_route=%2Fwp%2Fv2%2Fproduct_cat&post=3907"},{"taxonomy":"product_tag","embeddable":true,"href":"https:\/\/elouedshop.com\/index.php?rest_route=%2Fwp%2Fv2%2Fproduct_tag&post=3907"}],"curies":[{"name":"wp","href":"https:\/\/api.w.org\/{rel}","templated":true}]}}