{"id":3707,"date":"2023-09-25T11:34:13","date_gmt":"2023-09-25T11:34:13","guid":{"rendered":"https:\/\/elouedshop.com\/?post_type=product&#038;p=3707"},"modified":"2023-10-06T12:31:48","modified_gmt":"2023-10-06T12:31:48","slug":"dans-la-demeure-du-messager-dallah-2","status":"publish","type":"product","link":"https:\/\/elouedshop.com\/?product=dans-la-demeure-du-messager-dallah-2","title":{"rendered":"Dans la demeure du Messager d&rsquo;Allah"},"content":{"rendered":"","protected":false},"excerpt":{"rendered":"<p>La biographie de notre proph\u00e8te (PBDSL) est l\u2019objet de l\u2019attention de toute la nation islamique, de g\u00e9n\u00e9ration en g\u00e9n\u00e9ration depuis des si\u00e8cles. Elle demeure \u00e9galement une source intarissable d\u2019enseignements dans de nombreux domaines ; allant de la croyance \u00e0 la l\u00e9gislation, en passant par les enseignements juridiques, m\u00e9thodologiques et \u00e9ducatifs. Les savants musulmans ont port\u00e9 un int\u00e9r\u00eat particulier \u00e0 cette biographie qui ne ressemble \u00e0 nulle autre pareil. C\u2019est donc dans cet esprit que nous nous sommes attel\u00e9 \u00e0 s\u00e9lectionner certains passages de la vie familiale du proph\u00e8te afin de mettre en \u00e9vidence les aspects relatifs \u00e0 son foyer. Il faut donc noter que les quatre livrets de cette s\u00e9rie sont tir\u00e9s de notre grand ouvrage intitul\u00e9 \u00ab Muqtataf\u00e2t mi nBayt an-Nubuwwah \u00bb (la maison de la proph\u00e9tie \u0645\u0642\u062a\u0637\u0641\u0627\u062a \u0645\u0646 \u0628\u064a\u062a \u0627\u0644\u0646\u0628\u0648\u0629).<\/p>\n<p>Livrets rassembl\u00e9s dans ce livre sous les titres suivants :<\/p>\n<ul>\n<li>Les mariages du Proph\u00e8te avec les m\u00e8res des croyants<\/li>\n<li>La vie familiale du Proph\u00e8te<\/li>\n<li>La vie du Proph\u00e8te avec ses filles<\/li>\n<li>L&rsquo;enfance du Proph\u00e8te<\/li>\n<\/ul>\n<p>Les versets coraniques sont \u00e9galement cit\u00e9s en langue arabe.<\/p>\n","protected":false},"featured_media":3708,"template":"","meta":[],"product_brand":[],"product_cat":[66,25,21,70],"product_tag":[],"class_list":{"0":"post-3707","1":"product","2":"type-product","3":"status-publish","4":"has-post-thumbnail","6":"product_cat-compagnons","7":"product_cat-femmes","8":"product_cat-livre","9":"product_cat-vie-du-prophete-saw","10":"description-off","12":"first","13":"instock","14":"shipping-taxable","15":"purchasable","16":"product-type-simple"},"jetpack_sharing_enabled":true,"_links":{"self":[{"href":"https:\/\/elouedshop.com\/index.php?rest_route=\/wp\/v2\/product\/3707","targetHints":{"allow":["GET"]}}],"collection":[{"href":"https:\/\/elouedshop.com\/index.php?rest_route=\/wp\/v2\/product"}],"about":[{"href":"https:\/\/elouedshop.com\/index.php?rest_route=\/wp\/v2\/types\/product"}],"wp:featuredmedia":[{"embeddable":true,"href":"https:\/\/elouedshop.com\/index.php?rest_route=\/wp\/v2\/media\/3708"}],"wp:attachment":[{"href":"https:\/\/elouedshop.com\/index.php?rest_route=%2Fwp%2Fv2%2Fmedia&parent=3707"}],"wp:term":[{"taxonomy":"product_brand","embeddable":true,"href":"https:\/\/elouedshop.com\/index.php?rest_route=%2Fwp%2Fv2%2Fproduct_brand&post=3707"},{"taxonomy":"product_cat","embeddable":true,"href":"https:\/\/elouedshop.com\/index.php?rest_route=%2Fwp%2Fv2%2Fproduct_cat&post=3707"},{"taxonomy":"product_tag","embeddable":true,"href":"https:\/\/elouedshop.com\/index.php?rest_route=%2Fwp%2Fv2%2Fproduct_tag&post=3707"}],"curies":[{"name":"wp","href":"https:\/\/api.w.org\/{rel}","templated":true}]}}