{"id":3703,"date":"2023-09-25T11:31:09","date_gmt":"2023-09-25T11:31:09","guid":{"rendered":"https:\/\/elouedshop.com\/?post_type=product&#038;p=3703"},"modified":"2023-10-06T12:32:38","modified_gmt":"2023-10-06T12:32:38","slug":"conseils-pour-la-femme-musulmane-suivi-de-questions-reponses-broche","status":"publish","type":"product","link":"https:\/\/elouedshop.com\/?product=conseils-pour-la-femme-musulmane-suivi-de-questions-reponses-broche","title":{"rendered":"Conseils pour la femme musulmane &#8211; Suivi de questions-r\u00e9ponses &#8211; broch\u00e9"},"content":{"rendered":"","protected":false},"excerpt":{"rendered":"<p>Nouvelle \u00e9dition avec nouvelle mise en page et pr\u00e9sentation.<\/p>\n<p>Auteur : Umm &lsquo;Abdillah Al Wadi&rsquo;iyya (Fille de Cheikh Muqbil).<\/p>\n<p>Pr\u00e9face de Cheikh Muqbil (Grand savant du Yemen).<\/p>\n<p>Enfin, apr\u00e8s avoir tant patient\u00e9, Allah nous gratifie et nous honore de pouvoir vous pr\u00e9senter la version fran\u00e7aise de cet ouvrage tant attendu, l&rsquo;original ayant connu un large succ\u00e8s aupr\u00e8s des arabophones. Et vu les enseignements et conseils qui y sont recens\u00e9, il repr\u00e9sente LE LIVRE INCONTOURNABLE POUR CHAQUE SOEUR, qu&rsquo;elle soit d\u00e9butante ou confirm\u00e9e, jeune fille ou m\u00e8re de famille.<\/p>\n<p>\u00a0\u00bb &#8230; Voici donc un conseil adress\u00e9 aux femmes suivi de questions\/r\u00e9ponses : Assur\u00e9ment, le devoir de conseil et d&rsquo;invitation \u00e0 la religion d&rsquo;Allah qu&rsquo;il incombe \u00e0 la femme envers ses soeurs est important. Et j&rsquo;esp\u00e8re que ce livre, particuli\u00e8rement adapt\u00e9, comblera le manque dans ce domaine.<\/p>\n<p>CONCERNANT L&rsquo;AUTEUR DU LIVRE, il s&rsquo;agit d&rsquo;Umm &lsquo;AbdAllah Al-Wa\u00e2di&rsquo;iya qui est vers\u00e9e dans beaucoup de sciences et se conforme au comportement du Proph\u00e8te saw ; C&rsquo;est une femme m\u00e9ritante, particuli\u00e8rement soucieuse d&rsquo;occuper son temps de mani\u00e8re utile, et de faire profiter ses soeurs de sa science. Et c&rsquo;est la raison pour laquelle Allah a b\u00e9ni la science qu&rsquo;elle d\u00e9tient. Qu&rsquo;Allah la r\u00e9compense en bien, am\u00e9liore sa situation et fasse de ses enfants des musulmans pieux, il est certes capable de tout.\u00a0\u00bb Cheikh Muqbil.<\/p>\n<p>Versets coraniques en arabe.<\/p>\n","protected":false},"featured_media":3706,"template":"","meta":[],"product_brand":[],"product_cat":[142,25,21],"product_tag":[],"class_list":{"0":"post-3703","1":"product","2":"type-product","3":"status-publish","4":"has-post-thumbnail","6":"product_cat-exhortation","7":"product_cat-femmes","8":"product_cat-livre","9":"description-off","11":"first","12":"instock","13":"shipping-taxable","14":"purchasable","15":"product-type-simple"},"jetpack_sharing_enabled":true,"_links":{"self":[{"href":"https:\/\/elouedshop.com\/index.php?rest_route=\/wp\/v2\/product\/3703","targetHints":{"allow":["GET"]}}],"collection":[{"href":"https:\/\/elouedshop.com\/index.php?rest_route=\/wp\/v2\/product"}],"about":[{"href":"https:\/\/elouedshop.com\/index.php?rest_route=\/wp\/v2\/types\/product"}],"wp:featuredmedia":[{"embeddable":true,"href":"https:\/\/elouedshop.com\/index.php?rest_route=\/wp\/v2\/media\/3706"}],"wp:attachment":[{"href":"https:\/\/elouedshop.com\/index.php?rest_route=%2Fwp%2Fv2%2Fmedia&parent=3703"}],"wp:term":[{"taxonomy":"product_brand","embeddable":true,"href":"https:\/\/elouedshop.com\/index.php?rest_route=%2Fwp%2Fv2%2Fproduct_brand&post=3703"},{"taxonomy":"product_cat","embeddable":true,"href":"https:\/\/elouedshop.com\/index.php?rest_route=%2Fwp%2Fv2%2Fproduct_cat&post=3703"},{"taxonomy":"product_tag","embeddable":true,"href":"https:\/\/elouedshop.com\/index.php?rest_route=%2Fwp%2Fv2%2Fproduct_tag&post=3703"}],"curies":[{"name":"wp","href":"https:\/\/api.w.org\/{rel}","templated":true}]}}