{"id":3538,"date":"2023-09-13T21:08:44","date_gmt":"2023-09-13T21:08:44","guid":{"rendered":"https:\/\/elouedshop.com\/?post_type=product&#038;p=3538"},"modified":"2025-01-19T23:53:15","modified_gmt":"2025-01-19T23:53:15","slug":"japprends-a-ecrire-larabe-niveau-1","status":"publish","type":"product","link":"https:\/\/elouedshop.com\/?product=japprends-a-ecrire-larabe-niveau-1","title":{"rendered":"J&rsquo;apprends \u00e0 \u00e9crire l&rsquo;arabe &#8211; Niveau 1"},"content":{"rendered":"","protected":false},"excerpt":{"rendered":"<p>Cahiers d&rsquo;apprentissage de l&rsquo;\u00e9criture arabe. Ouvrage p\u00e9dagogique et totalement illustr\u00e9.l<\/p>\n","protected":false},"featured_media":3540,"template":"","meta":[],"product_brand":[],"product_cat":[24,183,21],"product_tag":[],"class_list":{"0":"post-3538","1":"product","2":"type-product","3":"status-publish","4":"has-post-thumbnail","6":"product_cat-enfants","7":"product_cat-langues-arabe-anglais","8":"product_cat-livre","9":"description-off","11":"first","12":"instock","13":"shipping-taxable","14":"purchasable","15":"product-type-simple"},"jetpack_sharing_enabled":true,"_links":{"self":[{"href":"https:\/\/elouedshop.com\/index.php?rest_route=\/wp\/v2\/product\/3538","targetHints":{"allow":["GET"]}}],"collection":[{"href":"https:\/\/elouedshop.com\/index.php?rest_route=\/wp\/v2\/product"}],"about":[{"href":"https:\/\/elouedshop.com\/index.php?rest_route=\/wp\/v2\/types\/product"}],"wp:featuredmedia":[{"embeddable":true,"href":"https:\/\/elouedshop.com\/index.php?rest_route=\/wp\/v2\/media\/3540"}],"wp:attachment":[{"href":"https:\/\/elouedshop.com\/index.php?rest_route=%2Fwp%2Fv2%2Fmedia&parent=3538"}],"wp:term":[{"taxonomy":"product_brand","embeddable":true,"href":"https:\/\/elouedshop.com\/index.php?rest_route=%2Fwp%2Fv2%2Fproduct_brand&post=3538"},{"taxonomy":"product_cat","embeddable":true,"href":"https:\/\/elouedshop.com\/index.php?rest_route=%2Fwp%2Fv2%2Fproduct_cat&post=3538"},{"taxonomy":"product_tag","embeddable":true,"href":"https:\/\/elouedshop.com\/index.php?rest_route=%2Fwp%2Fv2%2Fproduct_tag&post=3538"}],"curies":[{"name":"wp","href":"https:\/\/api.w.org\/{rel}","templated":true}]}}