{"id":3361,"date":"2023-09-06T21:15:16","date_gmt":"2023-09-06T21:15:16","guid":{"rendered":"https:\/\/elouedshop.com\/?post_type=product&#038;p=3361"},"modified":"2023-10-06T13:49:01","modified_gmt":"2023-10-06T13:49:01","slug":"comment-parler-a-allah","status":"publish","type":"product","link":"https:\/\/elouedshop.com\/?product=comment-parler-a-allah","title":{"rendered":"Comment parler \u00e0 Allah ?"},"content":{"rendered":"<p><strong>Conditions &#8211; Biens\u00e9ances &#8211; Erreurs commises<\/strong><\/p>\n<p>L&rsquo;invocation est cette adoration spirituelle dans laquelle la cr\u00e9ature ressent la grandeur du Cr\u00e9ateur. Elle se r\u00e9fugie aupr\u00e8s de son Seigneur alors que tous les chemins lui ont \u00e9t\u00e9 barr\u00e9s, qu&rsquo;elle ne sait plus quoi faire et que tous les moyens mat\u00e9riels lui font d\u00e9faut. Alors, de mani\u00e8re instinctive, elle se tourne vers Allah afin de puiser aupr\u00e8s de Lui le sentiment d&rsquo;apaisement, de tranquilit\u00e9 de qui\u00e9tude et de s\u00e9curit\u00e9, et de trouver aupr\u00e8s de Lui ce qu&rsquo;elle n&rsquo;a pas trouv\u00e9 chez l&rsquo;\u00eatre humain. Il n&rsquo;est donc pas \u00e9tonnant que le proph\u00e8te dise : \u00ab\u00a0l&rsquo;invocation est l&rsquo;adoration\u00a0\u00bb, car elle implique la soumission totale et la reconnaissance absolue de la servitude. Elle repr\u00e9sente en outre l&rsquo;un des actes d&rsquo;adoration les plus importants et des moyens des plus nobles de se rapprocher de notre Seigneur Tout Puissant.<\/p>\n<p>Ceci dit, pour \u00eatre exauc\u00e9e, l&rsquo;invocation doit remplir certaines conditions que chaque musulman doit connaitre. Ce livre se propose de les d\u00e9crire ainsi que les r\u00e8gles de biens\u00e9ance \u00e0 observer, les moments et situation d&rsquo;exaucement, les erreurs \u00e0 \u00e9viter et bien d&rsquo;autres sujets se rapportant \u00e0 ce culte auquel nous nous adonnons quotidiennement, tout cela dans un style simple et attrayant.<\/p>\n<p>Puisse Allah nous apprendre notre religion afin que nous corrigions nos actes d&rsquo;adoration et que nos invocations soient accept\u00e9es puis exauc\u00e9es par Lui exalt\u00e9 soit-Il<\/p>\n","protected":false},"excerpt":{"rendered":"<p>Conditions &#8211; Biens\u00e9ances &#8211; Erreurs commises L&rsquo;invocation est cette adoration spirituelle dans laquelle la cr\u00e9ature ressent la grandeur du Cr\u00e9ateur. Elle se r\u00e9fugie aupr\u00e8s de son Seigneur alors que tous les chemins lui ont \u00e9t\u00e9 barr\u00e9s, qu&rsquo;elle ne sait plus quoi faire et que tous les moyens mat\u00e9riels lui font d\u00e9faut. Alors, de mani\u00e8re instinctive,&hellip;<\/p>\n","protected":false},"featured_media":3362,"template":"","meta":[],"product_brand":[],"product_cat":[176,45,75,21,48],"product_tag":[],"class_list":{"0":"post-3361","1":"product","2":"type-product","3":"status-publish","4":"has-post-thumbnail","6":"product_cat-invocations","7":"product_cat-invocations-et-rappel","8":"product_cat-invocations-et-rappels","9":"product_cat-livre","10":"product_cat-pratique-religieuse","11":"description-off","13":"first","14":"instock","15":"shipping-taxable","16":"purchasable","17":"product-type-simple"},"jetpack_sharing_enabled":true,"_links":{"self":[{"href":"https:\/\/elouedshop.com\/index.php?rest_route=\/wp\/v2\/product\/3361","targetHints":{"allow":["GET"]}}],"collection":[{"href":"https:\/\/elouedshop.com\/index.php?rest_route=\/wp\/v2\/product"}],"about":[{"href":"https:\/\/elouedshop.com\/index.php?rest_route=\/wp\/v2\/types\/product"}],"wp:featuredmedia":[{"embeddable":true,"href":"https:\/\/elouedshop.com\/index.php?rest_route=\/wp\/v2\/media\/3362"}],"wp:attachment":[{"href":"https:\/\/elouedshop.com\/index.php?rest_route=%2Fwp%2Fv2%2Fmedia&parent=3361"}],"wp:term":[{"taxonomy":"product_brand","embeddable":true,"href":"https:\/\/elouedshop.com\/index.php?rest_route=%2Fwp%2Fv2%2Fproduct_brand&post=3361"},{"taxonomy":"product_cat","embeddable":true,"href":"https:\/\/elouedshop.com\/index.php?rest_route=%2Fwp%2Fv2%2Fproduct_cat&post=3361"},{"taxonomy":"product_tag","embeddable":true,"href":"https:\/\/elouedshop.com\/index.php?rest_route=%2Fwp%2Fv2%2Fproduct_tag&post=3361"}],"curies":[{"name":"wp","href":"https:\/\/api.w.org\/{rel}","templated":true}]}}