{"id":3184,"date":"2023-08-21T11:50:17","date_gmt":"2023-08-21T11:50:17","guid":{"rendered":"https:\/\/elouedshop.com\/?post_type=product&#038;p=3184"},"modified":"2024-03-21T09:01:39","modified_gmt":"2024-03-21T09:01:39","slug":"soyez-la-femme-la-plus-heureuse-au-monde","status":"publish","type":"product","link":"https:\/\/elouedshop.com\/?product=soyez-la-femme-la-plus-heureuse-au-monde","title":{"rendered":"Soyez La femme la plus heureuse au monde"},"content":{"rendered":"<p>\u00ab\u00a0La femme la plus heureuse au monde\u00a0\u00bb par Dr. &lsquo;A\u00efd Al-Qarni.<\/p>\n<p>Ch\u00e8re lectrice, ce livre t&rsquo;es destin\u00e9 : il contient des Versets sans \u00e9quivoques, des Hadiths v\u00e9ridiques, LA parole tranchante, des histoires suggestives, des vers \u00e9mouvants, des id\u00e9es pertinentes, l&rsquo;exp\u00e9rience instructive. Lis le bien afin de venir \u00e0 bout du chagrin,des soucis, des cauchemars, de la peur et du stress. Passe en revue ce recueil afin qu&rsquo;il t&rsquo;aide \u00e0 assainir l&rsquo;amas des illusions et le tas d&rsquo;obsessions,afin d&rsquo;atteindre les berges de la qui\u00e9tude, le jardin du bonheur, les demeures de la Foi, les prairies de la joie et le paradis de la r\u00e9jouissance &#8211; puisse Allah, par Sa g\u00e9n\u00e9rosit\u00e9, te rendre heureuse ici-bas et dans l&rsquo;Au-del\u00e0, car Il est certes Donateur et Glorieux.<\/p>\n<p>Ce livre appelle la femme \u00e0 vivre joyeusement sa religion, \u00e0 \u00eatre heureuse de la Faveur d&rsquo;Allah,de consid\u00e9rer les bienfaits dont elle est combl\u00e9e comme \u00e9tant de bon augure. C&rsquo;est un sourire d&rsquo;espoir, une brise d&rsquo;esp\u00e9rance et l&rsquo;av\u00e8nement de la bonne nouvelle \u00e0 l&rsquo;adresse de toute femme qui supporte difficilement les vicissitudes de la vie. Elle est appel\u00e9e \u00e0 patienter et \u00e0 attendre la facilit\u00e9 apr\u00e8s l&rsquo;\u00e9preuve. Il s&rsquo;adresse \u00e0 sa raison, son c\u0153ur, son \u00e2me,pour lui dire : ne d\u00e9sesp\u00e8re pas, sois optimiste : Allah est certes avec toi, Allah te suffira, Allah r\u00e9pondra \u00e0 tes demandes. En effet, Allah te prot\u00e8ge et te soutient&#8230;<\/p>\n<p>Nous vous recommandons \u00e9galement le livre suivant :\u00a0Pour une vie heureuse &#8211; Rem\u00e8des contre la tristesse et l&rsquo;angoisse<\/p>\n","protected":false},"excerpt":{"rendered":"<p>\u00ab\u00a0La femme la plus heureuse au monde\u00a0\u00bb par Dr. &lsquo;A\u00efd Al-Qarni. Ch\u00e8re lectrice, ce livre t&rsquo;es destin\u00e9 : il contient des Versets sans \u00e9quivoques, des Hadiths v\u00e9ridiques, LA parole tranchante, des histoires suggestives, des vers \u00e9mouvants, des id\u00e9es pertinentes, l&rsquo;exp\u00e9rience instructive. Lis le bien afin de venir \u00e0 bout du chagrin,des soucis, des cauchemars, de&hellip;<\/p>\n","protected":false},"featured_media":3185,"template":"","meta":[],"product_brand":[],"product_cat":[25,21],"product_tag":[],"class_list":{"0":"post-3184","1":"product","2":"type-product","3":"status-publish","4":"has-post-thumbnail","6":"product_cat-femmes","7":"product_cat-livre","8":"description-off","10":"first","11":"instock","12":"shipping-taxable","13":"purchasable","14":"product-type-simple"},"jetpack_sharing_enabled":true,"_links":{"self":[{"href":"https:\/\/elouedshop.com\/index.php?rest_route=\/wp\/v2\/product\/3184","targetHints":{"allow":["GET"]}}],"collection":[{"href":"https:\/\/elouedshop.com\/index.php?rest_route=\/wp\/v2\/product"}],"about":[{"href":"https:\/\/elouedshop.com\/index.php?rest_route=\/wp\/v2\/types\/product"}],"wp:featuredmedia":[{"embeddable":true,"href":"https:\/\/elouedshop.com\/index.php?rest_route=\/wp\/v2\/media\/3185"}],"wp:attachment":[{"href":"https:\/\/elouedshop.com\/index.php?rest_route=%2Fwp%2Fv2%2Fmedia&parent=3184"}],"wp:term":[{"taxonomy":"product_brand","embeddable":true,"href":"https:\/\/elouedshop.com\/index.php?rest_route=%2Fwp%2Fv2%2Fproduct_brand&post=3184"},{"taxonomy":"product_cat","embeddable":true,"href":"https:\/\/elouedshop.com\/index.php?rest_route=%2Fwp%2Fv2%2Fproduct_cat&post=3184"},{"taxonomy":"product_tag","embeddable":true,"href":"https:\/\/elouedshop.com\/index.php?rest_route=%2Fwp%2Fv2%2Fproduct_tag&post=3184"}],"curies":[{"name":"wp","href":"https:\/\/api.w.org\/{rel}","templated":true}]}}