{"id":2099,"date":"2023-08-11T17:35:27","date_gmt":"2023-08-11T17:35:27","guid":{"rendered":"https:\/\/elouedshop.com\/?post_type=product&#038;p=2099"},"modified":"2023-10-08T13:46:44","modified_gmt":"2023-10-08T13:46:44","slug":"le-livre-du-tawhid-kitab-at-tawhid-version-francaise","status":"publish","type":"product","link":"https:\/\/elouedshop.com\/?product=le-livre-du-tawhid-kitab-at-tawhid-version-francaise","title":{"rendered":"Le Livre du Tawh\u00eed (Kit\u00e2b At-Tawh\u00eed &#8211; Version fran\u00e7aise)"},"content":{"rendered":"<p>Ce pr\u00e9sent ouvrage, intitul\u00e9 le \u00abLivre du Tawh\u00eed\u00bb (Kit\u00e2b At-Tawh\u00eed), est l\u2019\u0153uvre du r\u00e9vivificateur \u00e9m\u00e9rite, le cheikh Muhammad Ibn \u2018Abdi-l-Wahh\u00e2b Ibn Sulaym\u00e2n \u00c2l Muchrif At-Tam\u00eem\u00ee (qu\u2019Allah lui fasse Mis\u00e9ricorde), n\u00e9 en 1115 de l\u2019H\u00e9gire (1703 apr. J.-C.) \u00e0 \u2018Uyayna au nord de Riyad, et d\u00e9c\u00e9d\u00e9 en 1206 de l\u2019H\u00e9gire (1791 apr. J.-C.).<\/p>\n<p>A l\u2019\u00e9poque de l\u2019auteur, la p\u00e9ninsule Arabique vit appara\u00eetre de nombreuses pratiques polyth\u00e9istes. Des musulmans d\u2019alors s\u2019adonnaient au culte des saints, des tombes et des arbres, laissaient libre cours \u00e0 leurs opinions \u00e9gar\u00e9es, ce qui les d\u00e9via de la voie d\u2019Allah et de Son Messager. La confusion fut donc r\u00e9pandue et les croyances superstitieuses prirent la place de la v\u00e9ritable foi.<\/p>\n<p>Face \u00e0 cette situation, Muhammad Ibn \u2018Abdi-l-Wahh\u00e2b se donna pour t\u00e2che de r\u00e9tablir la voie de la v\u00e9rit\u00e9 et faire rena\u00eetre l\u2019Islam originel tel que transmis par le Proph\u00e8te (SAW) et les premi\u00e8res g\u00e9n\u00e9rations de musulmans apr\u00e8s lui. Il \u00e9labora donc, entre autres, cet \u00e9crit afin de contrecarrer ces diff\u00e9rentes pratiques idol\u00e2tres d\u2019un c\u00f4t\u00e9, et pour raffermir la parole de l\u2019Unicit\u00e9 (Tawh\u00eed) dans les c\u0153urs d\u2019un autre.<\/p>\n<p>Ce livre traite donc de l\u2019Unicit\u00e9 divine, qui est le principe fondamental de l\u2019Islam, le sens m\u00eame de l\u2019attestation de foi \u00abIl n\u2019y a point de divinit\u00e9 digne d\u2019adoration en dehors d\u2019Allah\u00bb. Ce principe consiste \u00e0 vouer \u00e0 Allah un culte sinc\u00e8re et exclusif en rejetant toute forme de polyth\u00e9isme (chirk).<\/p>\n<p>Pour bien mettre en \u0153uvre le principe de l\u2019Unicit\u00e9, il convient de conna\u00eetre ses trois niveaux : l\u2019Unicit\u00e9 de la Seigneurie, l\u2019Unicit\u00e9 de l\u2019adoration (ou de la divinit\u00e9) et l\u2019Unicit\u00e9 des Noms et Attributs. Le premier consiste \u00e0 admettre qu\u2019Allah est le Seul \u00e0 pouvoir cr\u00e9er, \u00e0 g\u00e9rer toute chose et \u00e0 pourvoir \u00e0 la subsistance de Ses Cr\u00e9atures. Ce niveau de l\u2019Unicit\u00e9 est admis m\u00eame par les polyth\u00e9istes qui reconnaissent, \u00e0 leur mani\u00e8re, que cela ne peut \u00eatre que du ressort d\u2019un dieu supr\u00eame. Le deuxi\u00e8me niveau est d\u2019adorer Allah exclusivement et reconna\u00eetre qu\u2019Il est la seule divinit\u00e9 qui m\u00e9rite d\u2019\u00eatre ador\u00e9e. C\u2019est ce niveau de l\u2019Unicit\u00e9 qui est l\u2019objet du Message divin auquel ont appel\u00e9 tous les Proph\u00e8tes et Messagers envoy\u00e9s. Il fut le sujet de divergence entre le Messager d\u2019Allah et ses d\u00e9tracteurs quraychites. Enfin, le troisi\u00e8me niveau qui consiste \u00e0 croire aux Noms et Attributs divins tel qu\u2019Allah S\u2019est d\u00e9peint dans le Saint Coran et comme Il a \u00e9t\u00e9 d\u00e9crit par Son Messager. Ces trois niveaux d\u2019Unicit\u00e9 sont r\u00e9unis dans le verset suivant : [ Car Il est le Seigneur des cieux, de la Terre et des espaces interstellaires. Adore-Le donc avec constance et patience ! Lui connais-tu un homonyme ? ] (S19, Maryam, V65)<\/p>\n<p>Le polyth\u00e9isme, qui est l\u2019oppos\u00e9 de l\u2019Unicit\u00e9, et qui consiste \u00e0 donner \u00e0 Allah un associ\u00e9 dans son adoration, appara\u00eet aussi sous diff\u00e9rentes formes : majeur et mineur du point de vue de sa gravit\u00e9, apparent et subtil du point de vue de son aspect. Tout ceci est expos\u00e9 dans ce livre, qui est de loin, l\u2019un des meilleurs ouvrages ayant trait\u00e9 de ce sujet.<\/p>\n<p>Nous prions Allah par Ses beaux Noms et par Ses honorables Attributs de nous guider, de nous donner de Ses Faveurs et de nous compter parmi Ses serviteurs vertueux ! Que la Gloire et la Louange T\u2019appartiennent, il n\u2019y a point de divinit\u00e9 digne d\u2019adoration en dehors de Toi ! Nous implorons Ton Pardon et Ta R\u00e9mission !<\/p>\n<p>Livre en version fran\u00e7aise uniquement.<\/p>\n<p>Ce livre existe \u00e9galement en\u00a0version bilingue (fran\u00e7ais\/arabe) avec pages en vis \u00e0 vis<\/p>\n<p><strong>Sommaire<\/strong><br \/>\nTableau de transcription phon\u00e9tique 3<br \/>\nOrganisation du livre 4<br \/>\nIntroduction 5<br \/>\nLe m\u00e9rite de l\u2019Unicit\u00e9 (Taw\u00c0\u00eed) 7<br \/>\nChapitre sur le m\u00e9rite de l\u2019Unicit\u00e9 et les p\u00e9ch\u00e9s qu\u2019elle expie 8<br \/>\nChapitre : Quiconque r\u00e9alise l\u2019Unicit\u00e9 entrera au Paradis sans Jugement 9<br \/>\nChapitre sur la crainte du polyth\u00e9isme 10<br \/>\nChapitre sur l\u2019appel \u00e0 l\u2019attestation de foi \u00ab\u00a0Il n\u2019y a point de divinit\u00e9 digne d\u2019adoration en dehors d\u2019Allah\u00a0\u00bb 11<br \/>\nChapitre sur l\u2019explication de l\u2019Unicit\u00e9 et de l\u2019attestation de foi \u00ab\u00a0Il n\u2019y a point de divinit\u00e9 digne d\u2019adoration en dehors d\u2019Allah\u00a0\u00bb 12<br \/>\nChapitre : Le port de l\u2019anneau, du fil (f\u00e9tiche) ou quelque chose de semblable afin de chasser le malheur ou le conjurer rel\u00e8ve du polyth\u00e9isme 12<br \/>\nChapitre sur ce qui est dit au sujet des incantations et des amulettes 13<br \/>\nChapitre sur celui qui recherche la b\u00e9n\u00e9diction aupr\u00e8s d\u2019un arbre, d\u2019une pierre ou quelque chose du genre 14<br \/>\nChapitre sur ce qui est dit au sujet du sacrifice pour autre qu\u2019Allah 15<br \/>\nChapitre : On ne sacrifie pas pour Allah \u00e0 un endroit o\u00f9 l\u2019on sacrifie pour autre que Lui 15<br \/>\nChapitre : Faire un v\u0153u \u00e0 autre qu\u2019Allah rel\u00e8ve du polyth\u00e9isme 16<br \/>\nChapitre : Chercher refuge aupr\u00e8s d\u2019un autre qu\u2019Allah rel\u00e8ve du polyth\u00e9isme 16<br \/>\nChapitre : Demander le secours \u00e0 autre qu\u2019Allah ou invoquer autre que Lui rel\u00e8ve du polyth\u00e9isme 17<br \/>\nChapitre sur la Parole d\u2019Allah le Tr\u00e8s-Haut 17<br \/>\nChapitre sur la Parole d\u2019Allah le Tr\u00e8s-Haut 18<br \/>\nChapitre sur l\u2019intercession 19<br \/>\nChapitre sur la Parole d\u2019Allah le Tr\u00e8s-Haut 21<br \/>\nChapitre sur ce qui est dit concernant la raison de la m\u00e9cr\u00e9ance des fils d\u2019\u00c2dam et du d\u00e9laissement de leur religion qui est leur exag\u00e9ration au sujet des hommes vertueux (les saints) 21<br \/>\nChapitre : L\u2019interdiction absolue d\u2019adorer Allah aupr\u00e8s d\u2019une tombe d\u2019un homme vertueux, que dire alors si on adore cet homme lui-m\u00eame ? 22<br \/>\nChapitre sur ce qui est dit concernant l\u2019exag\u00e9ration au sujet des tombes des vertueux qui finit par les rendre des idoles ador\u00e9es en dehors d\u2019Allah 24<br \/>\nChapitre : La protection du principe de l\u2019Unicit\u00e9 par l\u2019\u00e9lu (SAW) et sa fermeture de toute voie conduisant au polyth\u00e9isme 24<br \/>\nChapitre sur ce qui est dit concernant certains membres de cette communaut\u00e9 qui adorent les idoles 25<br \/>\nChapitre sur ce qui est dit au sujet de la sorcellerie 26<br \/>\nChapitre : Explication de quelques formes de sorcellerie 27<br \/>\nChapitre sur ce qui est dit au sujet des devins et de leurs semblables 28<br \/>\nChapitre sur ce qui est dit au sujet de la conjuration (an-nuch\u00faa) 29<br \/>\nChapitre sur ce qui est dit au sujet du mauvais augure 30<br \/>\nChapitre sur ce qui est dit au sujet de l\u2019astrologie 32<br \/>\nChapitre sur ce qui est dit au sujet de la demande de pluie aux astres 32<br \/>\nChapitre sur la Parole d\u2019Allah le Tr\u00e8s-Haut 34<br \/>\nChapitre sur la Parole d\u2019Allah le Tr\u00e8s-Haut 35<br \/>\nChapitre sur la Parole d\u2019Allah le Tr\u00e8s-Haut 35<br \/>\nChapitre sur la Parole d\u2019Allah le Tr\u00e8s-Haut 36<br \/>\nChapitre : Patienter face aux \u00e9preuves du Destin d\u2019Allah fait partie de la foi 36<br \/>\nChapitre sur ce qui est dit au sujet de l\u2019ostentation 37<br \/>\nChapitre : \u0152uvrer en vue d\u2019int\u00e9r\u00eats mat\u00e9riels fait partie du polyth\u00e9isme 38<br \/>\nChapitre : Celui qui ob\u00e9it aux savants et aux gouverneurs dans l\u2019interdiction de ce qu\u2019Allah a permis et dans la permission de ce qu\u2019Allah a interdit les a certes pris pour des divinit\u00e9s 38<br \/>\nChapitre sur la Parole du Tr\u00e8s-Haut 39<br \/>\nChapitre sur celui qui renie le moindre Nom ou Attribut d\u2019Allah 40<br \/>\nChapitre sur la Parole d\u2019Allah le Tr\u00e8s-Haut 40<br \/>\nChapitre sur la Parole d\u2019Allah le Tr\u00e8s-Haut 41<br \/>\nChapitre sur ce qui est dit concernant celui qui n\u2019est pas convaincu par le serment par Allah 42<br \/>\nChapitre sur la parole : \u00abSi Allah veut ainsi que toi !\u00bb 42<br \/>\nChapitre : Celui qui maudit le temps a offens\u00e9 Allah 43<br \/>\nChapitre : Se donner le nom de juge des juges ou autres titres semblables 43<br \/>\nChapitre : Respecter les Noms d\u2019Allah l\u2019Exalt\u00e9 et changer son nom en cons\u00e9quence 44<br \/>\nChapitre sur celui qui tourne en d\u00e9rision la moindre chose se r\u00e9f\u00e9rent \u00e0 Allah, au Coran ou au Messager 44<br \/>\nChapitre sur la Parole d\u2019Allah le Tr\u00e8s-Haut 45<br \/>\nChapitre sur la Parole d\u2019Allah le Tr\u00e8s-Haut 47<br \/>\nChapitre sur la Parole d\u2019Allah le Tr\u00e8s-Haut 48<br \/>\nChapitre : On ne doit pas dire : \u00abQue le Salut soit sur Allah !\u00bb 48<br \/>\nChapitre sur l\u2019expression : \u00ab\u00d4 Allah, pardonne-moi si Tu veux !\u00bb 49<br \/>\nChapitre : On ne doit pas dire : \u00abMon serviteur et ma servante ! \u00bb 49<br \/>\nChapitre : On ne doit pas rejeter celui qui nous sollicite au Nom d\u2019Allah 49<br \/>\nChapitre : On ne demande par la formule : \u00abPar la Face d\u2019Allah !\u00bb que le Paradis 50<br \/>\nChapitre sur ce qui est dit au sujet de la conjonction \u00absi\u00bb (law) 50<br \/>\nChapitre : L\u2019interdiction de maudire le vent 50<br \/>\nChapitre sur la Parole d\u2019Allah le Tr\u00e8s-Haut 51<br \/>\nChapitre sur ce qui est dit au sujet des n\u00e9gateurs de la Pr\u00e9destination 52<br \/>\nChapitre sur ce qui est dit au sujet des cr\u00e9ateurs de repr\u00e9sentations figur\u00e9es 53<br \/>\nChapitre sur ce qui est dit concernant le fait de trop jurer 54<br \/>\nChapitre sur ce qui est dit concernant le pacte \u00e9tabli au Nom d\u2019Allah et de Son Proph\u00e8te (SAW) 55<br \/>\nChapitre sur ce qui est dit concernant le fait de jurer au Nom d\u2019Allah 57<br \/>\nChapitre : On ne demande pas \u00e0 Allah d\u2019interc\u00e9der aupr\u00e8s de Ses Cr\u00e9atures 57<br \/>\nChapitre sur ce qui est dit concernant la protection par le Proph\u00e8te (SAW) du principe de l\u2019Unicit\u00e9 et sa fermeture de toute voie conduisant au polyth\u00e9isme 58<br \/>\nChapitre sur ce qui est dit concernant la Parole d\u2019Allah le Tr\u00e8s-Haut 58<br \/>\nSommaire 61<\/p>\n","protected":false},"excerpt":{"rendered":"<p>Ce pr\u00e9sent ouvrage, intitul\u00e9 le \u00abLivre du Tawh\u00eed\u00bb (Kit\u00e2b At-Tawh\u00eed), est l\u2019\u0153uvre du r\u00e9vivificateur \u00e9m\u00e9rite, le cheikh Muhammad Ibn \u2018Abdi-l-Wahh\u00e2b Ibn Sulaym\u00e2n \u00c2l Muchrif At-Tam\u00eem\u00ee (qu\u2019Allah lui fasse Mis\u00e9ricorde), n\u00e9 en 1115 de l\u2019H\u00e9gire (1703 apr. J.-C.) \u00e0 \u2018Uyayna au nord de Riyad, et d\u00e9c\u00e9d\u00e9 en 1206 de l\u2019H\u00e9gire (1791 apr. J.-C.). A l\u2019\u00e9poque de&hellip;<\/p>\n","protected":false},"featured_media":2100,"template":"","meta":[],"product_brand":[],"product_cat":[159,80,21,163],"product_tag":[],"class_list":{"0":"post-2099","1":"product","2":"type-product","3":"status-publish","4":"has-post-thumbnail","6":"product_cat-credo-doctrine","7":"product_cat-dogme","8":"product_cat-livre","9":"product_cat-monotheisme-tawhid","10":"description-off","12":"first","13":"instock","14":"shipping-taxable","15":"purchasable","16":"product-type-simple"},"jetpack_sharing_enabled":true,"_links":{"self":[{"href":"https:\/\/elouedshop.com\/index.php?rest_route=\/wp\/v2\/product\/2099","targetHints":{"allow":["GET"]}}],"collection":[{"href":"https:\/\/elouedshop.com\/index.php?rest_route=\/wp\/v2\/product"}],"about":[{"href":"https:\/\/elouedshop.com\/index.php?rest_route=\/wp\/v2\/types\/product"}],"wp:featuredmedia":[{"embeddable":true,"href":"https:\/\/elouedshop.com\/index.php?rest_route=\/wp\/v2\/media\/2100"}],"wp:attachment":[{"href":"https:\/\/elouedshop.com\/index.php?rest_route=%2Fwp%2Fv2%2Fmedia&parent=2099"}],"wp:term":[{"taxonomy":"product_brand","embeddable":true,"href":"https:\/\/elouedshop.com\/index.php?rest_route=%2Fwp%2Fv2%2Fproduct_brand&post=2099"},{"taxonomy":"product_cat","embeddable":true,"href":"https:\/\/elouedshop.com\/index.php?rest_route=%2Fwp%2Fv2%2Fproduct_cat&post=2099"},{"taxonomy":"product_tag","embeddable":true,"href":"https:\/\/elouedshop.com\/index.php?rest_route=%2Fwp%2Fv2%2Fproduct_tag&post=2099"}],"curies":[{"name":"wp","href":"https:\/\/api.w.org\/{rel}","templated":true}]}}