{"id":2096,"date":"2023-08-11T17:13:45","date_gmt":"2023-08-11T17:13:45","guid":{"rendered":"https:\/\/elouedshop.com\/?post_type=product&#038;p=2096"},"modified":"2023-10-08T13:47:52","modified_gmt":"2023-10-08T13:47:52","slug":"la-vie-des-grands-savants-de-lislam","status":"publish","type":"product","link":"https:\/\/elouedshop.com\/?product=la-vie-des-grands-savants-de-lislam","title":{"rendered":"La Vie des Grands Savants de L&rsquo;Islam"},"content":{"rendered":"<p>La conduite des savants, ayant v\u00e9cu \u00e0 une \u00e9poque proche de celle du Proph\u00e8te \ufdfa, \u00e9tait exemplaire en termes de fermet\u00e9 de foi, de d\u00e9laissement des jouissances p\u00e9rissables de la vie d&rsquo;ici-bas, et de d\u00e9vouement en vue d&rsquo;obtenir la Satisfaction d&rsquo;Allah. M\u00eame si on a \u00e9t\u00e9 priv\u00e9s de les voir de leur vivant, nous pouvons n\u00e9anmoins nous r\u00e9jouir de pouvoir lire leurs biographies et de conna\u00eetre leurs r\u00e9cits \u00e0 une \u00e9poque o\u00f9 les grands savants sinc\u00e8res et d\u00e9vou\u00e9s deviennent rares.<\/p>\n<p>Dans cette optique, ce livre retrace la vie de 21 \u00e9minents savants de l&rsquo;islam ayant contribu\u00e9, de mani\u00e8re significative, \u00e0 l&rsquo;expansion de l&rsquo;islam \u00e0 travers leur effort de r\u00e9flexion, leur qu\u00eate du savoir et leurs sacrifices.<\/p>\n<p>Vous y retrouverez les biographies des imams fondateurs des quatre plus grandes \u00e9coles de jurisprudence, celles des c\u00e9l\u00e8bres compilateurs de hadiths, mais \u00e9galement celles de diff\u00e9rents savants ayant apport\u00e9, chacun \u00e0 sa mani\u00e8re, sa pierre \u00e0 l&rsquo;\u00e9difice du savoir.<\/p>\n<p>Ce livre contient la biographie des 21 savants et \u00e9rudits suivants : \u2018Umar Ibn \u2018Abdil\u2018Az\u00eez, L\u2019Imam Al-Bukh\u00e2r\u00ee, L\u2019Imam Muslim, L\u2019Imam Ach-Ch\u00e2fi\u2018\u00ee, L\u2019Imam Ab\u00fb Han\u00eefa An-Nu\u2018m\u00e2n, L\u2019Imam M\u00e2lik Ibn Anas, L\u2019Imam Ahmad Ibn Hanbal, Al-Hasan Al-Basr\u00ee, Muhammad Ibn S\u00eer\u00een, Muhammad Ibn Jar\u00eer At-Tabar\u00ee, Ibn Al-Jawz\u00ee, L\u2019Imam At-Tabaran\u00ee, L\u2019Imam Ibn Hazm, L\u2019Imam An-Nawaw\u00ee, L\u2019Imam Ibn Taymiyya, Ibn Qayyim Al-Jawziyya, Ibn Hajar Al-\u2018Asqal\u00e2n\u00ee, Sufy\u00e2n Athawr\u00ee, \u2018Urwa Ibn Az-Zubayr, \u2018Abdull\u00e2h Ibn Al-Mub\u00e2rak, Al-\u2018Izz Ibn \u2018Abd As-Sal\u00e2m.<\/p>\n","protected":false},"excerpt":{"rendered":"<p>La conduite des savants, ayant v\u00e9cu \u00e0 une \u00e9poque proche de celle du Proph\u00e8te \ufdfa, \u00e9tait exemplaire en termes de fermet\u00e9 de foi, de d\u00e9laissement des jouissances p\u00e9rissables de la vie d&rsquo;ici-bas, et de d\u00e9vouement en vue d&rsquo;obtenir la Satisfaction d&rsquo;Allah. M\u00eame si on a \u00e9t\u00e9 priv\u00e9s de les voir de leur vivant, nous pouvons&hellip;<\/p>\n","protected":false},"featured_media":2097,"template":"","meta":[],"product_brand":[],"product_cat":[65,21,71,69],"product_tag":[],"class_list":{"0":"post-2096","1":"product","2":"type-product","3":"status-publish","4":"has-post-thumbnail","6":"product_cat-biographies","7":"product_cat-livre","8":"product_cat-personnages-illustres","9":"product_cat-savants-erudits","10":"description-off","12":"first","13":"instock","14":"shipping-taxable","15":"purchasable","16":"product-type-simple"},"jetpack_sharing_enabled":true,"_links":{"self":[{"href":"https:\/\/elouedshop.com\/index.php?rest_route=\/wp\/v2\/product\/2096","targetHints":{"allow":["GET"]}}],"collection":[{"href":"https:\/\/elouedshop.com\/index.php?rest_route=\/wp\/v2\/product"}],"about":[{"href":"https:\/\/elouedshop.com\/index.php?rest_route=\/wp\/v2\/types\/product"}],"wp:featuredmedia":[{"embeddable":true,"href":"https:\/\/elouedshop.com\/index.php?rest_route=\/wp\/v2\/media\/2097"}],"wp:attachment":[{"href":"https:\/\/elouedshop.com\/index.php?rest_route=%2Fwp%2Fv2%2Fmedia&parent=2096"}],"wp:term":[{"taxonomy":"product_brand","embeddable":true,"href":"https:\/\/elouedshop.com\/index.php?rest_route=%2Fwp%2Fv2%2Fproduct_brand&post=2096"},{"taxonomy":"product_cat","embeddable":true,"href":"https:\/\/elouedshop.com\/index.php?rest_route=%2Fwp%2Fv2%2Fproduct_cat&post=2096"},{"taxonomy":"product_tag","embeddable":true,"href":"https:\/\/elouedshop.com\/index.php?rest_route=%2Fwp%2Fv2%2Fproduct_tag&post=2096"}],"curies":[{"name":"wp","href":"https:\/\/api.w.org\/{rel}","templated":true}]}}